 {"id":759,"date":"2021-10-29T10:47:56","date_gmt":"2021-10-29T08:47:56","guid":{"rendered":"https:\/\/blogs.univ-tlse2.fr\/espaces-audiovisuels\/?page_id=759"},"modified":"2021-11-07T21:19:48","modified_gmt":"2021-11-07T20:19:48","slug":"gwenaele-rot","status":"publish","type":"page","link":"https:\/\/blogs.univ-tlse2.fr\/espaces-audiovisuels\/gwenaele-rot\/","title":{"rendered":"Gwena\u00eble ROT"},"content":{"rendered":"\n<p class=\"has-text-align-center\"><span style=\"color:#3ace6b\" class=\"has-inline-color\">Intervention mardi 16 nov. \u00e0 9h00<\/span><br><span style=\"color:#3ace6b\" class=\"has-inline-color\"><strong>Avant-propos session 3 &#8211; Repr\u00e9senter l&rsquo;espace : interactions di\u00e9g\u00e9tiques et pratiques narratives<\/strong><\/span><\/p>\n\n\n\n<p><span class=\"has-inline-color has-black-color\">.<\/span><\/p>\n\n\n\n<p><strong><span style=\"color:#7891e2\" class=\"has-inline-color\">Gwena\u00eble ROT <\/span><\/strong><span class=\"has-inline-color has-white-color\">est Professeure des Universit\u00e9s \u00e0 Sciences Po en&nbsp;Sociologie du travail, Sociologie des entreprises, Sociologie des organisations.<\/span><\/p>\n\n\n\n<p><\/p>\n\n\n\n<p class=\"has-text-align-center\"><a rel=\"noreferrer noopener\" href=\"https:\/\/www.sciencespo.fr\/cso\/fr\/chercheur\/Gwena%C3%ABle%20Rot\/833.html\" target=\"_blank\"><span class=\"has-inline-color has-vivid-cyan-blue-color\">Fiche d\u00e9taill\u00e9e<\/span><\/a><\/p>\n\n\n\n<p><span class=\"has-inline-color has-black-color\">.<\/span><\/p>\n\n\n\n<p><span class=\"has-inline-color has-black-color\">.<\/span><\/p>\n\n\n\n<p><\/p>\n","protected":false},"excerpt":{"rendered":"<p>Intervention mardi 16 nov. \u00e0 9h00Avant-propos session 3 &#8211; Repr\u00e9senter l&rsquo;espace : interactions di\u00e9g\u00e9tiques et pratiques narratives . Gwena\u00eble ROT est Professeure des Universit\u00e9s \u00e0 Sciences Po en&nbsp;Sociologie du travail, Sociologie des entreprises, Sociologie des organisations. Fiche d\u00e9taill\u00e9e . .<\/p>\n","protected":false},"author":963,"featured_media":303,"parent":0,"menu_order":0,"comment_status":"closed","ping_status":"closed","template":"","meta":{"footnotes":""},"class_list":["post-759","page","type-page","status-publish","has-post-thumbnail"],"_links":{"self":[{"href":"https:\/\/blogs.univ-tlse2.fr\/espaces-audiovisuels\/wp-json\/wp\/v2\/pages\/759","targetHints":{"allow":["GET"]}}],"collection":[{"href":"https:\/\/blogs.univ-tlse2.fr\/espaces-audiovisuels\/wp-json\/wp\/v2\/pages"}],"about":[{"href":"https:\/\/blogs.univ-tlse2.fr\/espaces-audiovisuels\/wp-json\/wp\/v2\/types\/page"}],"author":[{"embeddable":true,"href":"https:\/\/blogs.univ-tlse2.fr\/espaces-audiovisuels\/wp-json\/wp\/v2\/users\/963"}],"replies":[{"embeddable":true,"href":"https:\/\/blogs.univ-tlse2.fr\/espaces-audiovisuels\/wp-json\/wp\/v2\/comments?post=759"}],"version-history":[{"count":6,"href":"https:\/\/blogs.univ-tlse2.fr\/espaces-audiovisuels\/wp-json\/wp\/v2\/pages\/759\/revisions"}],"predecessor-version":[{"id":899,"href":"https:\/\/blogs.univ-tlse2.fr\/espaces-audiovisuels\/wp-json\/wp\/v2\/pages\/759\/revisions\/899"}],"wp:featuredmedia":[{"embeddable":true,"href":"https:\/\/blogs.univ-tlse2.fr\/espaces-audiovisuels\/wp-json\/wp\/v2\/media\/303"}],"wp:attachment":[{"href":"https:\/\/blogs.univ-tlse2.fr\/espaces-audiovisuels\/wp-json\/wp\/v2\/media?parent=759"}],"curies":[{"name":"wp","href":"https:\/\/api.w.org\/{rel}","templated":true}]}}