 {"id":772,"date":"2021-10-29T10:54:56","date_gmt":"2021-10-29T08:54:56","guid":{"rendered":"https:\/\/blogs.univ-tlse2.fr\/espaces-audiovisuels\/?page_id=772"},"modified":"2021-11-07T21:19:21","modified_gmt":"2021-11-07T20:19:21","slug":"laurent-lescop","status":"publish","type":"page","link":"https:\/\/blogs.univ-tlse2.fr\/espaces-audiovisuels\/laurent-lescop\/","title":{"rendered":"Laurent LESCOP"},"content":{"rendered":"\n<p class=\"has-text-align-center\"><span style=\"color:#3ace6b\" class=\"has-inline-color\">Intervention mardi 16 nov. \u00e0 14h00<\/span><br><span style=\"color:#3ace6b\" class=\"has-inline-color\"><strong>Avant-propos session 4 &#8211; Percevoir un espace filmique : <em>dans<\/em> et <em>hors<\/em> le film<\/strong><\/span><\/p>\n\n\n\n<p><span class=\"has-inline-color has-black-color\">.<\/span><\/p>\n\n\n\n<p class=\"has-white-color has-text-color\"><strong><span style=\"color:#7891e2\" class=\"has-inline-color\">Laurent LESCOP<\/span><\/strong> est architecte et professeur \u00e0 l&rsquo;ENS d&rsquo;Architecture de Nantes.<\/p>\n\n\n\n<p><\/p>\n\n\n\n<p class=\"has-text-align-center\"><a href=\"https:\/\/aau.archi.fr\/equipe\/lescop-laurent\/\" target=\"_blank\" rel=\"noreferrer noopener\"><span class=\"has-inline-color has-vivid-cyan-blue-color\">Fiche d\u00e9taill\u00e9e<\/span><\/a><\/p>\n\n\n\n<p><span class=\"has-inline-color has-black-color\">.<\/span><\/p>\n\n\n\n<p><span class=\"has-inline-color has-black-color\">.<\/span><\/p>\n","protected":false},"excerpt":{"rendered":"<p>Intervention mardi 16 nov. \u00e0 14h00Avant-propos session 4 &#8211; Percevoir un espace filmique : dans et hors le film . Laurent LESCOP est architecte et professeur \u00e0 l&rsquo;ENS d&rsquo;Architecture de Nantes. Fiche d\u00e9taill\u00e9e . .<\/p>\n","protected":false},"author":963,"featured_media":303,"parent":0,"menu_order":0,"comment_status":"closed","ping_status":"closed","template":"","meta":{"footnotes":""},"class_list":["post-772","page","type-page","status-publish","has-post-thumbnail"],"_links":{"self":[{"href":"https:\/\/blogs.univ-tlse2.fr\/espaces-audiovisuels\/wp-json\/wp\/v2\/pages\/772","targetHints":{"allow":["GET"]}}],"collection":[{"href":"https:\/\/blogs.univ-tlse2.fr\/espaces-audiovisuels\/wp-json\/wp\/v2\/pages"}],"about":[{"href":"https:\/\/blogs.univ-tlse2.fr\/espaces-audiovisuels\/wp-json\/wp\/v2\/types\/page"}],"author":[{"embeddable":true,"href":"https:\/\/blogs.univ-tlse2.fr\/espaces-audiovisuels\/wp-json\/wp\/v2\/users\/963"}],"replies":[{"embeddable":true,"href":"https:\/\/blogs.univ-tlse2.fr\/espaces-audiovisuels\/wp-json\/wp\/v2\/comments?post=772"}],"version-history":[{"count":3,"href":"https:\/\/blogs.univ-tlse2.fr\/espaces-audiovisuels\/wp-json\/wp\/v2\/pages\/772\/revisions"}],"predecessor-version":[{"id":898,"href":"https:\/\/blogs.univ-tlse2.fr\/espaces-audiovisuels\/wp-json\/wp\/v2\/pages\/772\/revisions\/898"}],"wp:featuredmedia":[{"embeddable":true,"href":"https:\/\/blogs.univ-tlse2.fr\/espaces-audiovisuels\/wp-json\/wp\/v2\/media\/303"}],"wp:attachment":[{"href":"https:\/\/blogs.univ-tlse2.fr\/espaces-audiovisuels\/wp-json\/wp\/v2\/media?parent=772"}],"curies":[{"name":"wp","href":"https:\/\/api.w.org\/{rel}","templated":true}]}}