 {"id":783,"date":"2021-10-29T11:12:06","date_gmt":"2021-10-29T09:12:06","guid":{"rendered":"https:\/\/blogs.univ-tlse2.fr\/espaces-audiovisuels\/?page_id=783"},"modified":"2021-11-02T17:21:03","modified_gmt":"2021-11-02T16:21:03","slug":"serge-cardinal","status":"publish","type":"page","link":"https:\/\/blogs.univ-tlse2.fr\/espaces-audiovisuels\/serge-cardinal\/","title":{"rendered":"Serge CARDINAL"},"content":{"rendered":"\n<p><span class=\"has-inline-color has-black-color\">.<\/span><\/p>\n\n\n\n<p><span style=\"color:#7891e2\" class=\"has-inline-color\">Serge Cardinal<\/span> <span class=\"has-inline-color has-white-color\">est professeur titulaire au d\u00e9partement d\u2019histoire de l\u2019art et d\u2019\u00e9tudes cin\u00e9matographiques de l\u2019universit\u00e9 de Montr\u00e9al. Ses recherches portent sur les dimensions sonores et musicales des arts m\u00e9diatiques, et sur les philosophies du cin\u00e9ma. Il codirige un laboratoire de recherche-cr\u00e9ation \u2013<\/span>\u00a0<a rel=\"noreferrer noopener\" href=\"http:\/\/www.creationsonore.ca\/\" target=\"_blank\"><span class=\"has-inline-color has-vivid-cyan-blue-color\">www.creationsonore.ca<\/span><\/a>\u00a0<span class=\"has-inline-color has-white-color\">\u2013 associ\u00e9 \u00e0 l\u2019Observatoire interdisciplinaire de cr\u00e9ation et de recherche en musique (OICRM). Il a notamment publi\u00e9\u00a0<em>Profondeurs de l&rsquo;\u00e9coute et espaces du son. Cin\u00e9ma, radio, musique<\/em>\u00a0(PUS, 2018) et\u00a0<em>Deleuze au cin\u00e9ma\u00a0<\/em>(PUL, 2010)\u00a0; il a r\u00e9alis\u00e9 plusieurs films et vid\u00e9os dont\u00a0<em>La biblioth\u00e8que entre deux feux<\/em>\u00a0(2002),\u00a0<em>Bienvenue au conseil d\u2019administration<\/em>\u00a0(2007),\u00a0<em>Outward Bound<\/em>\u00a0(2012) et\u00a0<em>L&rsquo;art et le t\u00e9l\u00e9phone<\/em>\u00a0(2015)\u00a0; il vient de r\u00e9aliser une installation\u00a0:\u00a0<em>Tombeau de Gilles Groulx, ou l&rsquo;enterrement de la recherche-cr\u00e9ation (par une \u00e9pellation mim\u00e9tique)<\/em>.<\/span><\/p>\n\n\n\n<p><span class=\"has-inline-color has-black-color\">.<\/span><\/p>\n\n\n\n<p><span class=\"has-inline-color has-black-color\">.<\/span><\/p>\n","protected":false},"excerpt":{"rendered":"<p>. Serge Cardinal est professeur titulaire au d\u00e9partement d\u2019histoire de l\u2019art et d\u2019\u00e9tudes cin\u00e9matographiques de l\u2019universit\u00e9 de Montr\u00e9al. Ses recherches portent sur les dimensions sonores et musicales des arts m\u00e9diatiques, et sur les philosophies du cin\u00e9ma. Il codirige un laboratoire de recherche-cr\u00e9ation \u2013\u00a0www.creationsonore.ca\u00a0\u2013 associ\u00e9 \u00e0 l\u2019Observatoire interdisciplinaire de cr\u00e9ation et de recherche en musique (OICRM). Il a notamment publi\u00e9\u00a0Profondeurs de l&rsquo;\u00e9coute et espaces du son. Cin\u00e9ma, radio, musique\u00a0(PUS, 2018) et\u00a0Deleuze au cin\u00e9ma\u00a0(PUL, 2010)\u00a0; il a r\u00e9alis\u00e9 plusieurs films et vid\u00e9os dont\u00a0La biblioth\u00e8que entre deux feux\u00a0(2002),\u00a0Bienvenue au conseil d\u2019administration\u00a0(2007),\u00a0Outward Bound\u00a0(2012) et\u00a0L&rsquo;art et le t\u00e9l\u00e9phone\u00a0(2015)\u00a0; il vient de r\u00e9aliser une installation\u00a0:\u00a0Tombeau de Gilles Groulx, ou l&rsquo;enterrement de la recherche-cr\u00e9ation (par une \u00e9pellation mim\u00e9tique). . .<\/p>\n","protected":false},"author":963,"featured_media":303,"parent":0,"menu_order":0,"comment_status":"closed","ping_status":"closed","template":"","meta":{"footnotes":""},"class_list":["post-783","page","type-page","status-publish","has-post-thumbnail"],"_links":{"self":[{"href":"https:\/\/blogs.univ-tlse2.fr\/espaces-audiovisuels\/wp-json\/wp\/v2\/pages\/783","targetHints":{"allow":["GET"]}}],"collection":[{"href":"https:\/\/blogs.univ-tlse2.fr\/espaces-audiovisuels\/wp-json\/wp\/v2\/pages"}],"about":[{"href":"https:\/\/blogs.univ-tlse2.fr\/espaces-audiovisuels\/wp-json\/wp\/v2\/types\/page"}],"author":[{"embeddable":true,"href":"https:\/\/blogs.univ-tlse2.fr\/espaces-audiovisuels\/wp-json\/wp\/v2\/users\/963"}],"replies":[{"embeddable":true,"href":"https:\/\/blogs.univ-tlse2.fr\/espaces-audiovisuels\/wp-json\/wp\/v2\/comments?post=783"}],"version-history":[{"count":2,"href":"https:\/\/blogs.univ-tlse2.fr\/espaces-audiovisuels\/wp-json\/wp\/v2\/pages\/783\/revisions"}],"predecessor-version":[{"id":850,"href":"https:\/\/blogs.univ-tlse2.fr\/espaces-audiovisuels\/wp-json\/wp\/v2\/pages\/783\/revisions\/850"}],"wp:featuredmedia":[{"embeddable":true,"href":"https:\/\/blogs.univ-tlse2.fr\/espaces-audiovisuels\/wp-json\/wp\/v2\/media\/303"}],"wp:attachment":[{"href":"https:\/\/blogs.univ-tlse2.fr\/espaces-audiovisuels\/wp-json\/wp\/v2\/media?parent=783"}],"curies":[{"name":"wp","href":"https:\/\/api.w.org\/{rel}","templated":true}]}}