 {"id":785,"date":"2021-10-29T11:13:02","date_gmt":"2021-10-29T09:13:02","guid":{"rendered":"https:\/\/blogs.univ-tlse2.fr\/espaces-audiovisuels\/?page_id=785"},"modified":"2021-11-02T17:15:20","modified_gmt":"2021-11-02T16:15:20","slug":"camille-gendrault","status":"publish","type":"page","link":"https:\/\/blogs.univ-tlse2.fr\/espaces-audiovisuels\/camille-gendrault\/","title":{"rendered":"Camille GENDRAULT"},"content":{"rendered":"\n<p><span class=\"has-inline-color has-black-color\">.<\/span><\/p>\n\n\n\n<p><span class=\"has-inline-color has-black-color\">.<\/span><\/p>\n\n\n\n<p><span style=\"color:#7891e2\" class=\"has-inline-color\"><strong>Camille Gendrault<\/strong><\/span> <span class=\"has-inline-color has-white-color\">est ma\u00eetresse de conf\u00e9rence en Cin\u00e9ma et audiovisuel \u00e0 l\u2019Universit\u00e9 Bordeaux Montaigne. Ses recherches et publications ont \u00e9t\u00e9 consacr\u00e9es principalement \u00e0 l\u2019analyse des lieux et paysages urbains, dans le cin\u00e9ma italien surtout et napolitain en particulier, mais sans exclusive, ainsi qu\u2019\u00e0 l\u2019intervention du motif frontalier dans les films et, plus ponctuellement, aux questions interculturelles soulev\u00e9es par le ph\u00e9nom\u00e8ne des coproductions entre France et Italie, avec l\u2019aide des \u00e9tudes de r\u00e9ception.<br>Elle est notamment l\u2019auteure de Voir Naples\u00a0?\u00a0Le cin\u00e9ma et la ville\u00a0: mutations de fin de si\u00e8cle (Paris, L\u2019Harmattan, 2017).<br>Actuellement, elle est responsable du programme de recherche VisionNAge(s), consacr\u00e9 aux fictions tourn\u00e9es en Nouvelle-Aquitaine depuis 2004 <\/span>(<a rel=\"noreferrer noopener\" href=\"https:\/\/visionnages.hypotheses.org\/\" target=\"_blank\"><span class=\"has-inline-color has-vivid-cyan-blue-color\">https:\/\/visionnages.hypotheses.org\/<\/span><\/a>).<\/p>\n\n\n\n<p><span class=\"has-inline-color has-black-color\">.<\/span><\/p>\n\n\n\n<p><span class=\"has-inline-color has-black-color\">.<\/span><\/p>\n","protected":false},"excerpt":{"rendered":"<p>. . Camille Gendrault est ma\u00eetresse de conf\u00e9rence en Cin\u00e9ma et audiovisuel \u00e0 l\u2019Universit\u00e9 Bordeaux Montaigne. Ses recherches et publications ont \u00e9t\u00e9 consacr\u00e9es principalement \u00e0 l\u2019analyse des lieux et paysages urbains, dans le cin\u00e9ma italien surtout et napolitain en particulier, mais sans exclusive, ainsi qu\u2019\u00e0 l\u2019intervention du motif frontalier dans les films et, plus ponctuellement, aux questions interculturelles soulev\u00e9es par le ph\u00e9nom\u00e8ne des coproductions entre France et Italie, avec l\u2019aide des \u00e9tudes de r\u00e9ception.Elle est notamment l\u2019auteure de Voir Naples\u00a0?\u00a0Le cin\u00e9ma et la ville\u00a0: mutations de fin de si\u00e8cle (Paris, L\u2019Harmattan, 2017).Actuellement, elle est responsable du programme de recherche VisionNAge(s), consacr\u00e9 aux fictions tourn\u00e9es en Nouvelle-Aquitaine depuis 2004 (https:\/\/visionnages.hypotheses.org\/). . .<\/p>\n","protected":false},"author":963,"featured_media":303,"parent":0,"menu_order":0,"comment_status":"closed","ping_status":"closed","template":"","meta":{"footnotes":""},"class_list":["post-785","page","type-page","status-publish","has-post-thumbnail"],"_links":{"self":[{"href":"https:\/\/blogs.univ-tlse2.fr\/espaces-audiovisuels\/wp-json\/wp\/v2\/pages\/785","targetHints":{"allow":["GET"]}}],"collection":[{"href":"https:\/\/blogs.univ-tlse2.fr\/espaces-audiovisuels\/wp-json\/wp\/v2\/pages"}],"about":[{"href":"https:\/\/blogs.univ-tlse2.fr\/espaces-audiovisuels\/wp-json\/wp\/v2\/types\/page"}],"author":[{"embeddable":true,"href":"https:\/\/blogs.univ-tlse2.fr\/espaces-audiovisuels\/wp-json\/wp\/v2\/users\/963"}],"replies":[{"embeddable":true,"href":"https:\/\/blogs.univ-tlse2.fr\/espaces-audiovisuels\/wp-json\/wp\/v2\/comments?post=785"}],"version-history":[{"count":3,"href":"https:\/\/blogs.univ-tlse2.fr\/espaces-audiovisuels\/wp-json\/wp\/v2\/pages\/785\/revisions"}],"predecessor-version":[{"id":846,"href":"https:\/\/blogs.univ-tlse2.fr\/espaces-audiovisuels\/wp-json\/wp\/v2\/pages\/785\/revisions\/846"}],"wp:featuredmedia":[{"embeddable":true,"href":"https:\/\/blogs.univ-tlse2.fr\/espaces-audiovisuels\/wp-json\/wp\/v2\/media\/303"}],"wp:attachment":[{"href":"https:\/\/blogs.univ-tlse2.fr\/espaces-audiovisuels\/wp-json\/wp\/v2\/media?parent=785"}],"curies":[{"name":"wp","href":"https:\/\/api.w.org\/{rel}","templated":true}]}}