 {"id":799,"date":"2021-10-29T11:26:03","date_gmt":"2021-10-29T09:26:03","guid":{"rendered":"https:\/\/blogs.univ-tlse2.fr\/espaces-audiovisuels\/?page_id=799"},"modified":"2021-11-05T15:25:49","modified_gmt":"2021-11-05T14:25:49","slug":"matilda-holloway","status":"publish","type":"page","link":"https:\/\/blogs.univ-tlse2.fr\/espaces-audiovisuels\/matilda-holloway\/","title":{"rendered":"Matilda HOLLOWAY"},"content":{"rendered":"\n<p><span class=\"has-inline-color has-black-color\">.<\/span><\/p>\n\n\n\n<p><strong><span style=\"color:#7891e2\" class=\"has-inline-color\">Matilda Holloway<\/span><\/strong>\u00a0<span class=\"has-inline-color has-white-color\">est artiste visuelle et traductrice litt\u00e9raire et audiovisuelle. Originaire de Londres, elle vit en France depuis l\u2019an 2000. Titulaire de dipl\u00f4mes en sciences du langage et en recherche et exp\u00e9rimentation audiovisuelle, elle m\u00e8ne depuis 2017 un doctorat de recherche-cr\u00e9ation \u00e0 l\u2019Universit\u00e9 Toulouse Jean Jaur\u00e8s (Lara Seppia &amp; Erraphis). Sa th\u00e8se s\u2019int\u00e9resse \u00e0 la dimension h\u00e9t\u00e9rotopique du m\u00e9dium audiovisuel, son potentiel \u00e0 faire d\u00e9couvrir et \u00e0 cr\u00e9er des espaces autres. S\u2019inspirant du genre de la science-fiction et de l\u2019imaginaire du roman gothique anglais comme du fantastique, sa pratique exp\u00e9rimente les modes narratifs, questionne nos modes de perception et concerne de mani\u00e8re plus g\u00e9n\u00e9rale les mani\u00e8res dont le rapport humain au monde peut \u00eatre repens\u00e9 \u00e0 l\u2019\u00e9poque contemporaine. Elle vit et travaille \u00e0 Toulouse.<\/span><\/p>\n\n\n\n<p><span class=\"has-inline-color has-black-color\">.<\/span><br><a rel=\"noreferrer noopener\" href=\"http:\/\/www.matildaholloway.com\/\" target=\"_blank\"><span class=\"has-inline-color has-vivid-cyan-blue-color\">www.matildaholloway.com<\/span><\/a><\/p>\n\n\n\n<p><span class=\"has-inline-color has-black-color\">.<\/span><\/p>\n\n\n\n<p><span class=\"has-inline-color has-black-color\">.<\/span><\/p>\n","protected":false},"excerpt":{"rendered":"<p>. Matilda Holloway\u00a0est artiste visuelle et traductrice litt\u00e9raire et audiovisuelle. Originaire de Londres, elle vit en France depuis l\u2019an 2000. Titulaire de dipl\u00f4mes en sciences du langage et en recherche et exp\u00e9rimentation audiovisuelle, elle m\u00e8ne depuis 2017 un doctorat de recherche-cr\u00e9ation \u00e0 l\u2019Universit\u00e9 Toulouse Jean Jaur\u00e8s (Lara Seppia &amp; Erraphis). Sa th\u00e8se s\u2019int\u00e9resse \u00e0 la dimension h\u00e9t\u00e9rotopique du m\u00e9dium audiovisuel, son potentiel \u00e0 faire d\u00e9couvrir et \u00e0 cr\u00e9er des espaces autres. S\u2019inspirant du genre de la science-fiction et de l\u2019imaginaire du roman gothique anglais comme du fantastique, sa pratique exp\u00e9rimente les modes narratifs, questionne nos modes de perception et concerne de mani\u00e8re plus g\u00e9n\u00e9rale les mani\u00e8res dont le rapport humain au monde peut \u00eatre repens\u00e9 \u00e0 l\u2019\u00e9poque contemporaine. Elle vit et travaille \u00e0 Toulouse. .www.matildaholloway.com . .<\/p>\n","protected":false},"author":963,"featured_media":303,"parent":0,"menu_order":0,"comment_status":"closed","ping_status":"closed","template":"","meta":{"footnotes":""},"class_list":["post-799","page","type-page","status-publish","has-post-thumbnail"],"_links":{"self":[{"href":"https:\/\/blogs.univ-tlse2.fr\/espaces-audiovisuels\/wp-json\/wp\/v2\/pages\/799","targetHints":{"allow":["GET"]}}],"collection":[{"href":"https:\/\/blogs.univ-tlse2.fr\/espaces-audiovisuels\/wp-json\/wp\/v2\/pages"}],"about":[{"href":"https:\/\/blogs.univ-tlse2.fr\/espaces-audiovisuels\/wp-json\/wp\/v2\/types\/page"}],"author":[{"embeddable":true,"href":"https:\/\/blogs.univ-tlse2.fr\/espaces-audiovisuels\/wp-json\/wp\/v2\/users\/963"}],"replies":[{"embeddable":true,"href":"https:\/\/blogs.univ-tlse2.fr\/espaces-audiovisuels\/wp-json\/wp\/v2\/comments?post=799"}],"version-history":[{"count":2,"href":"https:\/\/blogs.univ-tlse2.fr\/espaces-audiovisuels\/wp-json\/wp\/v2\/pages\/799\/revisions"}],"predecessor-version":[{"id":888,"href":"https:\/\/blogs.univ-tlse2.fr\/espaces-audiovisuels\/wp-json\/wp\/v2\/pages\/799\/revisions\/888"}],"wp:featuredmedia":[{"embeddable":true,"href":"https:\/\/blogs.univ-tlse2.fr\/espaces-audiovisuels\/wp-json\/wp\/v2\/media\/303"}],"wp:attachment":[{"href":"https:\/\/blogs.univ-tlse2.fr\/espaces-audiovisuels\/wp-json\/wp\/v2\/media?parent=799"}],"curies":[{"name":"wp","href":"https:\/\/api.w.org\/{rel}","templated":true}]}}