 {"id":802,"date":"2021-10-29T11:27:06","date_gmt":"2021-10-29T09:27:06","guid":{"rendered":"https:\/\/blogs.univ-tlse2.fr\/espaces-audiovisuels\/?page_id=802"},"modified":"2021-11-02T17:33:20","modified_gmt":"2021-11-02T16:33:20","slug":"camille-pierre","status":"publish","type":"page","link":"https:\/\/blogs.univ-tlse2.fr\/espaces-audiovisuels\/camille-pierre\/","title":{"rendered":"Camille PIERRE"},"content":{"rendered":"\n<p><span class=\"has-inline-color has-black-color\">.<\/span><\/p>\n\n\n\n<p><span style=\"color:#7891e2\" class=\"has-inline-color\">Camille Pierre <\/span><span class=\"has-inline-color has-white-color\">est doctorante en cin\u00e9ma \u00e0 l\u2019Universit\u00e9 de Toulouse II Jean Jaur\u00e8s. Elle d\u00e9tient une ma\u00eetrise en recherche-exp\u00e9rimentation et en cr\u00e9ation sonore, obtenue aupr\u00e8s de l\u2019ENSAV (Ecole Nationale Sup\u00e9rieure d\u2019AudioVisuel) ainsi qu\u2019une ma\u00eetrise en th\u00e9\u00e2tre et performance, obtenue aupr\u00e8s de l\u2019Universiteit Van Amsterdam (Pays-Bas).<br>Ses recherches portent sur la collaboration entre les diff\u00e9rents intervenants qui travaillent le son des films et sur la notion de cr\u00e9ation collective.<\/span><\/p>\n\n\n\n<p><span class=\"has-inline-color has-black-color\">.<\/span><\/p>\n\n\n\n<p><strong><span style=\"color:#7891e2\" class=\"has-inline-color\">Publications<\/span><\/strong><br><span style=\"color:#b8baba\" class=\"has-inline-color\">\u00ab\u00a0Voix trafiqu\u00e9es au cin\u00e9ma : un rappel aux normes \u00ab\u00a0, Semen n\u00b0 51 &#8211; Mat\u00e9rialit\u00e9s vocales : voix, genre et m\u00e9dias, Marl\u00e8ne Coulomb-Gully, Giuseppina Sappio, Laetitia Biscarrat, 2022 (\u00e0 para\u00eetre)<\/span><\/p>\n\n\n\n<p><span style=\"color:#b8baba\" class=\"has-inline-color\">\u00ab\u00a0Manier le Cantar : la mise en oeuvre d\u2019un geste de travail\u00a0\u00bb et \u00ab\u00a0Le Son Cantar : entretien avec Jean-Pierre Duret\u00a0\u00bb, Cahiers Louis Lumi\u00e8re n\u00b014 &#8211; Aaton, le cin\u00e9ma r\u00e9invent\u00e9, Gilles Mou\u00ebllic, Giusy Pisano, 2021<\/span><\/p>\n\n\n\n<p><span style=\"color:#b8baba\" class=\"has-inline-color\">\u00ab Autour de l\u2019acteur.rice et l\u2019\u00e9quipe de film. Entretien avec Nicolas Cantin \u00bb, Cr\u00e9ation Collective au Cin\u00e9ma n\u00b04 &#8211; La place des acteurs et des actrices dans l\u2019\u00e9quipe du film, B\u00e9r\u00e9nice Bonhomme, Paul Lacoste, 2021<\/span><\/p>\n\n\n\n<p><span style=\"color:#b8baba\" class=\"has-inline-color\">\u00ab I Philip : analyse du r\u00f4le de la bande son dans le partage du \u201cje\u201d \u00bb, Entrelacs n\u00b017 &#8211; Enjeux Audiovisuels du cin\u00e9ma 360\u00b0, Manuel Siabato, 2020<\/span><\/p>\n\n\n\n<p><span style=\"color:#b8baba\" class=\"has-inline-color\">\u00ab Le Chef op\u00e9rateur du son \u00e0 l\u2019\u00e8re du num\u00e9rique : une profession face \u00e0 de nouveaux enjeux techniques et esth\u00e9tiques \u00bb, Mise au Point n\u00b012 &#8211; De l\u2019\u00e9criture aux \u00e9crans : les effets du num\u00e9rique sur les m\u00e9tiers et les qualifications professionnelles, Martin Barnier, B\u00e9r\u00e9nice Bonhomme, Kira Kitsopanidou, 2019<\/span><\/p>\n\n\n\n<p><span class=\"has-inline-color has-black-color\">.<\/span><\/p>\n\n\n\n<p><span class=\"has-inline-color has-black-color\">.<\/span><\/p>\n","protected":false},"excerpt":{"rendered":"<p>. Camille Pierre est doctorante en cin\u00e9ma \u00e0 l\u2019Universit\u00e9 de Toulouse II Jean Jaur\u00e8s. Elle d\u00e9tient une ma\u00eetrise en recherche-exp\u00e9rimentation et en cr\u00e9ation sonore, obtenue aupr\u00e8s de l\u2019ENSAV (Ecole Nationale Sup\u00e9rieure d\u2019AudioVisuel) ainsi qu\u2019une ma\u00eetrise en th\u00e9\u00e2tre et performance, obtenue aupr\u00e8s de l\u2019Universiteit Van Amsterdam (Pays-Bas).Ses recherches portent sur la collaboration entre les diff\u00e9rents intervenants qui travaillent le son des films et sur la notion de cr\u00e9ation collective. . Publications\u00ab\u00a0Voix trafiqu\u00e9es au cin\u00e9ma : un rappel aux normes \u00ab\u00a0, Semen n\u00b0 51 &#8211; Mat\u00e9rialit\u00e9s vocales : voix, genre et m\u00e9dias, Marl\u00e8ne Coulomb-Gully, Giuseppina Sappio, Laetitia Biscarrat, 2022 (\u00e0 para\u00eetre) \u00ab\u00a0Manier le Cantar : la mise en oeuvre d\u2019un geste de travail\u00a0\u00bb et \u00ab\u00a0Le Son Cantar : entretien avec Jean-Pierre Duret\u00a0\u00bb, Cahiers Louis Lumi\u00e8re n\u00b014 &#8211; Aaton, le cin\u00e9ma r\u00e9invent\u00e9, Gilles Mou\u00ebllic, Giusy Pisano, 2021 \u00ab Autour de l\u2019acteur.rice et l\u2019\u00e9quipe de film. Entretien avec Nicolas Cantin \u00bb, Cr\u00e9ation Collective au&hellip;<\/p>\n<p> <a class=\"more-link\" href=\"https:\/\/blogs.univ-tlse2.fr\/espaces-audiovisuels\/camille-pierre\/\">Lire la suite<\/a><\/p>\n","protected":false},"author":963,"featured_media":303,"parent":0,"menu_order":0,"comment_status":"closed","ping_status":"closed","template":"","meta":{"footnotes":""},"class_list":["post-802","page","type-page","status-publish","has-post-thumbnail"],"_links":{"self":[{"href":"https:\/\/blogs.univ-tlse2.fr\/espaces-audiovisuels\/wp-json\/wp\/v2\/pages\/802","targetHints":{"allow":["GET"]}}],"collection":[{"href":"https:\/\/blogs.univ-tlse2.fr\/espaces-audiovisuels\/wp-json\/wp\/v2\/pages"}],"about":[{"href":"https:\/\/blogs.univ-tlse2.fr\/espaces-audiovisuels\/wp-json\/wp\/v2\/types\/page"}],"author":[{"embeddable":true,"href":"https:\/\/blogs.univ-tlse2.fr\/espaces-audiovisuels\/wp-json\/wp\/v2\/users\/963"}],"replies":[{"embeddable":true,"href":"https:\/\/blogs.univ-tlse2.fr\/espaces-audiovisuels\/wp-json\/wp\/v2\/comments?post=802"}],"version-history":[{"count":2,"href":"https:\/\/blogs.univ-tlse2.fr\/espaces-audiovisuels\/wp-json\/wp\/v2\/pages\/802\/revisions"}],"predecessor-version":[{"id":856,"href":"https:\/\/blogs.univ-tlse2.fr\/espaces-audiovisuels\/wp-json\/wp\/v2\/pages\/802\/revisions\/856"}],"wp:featuredmedia":[{"embeddable":true,"href":"https:\/\/blogs.univ-tlse2.fr\/espaces-audiovisuels\/wp-json\/wp\/v2\/media\/303"}],"wp:attachment":[{"href":"https:\/\/blogs.univ-tlse2.fr\/espaces-audiovisuels\/wp-json\/wp\/v2\/media?parent=802"}],"curies":[{"name":"wp","href":"https:\/\/api.w.org\/{rel}","templated":true}]}}