 {"id":805,"date":"2021-10-29T11:27:57","date_gmt":"2021-10-29T09:27:57","guid":{"rendered":"https:\/\/blogs.univ-tlse2.fr\/espaces-audiovisuels\/?page_id=805"},"modified":"2021-11-05T12:21:42","modified_gmt":"2021-11-05T11:21:42","slug":"thais-vidal","status":"publish","type":"page","link":"https:\/\/blogs.univ-tlse2.fr\/espaces-audiovisuels\/thais-vidal\/","title":{"rendered":"Tha\u00efs VIDAL"},"content":{"rendered":"\n<p><span class=\"has-inline-color has-black-color\">.<\/span><\/p>\n\n\n\n<p><span style=\"color:#7891e2\" class=\"has-inline-color\">Tha\u00efs Vidal<\/span> <span class=\"has-inline-color has-white-color\">est doctorante en cin\u00e9ma \u00e0 l\u2019Universit\u00e9 de Toulouse II Jean Jaur\u00e8s (laboratoire LARA-SEPPIA), sous la direction de Paul Lacoste. Ses recherches portent sur l\u2019espace cin\u00e9matographique dans le cin\u00e9ma tch\u00e9coslovaque des ann\u00e9es 1960, ses propositions d\u2019inventions collectives, et sa dimension subversive.<br>Enseignante \u00e0 l\u2019Universit\u00e9 Lyon 2 Lumi\u00e8re, aupr\u00e8s des \u00e9tudiants d\u2019Art du spectacle, parcours Images (2019-2021).<\/span><\/p>\n\n\n\n<p><span class=\"has-inline-color has-black-color\">.<\/span><\/p>\n\n\n\n<p class=\"has-text-color\" style=\"color:#b8baba\"><span style=\"color:#3ace6b\" class=\"has-inline-color\">Sujet de th\u00e8se\u00a0: Le cin\u00e9ma tch\u00e8que des ann\u00e9es 60 &#8211; Une esth\u00e9tique de la subversion<\/span><br>L\u2019utilisation et le d\u00e9tournement de l\u2019espace dans le cin\u00e9ma tch\u00e9coslovaque en tant que subversion, impertinence, irr\u00e9v\u00e9rence. Des nouvelles possibilit\u00e9s d\u2019un app\u00e9tit r\u00e9volutionnaire transmis par l\u2019art.<\/p>\n\n\n\n<p><span class=\"has-inline-color has-black-color\">.<\/span><\/p>\n\n\n\n<p><span style=\"color:#7891e2\" class=\"has-inline-color\"><strong>Autres projets de recherche<\/strong><\/span><br><span style=\"color:#b8baba\" class=\"has-inline-color\">La critique du travail au cin\u00e9ma, du travail consid\u00e9r\u00e9 comme ali\u00e9nation mutilation et s\u00e9paration ; et de sa critique, sous l\u2019ange de vue de la d\u00e9sertion et de la r\u00e9sistance.<\/span><\/p>\n\n\n\n<p><span style=\"color:#b8baba\" class=\"has-inline-color\">Critique de la vie quotidienne dans le cin\u00e9ma d\u2019Europe de l\u2019Est des ann\u00e9es 1960<\/span><\/p>\n\n\n\n<p><span class=\"has-inline-color has-black-color\">.<\/span><\/p>\n\n\n\n<p><strong><span style=\"color:#7891e2\" class=\"has-inline-color\">Participation \u00e0 des \u00e9v\u00e9nements universitaires et culturels<\/span><\/strong><br><span style=\"color:#b8baba\" class=\"has-inline-color\">Intervention lors de la Spring-school Lyon-Pittsburg, \u00e9cole th\u00e9matique : \u00ab Puissance critique des pulsions. Repr\u00e9sentations de la vie quotidienne dans le cin\u00e9ma d\u2019Europe de l\u2019Est des ann\u00e9es 1960 \u00bb (2019)<\/span><\/p>\n\n\n\n<p><span style=\"color:#b8baba\" class=\"has-inline-color\">Pr\u00e9sentation de plusieurs \u00e9v\u00e9nements \u00e0 l\u2019Aquarium cin\u00e9-caf\u00e9 de Lyon, assistante de programmation dans le cadre de cycles th\u00e9matiques de projection du cin\u00e9-club et organisation du festival Doc en courts (2017-2020)<\/span><\/p>\n\n\n\n<p><span class=\"has-inline-color has-black-color\">.<\/span><\/p>\n\n\n\n<p><span class=\"has-inline-color has-black-color\">.<\/span><\/p>\n","protected":false},"excerpt":{"rendered":"<p>. Tha\u00efs Vidal est doctorante en cin\u00e9ma \u00e0 l\u2019Universit\u00e9 de Toulouse II Jean Jaur\u00e8s (laboratoire LARA-SEPPIA), sous la direction de Paul Lacoste. Ses recherches portent sur l\u2019espace cin\u00e9matographique dans le cin\u00e9ma tch\u00e9coslovaque des ann\u00e9es 1960, ses propositions d\u2019inventions collectives, et sa dimension subversive.Enseignante \u00e0 l\u2019Universit\u00e9 Lyon 2 Lumi\u00e8re, aupr\u00e8s des \u00e9tudiants d\u2019Art du spectacle, parcours Images (2019-2021). . Sujet de th\u00e8se\u00a0: Le cin\u00e9ma tch\u00e8que des ann\u00e9es 60 &#8211; Une esth\u00e9tique de la subversionL\u2019utilisation et le d\u00e9tournement de l\u2019espace dans le cin\u00e9ma tch\u00e9coslovaque en tant que subversion, impertinence, irr\u00e9v\u00e9rence. Des nouvelles possibilit\u00e9s d\u2019un app\u00e9tit r\u00e9volutionnaire transmis par l\u2019art. . Autres projets de rechercheLa critique du travail au cin\u00e9ma, du travail consid\u00e9r\u00e9 comme ali\u00e9nation mutilation et s\u00e9paration ; et de sa critique, sous l\u2019ange de vue de la d\u00e9sertion et de la r\u00e9sistance. Critique de la vie quotidienne dans le cin\u00e9ma d\u2019Europe de l\u2019Est des ann\u00e9es 1960 . Participation \u00e0 des \u00e9v\u00e9nements&hellip;<\/p>\n<p> <a class=\"more-link\" href=\"https:\/\/blogs.univ-tlse2.fr\/espaces-audiovisuels\/thais-vidal\/\">Lire la suite<\/a><\/p>\n","protected":false},"author":963,"featured_media":303,"parent":0,"menu_order":0,"comment_status":"closed","ping_status":"closed","template":"","meta":{"footnotes":""},"class_list":["post-805","page","type-page","status-publish","has-post-thumbnail"],"_links":{"self":[{"href":"https:\/\/blogs.univ-tlse2.fr\/espaces-audiovisuels\/wp-json\/wp\/v2\/pages\/805","targetHints":{"allow":["GET"]}}],"collection":[{"href":"https:\/\/blogs.univ-tlse2.fr\/espaces-audiovisuels\/wp-json\/wp\/v2\/pages"}],"about":[{"href":"https:\/\/blogs.univ-tlse2.fr\/espaces-audiovisuels\/wp-json\/wp\/v2\/types\/page"}],"author":[{"embeddable":true,"href":"https:\/\/blogs.univ-tlse2.fr\/espaces-audiovisuels\/wp-json\/wp\/v2\/users\/963"}],"replies":[{"embeddable":true,"href":"https:\/\/blogs.univ-tlse2.fr\/espaces-audiovisuels\/wp-json\/wp\/v2\/comments?post=805"}],"version-history":[{"count":2,"href":"https:\/\/blogs.univ-tlse2.fr\/espaces-audiovisuels\/wp-json\/wp\/v2\/pages\/805\/revisions"}],"predecessor-version":[{"id":878,"href":"https:\/\/blogs.univ-tlse2.fr\/espaces-audiovisuels\/wp-json\/wp\/v2\/pages\/805\/revisions\/878"}],"wp:featuredmedia":[{"embeddable":true,"href":"https:\/\/blogs.univ-tlse2.fr\/espaces-audiovisuels\/wp-json\/wp\/v2\/media\/303"}],"wp:attachment":[{"href":"https:\/\/blogs.univ-tlse2.fr\/espaces-audiovisuels\/wp-json\/wp\/v2\/media?parent=805"}],"curies":[{"name":"wp","href":"https:\/\/api.w.org\/{rel}","templated":true}]}}