 {"id":807,"date":"2021-10-29T11:35:21","date_gmt":"2021-10-29T09:35:21","guid":{"rendered":"https:\/\/blogs.univ-tlse2.fr\/espaces-audiovisuels\/?page_id=807"},"modified":"2021-10-29T11:35:21","modified_gmt":"2021-10-29T09:35:21","slug":"maylis-aste","status":"publish","type":"page","link":"https:\/\/blogs.univ-tlse2.fr\/espaces-audiovisuels\/maylis-aste\/","title":{"rendered":"Maylis AST\u00c9"},"content":{"rendered":"\n<p><span class=\"has-inline-color has-white-color\">Apr\u00e8s un Master en Histoire contemporaine,<\/span> <strong><span style=\"color:#7891e2\" class=\"has-inline-color\">Maylis Ast\u00e9<\/span><\/strong> <span class=\"has-inline-color has-white-color\">poursuit son cursus universitaire en int\u00e9grant l&rsquo;ENSAV (\u00c9cole Nationale Sup\u00e9rieure d&rsquo;Audiovisuel de Toulouse).<br>A la crois\u00e9e de ces deux parcours, elle soutient \u00e0 la rentr\u00e9e 2018 une th\u00e8se sur les repr\u00e9sentations de la ruralit\u00e9 dans les films de fiction fran\u00e7ais des ann\u00e9es 1990 \u00e0 2010. Elle a publi\u00e9 divers articles universitaires tels que\u00a0: \u00ab\u00a0La promenade champ\u00eatre comme rituel dans le cin\u00e9ma d\u2019\u00c9ric Rohmer\u00a0\u00bb (<em>Cin\u00e9trens<\/em>, 2016), \u00ab\u00a0L&rsquo;Homme vert des bayous de Louisiane : h\u00e9ritage et syncr\u00e9tisme dans la s\u00e9rie\u00a0<em>True Detective<\/em>\u00a0\u00bb (Presses universitaires de Rennes, 2019) ou r\u00e9cemment \u00ab Sorci\u00e8res et programmateurs : la re- vision \u00e0 la Cin\u00e9math\u00e8que de Toulouse\u00a0\u00bb (<em>Soci\u00e9t\u00e9s et Repr\u00e9sentations<\/em>, 2021).<br>Chercheuse associ\u00e9e au Laboratoire LARA-SEPPIA (Laboratoire de Recherche en Audiovisuel &#8211; Savoirs, Praxis et Po\u00ef\u00e9tiques en Art), elle assure \u00e9galement des charges d&rsquo;enseignement \u00e0 l&rsquo;ENSAV au sein de l&rsquo;Universit\u00e9 Toulouse 2<br>Jean Jaur\u00e8s.<\/span><\/p>\n\n\n\n<p><span class=\"has-inline-color has-black-color\">.<\/span><\/p>\n\n\n\n<p><strong><span style=\"color:#7891e2\" class=\"has-inline-color\">Publications<\/span><\/strong><br><span style=\"color:#b8baba\" class=\"has-inline-color\">M. Ast\u00e9, \u00ab La promenade champ\u00eatre comme rituel dans le cin\u00e9ma d\u2019\u00c9ric Rohmer \u00bb, revue <em>Cin\u00e9trens<\/em>, n\u00b01, Printemps 2016.<\/span><\/p>\n\n\n\n<p><span style=\"color:#b8baba\" class=\"has-inline-color\">M. Ast\u00e9 \u00ab True Detective et la nature de Louisiane comme impasse \u00bb, revue <em>Entrelacs<\/em>, Hors-s\u00e9rie, n\u00b04, Novembre 2016.<\/span><\/p>\n\n\n\n<p><span style=\"color:#b8baba\" class=\"has-inline-color\">M. Ast\u00e9 \u00ab La mise en sc\u00e8ne du \u00ab caf\u00e9 \u00bb, un regard axiologique, dans <em>Pas de repos pour les braves<\/em> d&rsquo;Alain Guiraudie \u00bb, in GUITARD J., PICOD C. (dir.), <em>La mise en sc\u00e8ne dans tous ses \u00e9tats<\/em>, Presses Universitaires de Perpignan, 2016.<\/span><\/p>\n\n\n\n<p><span style=\"color:#b8baba\" class=\"has-inline-color\">M. Ast\u00e9 &amp; M. Maillos \u00ab L&rsquo;Homme vert des bayous de Louisiane: h\u00e9ritage et syncr\u00e9tisme dans la s\u00e9rie True Detective \u00bb, in DUHEM S., NOACCO C.(dir.), L\u2019homme sauvage dans les arts et les lettres, Presses universitaires de Rennes, 2019.<\/span><\/p>\n\n\n\n<p><span style=\"color:#b8baba\" class=\"has-inline-color\">M. Ast\u00e9 \u00ab Sorci\u00e8res et programmateurs : la re-vision \u00e0 la Cin\u00e9math\u00e8que de Toulouse \u00bb, revue <em>Soci\u00e9t\u00e9s et Repr\u00e9sentations<\/em>, \u00c9ditions de la Sorbonne, 2021<\/span><\/p>\n\n\n\n<p><span style=\"color:#b8baba\" class=\"has-inline-color\">M. Ast\u00e9, F. Chouraqui, M. Rue \u00ab Quand les n\u00e9o-ruraux contemplent les campagnes, quelles repr\u00e9sentations de l\u2019habiter urbain dans les films fran\u00e7ais contemporains ? \u00bb, in LAHAIE C., DURET C. (dir.), <em>Interroger l&rsquo;habiter urbain<\/em> <em>dans la fiction contemporaine<\/em>. (a para\u00eetre)<\/span><\/p>\n\n\n\n<p><span style=\"color:#b8baba\" class=\"has-inline-color\">M. Ast\u00e9, F. Chouraqui \u00ab Repr\u00e9senter les territoires volcaniques : de la sid\u00e9ration spectaculaire \u00e0 l&rsquo;immersion dans un quotidien \u00bb, <em>Epist\u00e9mocritique<\/em>. (a para\u00eetre)<\/span><\/p>\n\n\n\n<p><span style=\"color:#b8baba\" class=\"has-inline-color\">M. Ast\u00e9, F. Chouraqui \u00ab La voie audiovisuelle en sciences sociales ; Donner voix par le film, donner corps \u00e0 la recherche, <em>Revue Fran\u00e7aise des M\u00e9thodes Visuelles<\/em> (RFMV). (a para\u00eetre)<\/span><\/p>\n\n\n\n<p><span class=\"has-inline-color has-black-color\">.<\/span><\/p>\n\n\n\n<p><span class=\"has-inline-color has-black-color\">.<\/span><\/p>\n","protected":false},"excerpt":{"rendered":"<p>Apr\u00e8s un Master en Histoire contemporaine, Maylis Ast\u00e9 poursuit son cursus universitaire en int\u00e9grant l&rsquo;ENSAV (\u00c9cole Nationale Sup\u00e9rieure d&rsquo;Audiovisuel de Toulouse).A la crois\u00e9e de ces deux parcours, elle soutient \u00e0 la rentr\u00e9e 2018 une th\u00e8se sur les repr\u00e9sentations de la ruralit\u00e9 dans les films de fiction fran\u00e7ais des ann\u00e9es 1990 \u00e0 2010. Elle a publi\u00e9 divers articles universitaires tels que\u00a0: \u00ab\u00a0La promenade champ\u00eatre comme rituel dans le cin\u00e9ma d\u2019\u00c9ric Rohmer\u00a0\u00bb (Cin\u00e9trens, 2016), \u00ab\u00a0L&rsquo;Homme vert des bayous de Louisiane : h\u00e9ritage et syncr\u00e9tisme dans la s\u00e9rie\u00a0True Detective\u00a0\u00bb (Presses universitaires de Rennes, 2019) ou r\u00e9cemment \u00ab Sorci\u00e8res et programmateurs : la re- vision \u00e0 la Cin\u00e9math\u00e8que de Toulouse\u00a0\u00bb (Soci\u00e9t\u00e9s et Repr\u00e9sentations, 2021).Chercheuse associ\u00e9e au Laboratoire LARA-SEPPIA (Laboratoire de Recherche en Audiovisuel &#8211; Savoirs, Praxis et Po\u00ef\u00e9tiques en Art), elle assure \u00e9galement des charges d&rsquo;enseignement \u00e0 l&rsquo;ENSAV au sein de l&rsquo;Universit\u00e9 Toulouse 2Jean Jaur\u00e8s. . PublicationsM. Ast\u00e9, \u00ab La promenade champ\u00eatre comme rituel&hellip;<\/p>\n<p> <a class=\"more-link\" href=\"https:\/\/blogs.univ-tlse2.fr\/espaces-audiovisuels\/maylis-aste\/\">Lire la suite<\/a><\/p>\n","protected":false},"author":963,"featured_media":303,"parent":0,"menu_order":0,"comment_status":"closed","ping_status":"closed","template":"","meta":{"footnotes":""},"class_list":["post-807","page","type-page","status-publish","has-post-thumbnail"],"_links":{"self":[{"href":"https:\/\/blogs.univ-tlse2.fr\/espaces-audiovisuels\/wp-json\/wp\/v2\/pages\/807","targetHints":{"allow":["GET"]}}],"collection":[{"href":"https:\/\/blogs.univ-tlse2.fr\/espaces-audiovisuels\/wp-json\/wp\/v2\/pages"}],"about":[{"href":"https:\/\/blogs.univ-tlse2.fr\/espaces-audiovisuels\/wp-json\/wp\/v2\/types\/page"}],"author":[{"embeddable":true,"href":"https:\/\/blogs.univ-tlse2.fr\/espaces-audiovisuels\/wp-json\/wp\/v2\/users\/963"}],"replies":[{"embeddable":true,"href":"https:\/\/blogs.univ-tlse2.fr\/espaces-audiovisuels\/wp-json\/wp\/v2\/comments?post=807"}],"version-history":[{"count":2,"href":"https:\/\/blogs.univ-tlse2.fr\/espaces-audiovisuels\/wp-json\/wp\/v2\/pages\/807\/revisions"}],"predecessor-version":[{"id":810,"href":"https:\/\/blogs.univ-tlse2.fr\/espaces-audiovisuels\/wp-json\/wp\/v2\/pages\/807\/revisions\/810"}],"wp:featuredmedia":[{"embeddable":true,"href":"https:\/\/blogs.univ-tlse2.fr\/espaces-audiovisuels\/wp-json\/wp\/v2\/media\/303"}],"wp:attachment":[{"href":"https:\/\/blogs.univ-tlse2.fr\/espaces-audiovisuels\/wp-json\/wp\/v2\/media?parent=807"}],"curies":[{"name":"wp","href":"https:\/\/api.w.org\/{rel}","templated":true}]}}