 {"id":816,"date":"2021-10-29T11:45:10","date_gmt":"2021-10-29T09:45:10","guid":{"rendered":"https:\/\/blogs.univ-tlse2.fr\/espaces-audiovisuels\/?page_id=816"},"modified":"2021-11-12T13:07:52","modified_gmt":"2021-11-12T12:07:52","slug":"maud-cazaux","status":"publish","type":"page","link":"https:\/\/blogs.univ-tlse2.fr\/espaces-audiovisuels\/maud-cazaux\/","title":{"rendered":"Maud CAZAUX"},"content":{"rendered":"\n<p><span class=\"has-inline-color has-black-color\">.<\/span><\/p>\n\n\n\n<p class=\"has-white-color has-text-color\"><span style=\"color:#7891e2\" class=\"has-inline-color\">Maud Cazaux<\/span> <span class=\"has-inline-color has-white-color\">est en sixi\u00e8me ann\u00e9e de doctorat \u00e0 l\u2019\u00e9cole doctorale allph@ sous la direction de Paul Lacoste et d\u2019Isabelle Labrouill\u00e8re. Elle fait partie du laboratoire Lara-Seppia \u00e0\u00a0l&rsquo;universit\u00e9 Toulouse Jean Jaur\u00e8s. L\u2019objet de sa recherche porte sur l\u2019\u00e9criture f\u00e9ministe dans le\u00a0cin\u00e9ma de la r\u00e9alisatrice germano-am\u00e9ricaine Su Friedrich et du cin\u00e9ma d&rsquo;avant-garde \u00c9tats-uniens\u00a0\u00e0 partir des ann\u00e9es 1970.<\/span><br>Elle est \u00e9galement artiste-plasticienne, vous pourrez d\u00e9couvrir ses travaux sur son site : <a rel=\"noreferrer noopener\" href=\"https:\/\/maudcazaux.wixsite.com\/maudcazaux\" target=\"_blank\"><span class=\"has-inline-color has-vivid-cyan-blue-color\">https:\/\/maudcazaux.wixsite.com\/maudcazaux<\/span><\/a>\u00a0\u00a0<\/p>\n\n\n\n<p><span class=\"has-inline-color has-black-color\">.<\/span><\/p>\n\n\n\n<p class=\"has-vivid-cyan-blue-color has-text-color\"><strong><span style=\"color:#7891e2\" class=\"has-inline-color\">Organisation journ\u00e9e d\u2019\u00e9tude<\/span>&nbsp;<\/strong><span style=\"color:#b8baba\" class=\"has-inline-color\">(co-organis\u00e9e avec Camille Pierre) :&nbsp;<\/span><br><span style=\"color:#b8baba\" class=\"has-inline-color\">\u00ab Devenir sujet : les pratiques de subjectivation dans l\u2019art au XXI\u00e8me si\u00e8cle \u00bb.&nbsp;<\/span><span class=\"has-inline-color has-vivid-cyan-blue-color\"><a rel=\"noreferrer noopener\" href=\"https:\/\/lara.univ-tlse2.fr\/accueil\/devenir-sujet-les-pratiques-de-subjectivation-dans-lart-au-xxieme-siecle\" target=\"_blank\">https:\/\/lara.univ-tlse2.fr\/accueil\/devenir-sujet-les-pratiques-de-subjectivation-dans-lart-au-xxieme-siecle<\/a>&nbsp;<\/span><\/p>\n\n\n\n<p><span class=\"has-inline-color has-black-color\">.<\/span><\/p>\n\n\n\n<p><strong><span style=\"color:#7891e2\" class=\"has-inline-color\">Participation journ\u00e9e d\u2019\u00e9tude\/colloque<\/span><\/strong><br><span style=\"color:#b8baba\" class=\"has-inline-color\">Scandale et tabou ( ALLPHA@UT2J ) : \u00ab La repr\u00e9sentation du corps f\u00e9minin ou l\u2019intrusion brutale de l\u2019obsc\u00e8ne dans&nbsp;<em>Womanhouse&nbsp;<\/em>de Johanna Demantraka (1972) \u00bb&nbsp;<\/span><\/p>\n\n\n\n<p><span style=\"color:#b8baba\" class=\"has-inline-color\">Fabriquer les identit\u00e9s collectives (INHA Paris) : \u00ab Le d\u00e9tournement des symboliques h\u00e9t\u00e9rosexuelles comme strat\u00e9gie d\u2019inclusivit\u00e9,&nbsp;<em>First Comes Love&nbsp;<\/em>de Su Friedrich (1991)&nbsp;<\/span><\/p>\n\n\n\n<p><span class=\"has-inline-color has-black-color\">.<\/span><\/p>\n\n\n\n<p class=\"has-text-color\" style=\"color:#7891e2\"><strong><span style=\"color:#7891e2\" class=\"has-inline-color\">Publication<\/span><\/strong><br><span style=\"color:#b8baba\" class=\"has-inline-color\">\u00abLa d\u00e9\/construction performative de l\u2019\u201cidentit\u00e9\u201d dans Hide and Seek de Su Friedrich (1996)\u00bb<\/span>, <span style=\"color:#b8baba\" class=\"has-inline-color\">Sociocriticism&nbsp;XXXV, vol. 1, septembre 2020, <\/span>&nbsp;<a rel=\"noreferrer noopener\" href=\"http:\/\/revues.univ-tlse2.fr\/sociocriticism\/index.php?id=2513\" target=\"_blank\"><span class=\"has-inline-color has-vivid-cyan-blue-color\">h<\/span><\/a><span class=\"has-inline-color has-vivid-cyan-blue-color\"><a rel=\"noreferrer noopener\" href=\"http:\/\/revues.univ-tlse2.fr\/sociocriticism\/index.php?id=2513\" target=\"_blank\">ttp:\/\/revues.univ-tlse2.fr\/sociocriticism\/index.php?id=2513<\/a>&nbsp;<\/span><\/p>\n\n\n\n<p class=\"has-vivid-cyan-blue-color has-text-color\"><span style=\"color:#b8baba\" class=\"has-inline-color\">\u00ab Repr\u00e9sentation du&nbsp;d\u00e9sir f\u00e9minin : une \u00e9criture de la rupture dans&nbsp;<em>Gently Down the Stream&nbsp;<\/em>de Su Friedrich<strong> \u00bb<\/strong>, Litter@ Incognita, 2019.<\/span>&nbsp;<span class=\"has-inline-color has-vivid-cyan-blue-color\"><a rel=\"noreferrer noopener\" href=\"https:\/\/blogs.univ-tlse2.fr\/littera-incognita-2\/2019\/05\/21\/une-ecriture-de-la-rupture-dans-gentle-down-the-stream-de-su-friedrich\/\" target=\"_blank\">https:\/\/blogs.univ-tlse2.fr\/littera-incognita-2\/2019\/05\/21\/une-ecriture-de-la-rupture-dans-gentle-down-the-stream-de-su-friedrich\/<\/a>&nbsp;<\/span><\/p>\n\n\n\n<p><span class=\"has-inline-color has-black-color\">.<\/span><\/p>\n\n\n\n<p><span class=\"has-inline-color has-black-color\">.<\/span><\/p>\n","protected":false},"excerpt":{"rendered":"<p>. Maud Cazaux est en sixi\u00e8me ann\u00e9e de doctorat \u00e0 l\u2019\u00e9cole doctorale allph@ sous la direction de Paul Lacoste et d\u2019Isabelle Labrouill\u00e8re. Elle fait partie du laboratoire Lara-Seppia \u00e0\u00a0l&rsquo;universit\u00e9 Toulouse Jean Jaur\u00e8s. L\u2019objet de sa recherche porte sur l\u2019\u00e9criture f\u00e9ministe dans le\u00a0cin\u00e9ma de la r\u00e9alisatrice germano-am\u00e9ricaine Su Friedrich et du cin\u00e9ma d&rsquo;avant-garde \u00c9tats-uniens\u00a0\u00e0 partir des ann\u00e9es 1970.Elle est \u00e9galement artiste-plasticienne, vous pourrez d\u00e9couvrir ses travaux sur son site : https:\/\/maudcazaux.wixsite.com\/maudcazaux\u00a0\u00a0 . Organisation journ\u00e9e d\u2019\u00e9tude&nbsp;(co-organis\u00e9e avec Camille Pierre) :&nbsp;\u00ab Devenir sujet : les pratiques de subjectivation dans l\u2019art au XXI\u00e8me si\u00e8cle \u00bb.&nbsp;https:\/\/lara.univ-tlse2.fr\/accueil\/devenir-sujet-les-pratiques-de-subjectivation-dans-lart-au-xxieme-siecle&nbsp; . Participation journ\u00e9e d\u2019\u00e9tude\/colloqueScandale et tabou ( ALLPHA@UT2J ) : \u00ab La repr\u00e9sentation du corps f\u00e9minin ou l\u2019intrusion brutale de l\u2019obsc\u00e8ne dans&nbsp;Womanhouse&nbsp;de Johanna Demantraka (1972) \u00bb&nbsp; Fabriquer les identit\u00e9s collectives (INHA Paris) : \u00ab Le d\u00e9tournement des symboliques h\u00e9t\u00e9rosexuelles comme strat\u00e9gie d\u2019inclusivit\u00e9,&nbsp;First Comes Love&nbsp;de Su Friedrich (1991)&nbsp; . Publication\u00abLa d\u00e9\/construction performative de l\u2019\u201cidentit\u00e9\u201d dans Hide and Seek de Su&hellip;<\/p>\n<p> <a class=\"more-link\" href=\"https:\/\/blogs.univ-tlse2.fr\/espaces-audiovisuels\/maud-cazaux\/\">Lire la suite<\/a><\/p>\n","protected":false},"author":963,"featured_media":303,"parent":0,"menu_order":0,"comment_status":"closed","ping_status":"closed","template":"","meta":{"footnotes":""},"class_list":["post-816","page","type-page","status-publish","has-post-thumbnail"],"_links":{"self":[{"href":"https:\/\/blogs.univ-tlse2.fr\/espaces-audiovisuels\/wp-json\/wp\/v2\/pages\/816","targetHints":{"allow":["GET"]}}],"collection":[{"href":"https:\/\/blogs.univ-tlse2.fr\/espaces-audiovisuels\/wp-json\/wp\/v2\/pages"}],"about":[{"href":"https:\/\/blogs.univ-tlse2.fr\/espaces-audiovisuels\/wp-json\/wp\/v2\/types\/page"}],"author":[{"embeddable":true,"href":"https:\/\/blogs.univ-tlse2.fr\/espaces-audiovisuels\/wp-json\/wp\/v2\/users\/963"}],"replies":[{"embeddable":true,"href":"https:\/\/blogs.univ-tlse2.fr\/espaces-audiovisuels\/wp-json\/wp\/v2\/comments?post=816"}],"version-history":[{"count":3,"href":"https:\/\/blogs.univ-tlse2.fr\/espaces-audiovisuels\/wp-json\/wp\/v2\/pages\/816\/revisions"}],"predecessor-version":[{"id":957,"href":"https:\/\/blogs.univ-tlse2.fr\/espaces-audiovisuels\/wp-json\/wp\/v2\/pages\/816\/revisions\/957"}],"wp:featuredmedia":[{"embeddable":true,"href":"https:\/\/blogs.univ-tlse2.fr\/espaces-audiovisuels\/wp-json\/wp\/v2\/media\/303"}],"wp:attachment":[{"href":"https:\/\/blogs.univ-tlse2.fr\/espaces-audiovisuels\/wp-json\/wp\/v2\/media?parent=816"}],"curies":[{"name":"wp","href":"https:\/\/api.w.org\/{rel}","templated":true}]}}