 {"id":818,"date":"2021-10-29T11:45:36","date_gmt":"2021-10-29T09:45:36","guid":{"rendered":"https:\/\/blogs.univ-tlse2.fr\/espaces-audiovisuels\/?page_id=818"},"modified":"2021-11-02T17:36:32","modified_gmt":"2021-11-02T16:36:32","slug":"olga-panella","status":"publish","type":"page","link":"https:\/\/blogs.univ-tlse2.fr\/espaces-audiovisuels\/olga-panella\/","title":{"rendered":"Olga PANELLA"},"content":{"rendered":"\n<p><span class=\"has-inline-color has-black-color\">.<\/span><\/p>\n\n\n\n<p><span style=\"color:#7891e2\" class=\"has-inline-color\">Olga Panella<\/span> <span class=\"has-inline-color has-white-color\">est enseignante agr\u00e9g\u00e9e d&rsquo;arts plastiques actuellement en poste \u00e0 l&rsquo;ISCID (Institut Sup\u00e9rieur Couleur Image Design) \u00e0 l&rsquo;Universit\u00e9 Toulouse 2 et \u00e9galement doctorante au sein du LARA-SEPPIA (Laboratoire de Recherche en Audiovisuel, Savoirs, Praxis et Po\u00ef\u00e9tiques en Art), unit\u00e9 de recherche en arts ayant comme point d&rsquo;ancrage la cr\u00e9ation-recherche. Sa th\u00e8se porte sur les conditions de cr\u00e9ation des artistes en friche et des r\u00e9flexions qu&rsquo;y permet le monde v\u00e9g\u00e9tal sauvage.\u00a0<\/span><\/p>\n\n\n\n<p><span class=\"has-inline-color has-black-color\">.<\/span><\/p>\n\n\n\n<p><strong><span style=\"color:#7891e2\" class=\"has-inline-color\">Publication (ouvrage collectif)<\/span><\/strong><br><span style=\"color:#b8baba\" class=\"has-inline-color\">COLAS Lo\u00efc, COUTHENX Marie-Christine, GOLOVTCHENKO Nicolas, PANELLA Olga, PRADES Jacques, <em>Le tribunal des utopies, Les utopies menacent-elles notre bonheur ?<\/em> co-\u00e9dition Maison de l\u2019Architecture Occitanie-Pyr\u00e9n\u00e9es et Building Books, Toulouse, 2021, 120 p.<\/span><\/p>\n\n\n\n<p><code><span class=\"has-inline-color has-black-color\">.<\/span><\/code><\/p>\n\n\n\n<p><code><span class=\"has-inline-color has-black-color\">.<\/span><\/code><\/p>\n","protected":false},"excerpt":{"rendered":"<p>. Olga Panella est enseignante agr\u00e9g\u00e9e d&rsquo;arts plastiques actuellement en poste \u00e0 l&rsquo;ISCID (Institut Sup\u00e9rieur Couleur Image Design) \u00e0 l&rsquo;Universit\u00e9 Toulouse 2 et \u00e9galement doctorante au sein du LARA-SEPPIA (Laboratoire de Recherche en Audiovisuel, Savoirs, Praxis et Po\u00ef\u00e9tiques en Art), unit\u00e9 de recherche en arts ayant comme point d&rsquo;ancrage la cr\u00e9ation-recherche. Sa th\u00e8se porte sur les conditions de cr\u00e9ation des artistes en friche et des r\u00e9flexions qu&rsquo;y permet le monde v\u00e9g\u00e9tal sauvage.\u00a0 . Publication (ouvrage collectif)COLAS Lo\u00efc, COUTHENX Marie-Christine, GOLOVTCHENKO Nicolas, PANELLA Olga, PRADES Jacques, Le tribunal des utopies, Les utopies menacent-elles notre bonheur ? co-\u00e9dition Maison de l\u2019Architecture Occitanie-Pyr\u00e9n\u00e9es et Building Books, Toulouse, 2021, 120 p. . .<\/p>\n","protected":false},"author":963,"featured_media":303,"parent":0,"menu_order":0,"comment_status":"closed","ping_status":"closed","template":"","meta":{"footnotes":""},"class_list":["post-818","page","type-page","status-publish","has-post-thumbnail"],"_links":{"self":[{"href":"https:\/\/blogs.univ-tlse2.fr\/espaces-audiovisuels\/wp-json\/wp\/v2\/pages\/818","targetHints":{"allow":["GET"]}}],"collection":[{"href":"https:\/\/blogs.univ-tlse2.fr\/espaces-audiovisuels\/wp-json\/wp\/v2\/pages"}],"about":[{"href":"https:\/\/blogs.univ-tlse2.fr\/espaces-audiovisuels\/wp-json\/wp\/v2\/types\/page"}],"author":[{"embeddable":true,"href":"https:\/\/blogs.univ-tlse2.fr\/espaces-audiovisuels\/wp-json\/wp\/v2\/users\/963"}],"replies":[{"embeddable":true,"href":"https:\/\/blogs.univ-tlse2.fr\/espaces-audiovisuels\/wp-json\/wp\/v2\/comments?post=818"}],"version-history":[{"count":2,"href":"https:\/\/blogs.univ-tlse2.fr\/espaces-audiovisuels\/wp-json\/wp\/v2\/pages\/818\/revisions"}],"predecessor-version":[{"id":858,"href":"https:\/\/blogs.univ-tlse2.fr\/espaces-audiovisuels\/wp-json\/wp\/v2\/pages\/818\/revisions\/858"}],"wp:featuredmedia":[{"embeddable":true,"href":"https:\/\/blogs.univ-tlse2.fr\/espaces-audiovisuels\/wp-json\/wp\/v2\/media\/303"}],"wp:attachment":[{"href":"https:\/\/blogs.univ-tlse2.fr\/espaces-audiovisuels\/wp-json\/wp\/v2\/media?parent=818"}],"curies":[{"name":"wp","href":"https:\/\/api.w.org\/{rel}","templated":true}]}}