 {"id":841,"date":"2021-11-02T17:14:33","date_gmt":"2021-11-02T16:14:33","guid":{"rendered":"https:\/\/blogs.univ-tlse2.fr\/espaces-audiovisuels\/?page_id=841"},"modified":"2021-11-02T17:14:33","modified_gmt":"2021-11-02T16:14:33","slug":"agnes-salson","status":"publish","type":"page","link":"https:\/\/blogs.univ-tlse2.fr\/espaces-audiovisuels\/agnes-salson\/","title":{"rendered":"Agn\u00e8s SALSON"},"content":{"rendered":"\n<p><span class=\"has-inline-color has-black-color\">.<\/span><\/p>\n\n\n\n<p><span class=\"has-inline-color has-white-color\">Dipl\u00f4m\u00e9e de la section distribution\/exploitation de l\u2019\u00e9cole nationale de cin\u00e9ma La F\u00e9mis,<\/span> <span style=\"color:#7891e2\" class=\"has-inline-color\">Agn\u00e8s Salson<\/span> <span class=\"has-inline-color has-white-color\">est partie sur les routes de France et d\u2019Europe avec son partenaire Mikael Arnal pour explorer comment les salles de cin\u00e9ma ind\u00e9pendantes se r\u00e9inventent. Le projet conduira \u00e0 la publication de\u00a0<em>Cinema Makers &#8211; Le nouveau souffle des cin\u00e9mas ind\u00e9pendants\u00a0<\/em>(2019, Le Blog Documentaire).<br>Elle a co-fond\u00e9 la salle de cin\u00e9ma <\/span><a href=\"https:\/\/laforetelectrique.com\/\" target=\"_blank\" rel=\"noreferrer noopener\"><span class=\"has-inline-color has-vivid-cyan-blue-color\">La For\u00eat \u00c9lectrique<\/span><\/a><span class=\"has-inline-color has-white-color\"> \u00e0 Toulouse et souhaite faire vivre un cin\u00e9ma chaleureux, ancr\u00e9 dans la cit\u00e9, embrassant les nouvelles pratiques et les nouvelles formes d\u2019images anim\u00e9es.<\/span><\/p>\n\n\n\n<p><span class=\"has-inline-color has-black-color\">.<\/span><\/p>\n\n\n\n<p><span class=\"has-inline-color has-black-color\">.<\/span><\/p>\n","protected":false},"excerpt":{"rendered":"<p>. Dipl\u00f4m\u00e9e de la section distribution\/exploitation de l\u2019\u00e9cole nationale de cin\u00e9ma La F\u00e9mis, Agn\u00e8s Salson est partie sur les routes de France et d\u2019Europe avec son partenaire Mikael Arnal pour explorer comment les salles de cin\u00e9ma ind\u00e9pendantes se r\u00e9inventent. Le projet conduira \u00e0 la publication de\u00a0Cinema Makers &#8211; Le nouveau souffle des cin\u00e9mas ind\u00e9pendants\u00a0(2019, Le Blog Documentaire).Elle a co-fond\u00e9 la salle de cin\u00e9ma La For\u00eat \u00c9lectrique \u00e0 Toulouse et souhaite faire vivre un cin\u00e9ma chaleureux, ancr\u00e9 dans la cit\u00e9, embrassant les nouvelles pratiques et les nouvelles formes d\u2019images anim\u00e9es. . .<\/p>\n","protected":false},"author":963,"featured_media":303,"parent":0,"menu_order":0,"comment_status":"closed","ping_status":"closed","template":"","meta":{"footnotes":""},"class_list":["post-841","page","type-page","status-publish","has-post-thumbnail"],"_links":{"self":[{"href":"https:\/\/blogs.univ-tlse2.fr\/espaces-audiovisuels\/wp-json\/wp\/v2\/pages\/841","targetHints":{"allow":["GET"]}}],"collection":[{"href":"https:\/\/blogs.univ-tlse2.fr\/espaces-audiovisuels\/wp-json\/wp\/v2\/pages"}],"about":[{"href":"https:\/\/blogs.univ-tlse2.fr\/espaces-audiovisuels\/wp-json\/wp\/v2\/types\/page"}],"author":[{"embeddable":true,"href":"https:\/\/blogs.univ-tlse2.fr\/espaces-audiovisuels\/wp-json\/wp\/v2\/users\/963"}],"replies":[{"embeddable":true,"href":"https:\/\/blogs.univ-tlse2.fr\/espaces-audiovisuels\/wp-json\/wp\/v2\/comments?post=841"}],"version-history":[{"count":3,"href":"https:\/\/blogs.univ-tlse2.fr\/espaces-audiovisuels\/wp-json\/wp\/v2\/pages\/841\/revisions"}],"predecessor-version":[{"id":844,"href":"https:\/\/blogs.univ-tlse2.fr\/espaces-audiovisuels\/wp-json\/wp\/v2\/pages\/841\/revisions\/844"}],"wp:featuredmedia":[{"embeddable":true,"href":"https:\/\/blogs.univ-tlse2.fr\/espaces-audiovisuels\/wp-json\/wp\/v2\/media\/303"}],"wp:attachment":[{"href":"https:\/\/blogs.univ-tlse2.fr\/espaces-audiovisuels\/wp-json\/wp\/v2\/media?parent=841"}],"curies":[{"name":"wp","href":"https:\/\/api.w.org\/{rel}","templated":true}]}}