 {"id":21,"date":"2016-03-10T14:27:53","date_gmt":"2016-03-10T13:27:53","guid":{"rendered":"https:\/\/blogs.univ-tlse2.fr\/etcnrs-polquant\/?page_id=21"},"modified":"2016-03-17T09:46:10","modified_gmt":"2016-03-17T08:46:10","slug":"organisation-contacts","status":"publish","type":"page","link":"https:\/\/blogs.univ-tlse2.fr\/etcnrs-polquant\/organisation-contacts\/","title":{"rendered":"ORGANISATION \/ CONTACTS"},"content":{"rendered":"<p><strong>Sponsored by: <\/strong><\/p>\n<p>POLQUANT is jointly sponsored by two CNRS institutes, <strong>Institute of Ecology and Environment<\/strong> (<a href=\"http:\/\/www.cnrs.fr\/en\/institutes\/inee-ecology-environment.html\">INEE<\/a>) and <strong>Institute for Humanities and Social Sciences<\/strong> (<a href=\"http:\/\/www.cnrs.fr\/en\/institutes\/inshs-humanities-social-sciences.html\">INSHS<\/a>)<\/p>\n<p>POLQUANT is also sponsored by the <strong><a href=\"http:\/\/w3.geode.univ-tlse2.fr\/\">UMR GEODE 5602<\/a><\/strong> (Laboratory of Environmental geography) and is linked to the <strong><a href=\"http:\/\/www.pages-igbp.org\/ini\/wg\/landcover6k\/intro\">PAGES Landcover 6K network<\/a><br \/>\n<\/strong><\/p>\n<p>&nbsp;<\/p>\n<p><strong>Organised and led by<\/strong><strong>: <\/strong><\/p>\n<ul>\n<li><strong>Florence Mazier<\/strong>, <strong>Researcher CR1 CNRS<\/strong>, UMR 5602 GEODE, 5 all\u00e9es A. Machado F-31058 Toulouse cedex. <em>T\u00e9l\u00e9phone\u00a0: + 33 5 61 50 35 77, <\/em><a href=\"&#109;&#x61;i&#x6c;t&#x6f;:&#x66;l&#x6f;r&#101;&#x6e;&#99;&#x65;&#46;&#x6d;a&#x7a;i&#x65;r&#x40;u&#110;&#x69;&#118;&#x2d;t&#x6c;s&#x65;2&#x2e;f&#x72;\"><em>&#x66;l&#x6f;&#114;&#x65;&#x6e;c&#x65;&#46;&#x6d;&#x61;z&#x69;&#101;&#x72;&#x40;u&#x6e;&#105;&#x76;&#x2d;t&#x6c;&#115;&#x65;&#x32;&#46;&#x66;&#114;<\/em><\/a><\/li>\n<li><strong>Laurent Marquer<\/strong><strong>, Researcher<\/strong>, Lund University, Sweden, <a href=\"&#109;&#x61;i&#x6c;t&#x6f;:&#x6c;a&#x75;r&#101;&#x6e;&#116;&#x2e;m&#x61;r&#x71;u&#x65;r&#x40;n&#97;&#x74;&#101;&#x6b;o&#x2e;l&#x75;&#46;&#x73;e\"><em>&#x6c;&#x61;&#x75;&#x72;&#x65;&#x6e;&#x74;&#x2e;&#x6d;&#x61;&#x72;&#x71;&#x75;&#x65;&#x72;&#x2e;&#x65;&#x73;&#x40;&#x67;&#x6d;&#x61;&#105;&#108;&#46;&#99;&#111;&#109;<\/em><\/a><\/li>\n<\/ul>\n<p><strong>\u00a0<\/strong><\/p>\n<ul>\n<li><strong>Alexandre Teste and H\u00e9l\u00e8ne Feuillerat, CNRS advisors, <\/strong>CNRS DR14 Midi-Pyr\u00e9n\u00e9es, <a href=\"&#x6d;&#97;il&#x74;&#x6f;:A&#x6c;&#x65;&#120;an&#x64;&#114;e&#46;&#x54;&#x65;&#115;t&#x65;&#x40;&#100;r1&#x34;&#x2e;cn&#x72;&#x73;&#46;f&#x72;\"><em>&#x41;&#108;e&#x78;&#x61;nd&#x72;&#101;&#46;&#x54;&#x65;st&#x65;&#64;d&#x72;&#x31;&#52;&#46;&#x63;&#x6e;r&#x73;&#x2e;&#102;r<\/em><\/a>, <a href=\"&#x6d;a&#x69;&#108;t&#x6f;:&#x48;&#x65;l&#x65;&#110;e&#x2e;F&#x65;&#117;i&#x6c;&#108;e&#x72;a&#x74;&#64;d&#x72;1&#x34;&#x2e;c&#x6e;&#114;s&#x2e;f&#x72;\"><em>H&#x65;l&#x65;&#x6e;e&#x2e;F&#101;&#x75;i&#x6c;l&#101;&#x72;a&#x74;&#64;&#100;&#x72;1&#x34;&#x2e;c&#x6e;r&#115;&#x2e;f&#x72;<\/em> <\/a><\/li>\n<li><strong>Gilles Casonato, GEODE financial manager<\/strong>, UMR 5602 GEODE, <a href=\"&#x6d;&#97;i&#x6c;&#116;o&#x3a;&#x67;il&#x6c;&#101;s&#x2e;&#x63;as&#x6f;&#110;a&#x74;&#x6f;&#64;u&#x6e;&#105;v&#x2d;&#x74;ls&#x65;&#50;&#46;&#x66;&#x72;\"><em>&#x67;i&#x6c;&#x6c;e&#x73;&#x2e;c&#x61;&#x73;o&#x6e;&#x61;t&#x6f;&#x40;u&#x6e;&#105;v&#x2d;&#116;l&#x73;&#101;2&#x2e;&#102;r<\/em><\/a><\/li>\n<li><strong>Hugues Barcet, GEODE Webmaster<\/strong>, UMR 5602 GEODE, <a href=\"&#109;&#x61;i&#x6c;t&#x6f;:&#104;&#x75;&#103;&#x75;e&#x73;&#46;&#x62;a&#114;&#x63;e&#x74;&#64;&#x75;n&#x69;&#x76;&#45;&#x74;l&#x73;e&#x32;&#46;&#102;&#x72;\"><em>&#x68;&#x75;&#x67;&#x75;&#101;&#115;&#46;ba&#x72;&#x63;&#x65;&#x74;&#x40;&#117;&#110;iv-&#x74;&#x6c;&#x73;&#x65;&#x32;&#46;&#102;r<\/em><\/a><\/li>\n<\/ul>\n<p><strong>\u00a0<\/strong><\/p>\n<p><strong>Guest lecturers<\/strong><strong>: <\/strong><\/p>\n<ul>\n<li><strong>Shinya Sugita<\/strong><strong>, Professor<\/strong>, Tallinn University, Estonia, <a href=\"&#109;&#x61;i&#x6c;t&#111;&#x3a;s&#x75;g&#x69;t&#97;&#x40;t&#x6c;u&#x2e;&#x65;&#101;\"><em>&#115;&#x75;g&#x69;t&#x61;&#64;&#116;&#x6c;u&#x2e;e&#x65;<\/em><\/a><\/li>\n<li><strong>Marie-Jos\u00e9 Gaillard<\/strong><strong>, Professor<\/strong>, Linnaeus University Sweden, <a href=\"mail&#116;&#111;&#x3a;&#x6d;&#x61;&#x72;&#x69;&#x65;-jose&#46;&#103;&#x61;&#x69;&#x6c;&#x6c;&#x61;&#x72;d-le&#109;&#100;&#x61;&#x68;&#x6c;&#x40;&#x6c;&#x6e;u&#46;se\"><em>&#x6d;&#x61;&#x72;&#x69;&#x65;&#x2d;&#106;&#111;se&#46;gai&#x6c;&#x6c;&#x61;&#x72;&#x64;&#x2d;&#108;&#101;mdahl&#64;&#x6c;&#x6e;&#x75;&#x2e;&#x73;&#x65;<\/em><\/a><\/li>\n<li><strong>Petr Kune\u0161, <\/strong><strong>Assistant professor<\/strong>, Prague University, Czech Republic, <a href=\"m&#97;&#x69;&#x6c;to&#x3a;&#x70;et&#114;&#x2e;&#x6b;u&#110;&#x65;&#x73;&#64;n&#x61;&#x74;ur&#46;&#x63;&#x75;n&#105;&#x2e;&#x63;z\">&#x70;&#x65;&#x74;&#x72;&#46;kune&#x73;&#x40;&#x6e;&#x61;&#116;ur&#46;c&#x75;&#x6e;&#x69;&#x2e;&#99;z<\/a><\/li>\n<\/ul>\n<p>&nbsp;<\/p>\n<table border=\"1\">\n<tbody>\n<tr>\n<td align=\"center\"><strong>CONTACTS : Florence Mazier &amp; Laurent Marquer<\/strong><br \/>\n(<a href=\"&#109;&#x61;i&#x6c;t&#x6f;:&#102;&#x6c;o&#x72;e&#x6e;c&#101;&#x2e;m&#x61;z&#x69;e&#114;&#x40;u&#x6e;i&#x76;-&#116;&#x6c;s&#x65;2&#x2e;f&#114;\"><em>flor&#101;&#110;&#x63;&#x65;&#x2e;&#x6d;&#x61;zier&#64;&#117;&#x6e;&#x69;&#x76;&#x2d;&#x74;lse2&#46;&#102;&#x72;<\/em><\/a>, <a href=\"&#x6d;&#x61;&#x69;&#x6c;&#x74;&#x6f;&#x3a;&#x6c;&#x61;&#x75;&#x72;&#x65;&#x6e;&#x74;&#x2e;&#x6d;&#x61;&#x72;&#x71;&#x75;&#x65;&#x72;&#x2e;&#x65;&#x73;&#x40;&#x67;&#x6d;&#x61;&#x69;&#x6c;&#x2e;&#x63;&#x6f;&#x6d;\"><em>l&#x61;u&#114;&#x65;n&#x74;&#46;&#109;&#x61;r&#x71;&#x75;e&#x72;&#46;&#101;&#x73;&#64;&#x67;&#x6d;a&#x69;l&#46;&#x63;o&#x6d;<\/em><\/a>)<\/td>\n<\/tr>\n<\/tbody>\n<\/table>\n","protected":false},"excerpt":{"rendered":"<p>Sponsored by: POLQUANT is jointly sponsored by two CNRS institutes, Institute of Ecology and Environment (INEE) and Institute for Humanities and Social Sciences (INSHS) POLQUANT is also sponsored by the UMR GEODE 5602 (Laboratory of Environmental geography) and is linked to the PAGES Landcover 6K network &nbsp; Organised and led by: Florence Mazier, Researcher CR1 [&hellip;]<\/p>\n","protected":false},"author":293,"featured_media":0,"parent":0,"menu_order":0,"comment_status":"closed","ping_status":"closed","template":"","meta":{"footnotes":""},"class_list":["post-21","page","type-page","status-publish","hentry"],"_links":{"self":[{"href":"https:\/\/blogs.univ-tlse2.fr\/etcnrs-polquant\/wp-json\/wp\/v2\/pages\/21","targetHints":{"allow":["GET"]}}],"collection":[{"href":"https:\/\/blogs.univ-tlse2.fr\/etcnrs-polquant\/wp-json\/wp\/v2\/pages"}],"about":[{"href":"https:\/\/blogs.univ-tlse2.fr\/etcnrs-polquant\/wp-json\/wp\/v2\/types\/page"}],"author":[{"embeddable":true,"href":"https:\/\/blogs.univ-tlse2.fr\/etcnrs-polquant\/wp-json\/wp\/v2\/users\/293"}],"replies":[{"embeddable":true,"href":"https:\/\/blogs.univ-tlse2.fr\/etcnrs-polquant\/wp-json\/wp\/v2\/comments?post=21"}],"version-history":[{"count":16,"href":"https:\/\/blogs.univ-tlse2.fr\/etcnrs-polquant\/wp-json\/wp\/v2\/pages\/21\/revisions"}],"predecessor-version":[{"id":177,"href":"https:\/\/blogs.univ-tlse2.fr\/etcnrs-polquant\/wp-json\/wp\/v2\/pages\/21\/revisions\/177"}],"wp:attachment":[{"href":"https:\/\/blogs.univ-tlse2.fr\/etcnrs-polquant\/wp-json\/wp\/v2\/media?parent=21"}],"curies":[{"name":"wp","href":"https:\/\/api.w.org\/{rel}","templated":true}]}}