 {"id":2,"date":"2022-09-26T11:13:57","date_gmt":"2022-09-26T09:13:57","guid":{"rendered":"https:\/\/blogs.univ-tlse2.fr\/etudes-romanes-cahiers\/?page_id=2"},"modified":"2025-10-06T18:21:42","modified_gmt":"2025-10-06T16:21:42","slug":"page-d-exemple","status":"publish","type":"page","link":"https:\/\/blogs.univ-tlse2.fr\/etudes-romanes-cahiers\/page-d-exemple\/","title":{"rendered":"\u00c0 propos de Litt\u00e9rature(s), identit\u00e9(s) et circulation(s)"},"content":{"rendered":"\n<p class=\"has-text-align-center\"><em>Lire\u2026 pour ouvrir les perspectives <\/em><\/p>\n\n\n\n<p><\/p>\n\n\n\n<p class=\"has-text-align-center\">Cher.e.s lecteur.rice.s,&nbsp;<\/p>\n\n\n\n<p class=\"has-text-align-center\">Vous vous appr\u00eatez \u00e0 p\u00e9n\u00e9trer dans le vaste monde de la litt\u00e9rature hispanophone o\u00f9 les plumes de nos auteur.rice.s vous emporteront vers des \u00e9poques lointaines et des contr\u00e9es diverses et vari\u00e9es. Laissez-vous emporter par diff\u00e9rents chapitres partag\u00e9s entre fiction et r\u00e9alit\u00e9, entre amour et d\u00e9samour, myst\u00e8re et complot, histoire et politique. Vous aurez envie de retomber dans ce tourbillon d\u2019histoire litt\u00e9raire aussi int\u00e9ressante que fascinante.&nbsp;<\/p>\n\n\n\n<p class=\"has-text-align-center\">Attendez-vous \u00e0 de nombreux rebondissements\u2026<\/p>\n\n\n\n<p class=\"has-text-align-center\">Litt\u00e9rairement v\u00f4tre.<\/p>\n\n\n\n<figure class=\"wp-block-image size-full\"><img loading=\"lazy\" decoding=\"async\" width=\"626\" height=\"417\" src=\"https:\/\/blogs.univ-tlse2.fr\/etudes-romanes-cahiers\/files\/2025\/10\/image.png\" alt=\"\" class=\"wp-image-6410\" srcset=\"https:\/\/blogs.univ-tlse2.fr\/etudes-romanes-cahiers\/files\/2025\/10\/image.png 626w, https:\/\/blogs.univ-tlse2.fr\/etudes-romanes-cahiers\/files\/2025\/10\/image-300x200.png 300w\" sizes=\"auto, (max-width: 626px) 100vw, 626px\" \/><\/figure>\n\n\n\n<p class=\"has-text-align-center\">Image prise sur le site <a href=\"https:\/\/fr.freepik.com\/photos-gratuite\/livre-ouvert-scene-conte-fees_38878517.htm#fromView=keyword&amp;page=1&amp;position=19&amp;uuid=3db76d22-3389-4387-9649-53c0d1fad953&amp;query=Livre+magique\">Freepik.com<\/a><\/p>\n\n\n\n<figure class=\"wp-block-pullquote\"><blockquote><p>\u00ab La litt\u00e9rature est un refuge. Elle a approfondi ma vision du monde. Les livres m&rsquo;ont dit des choses que ne me disaient pas les vivants. \u00bb<\/p><cite>Jean-Luc Godard <\/cite><\/blockquote><\/figure>\n\n\n\n<p><\/p>\n\n\n\n<p><\/p>\n","protected":false},"excerpt":{"rendered":"<p>Lire\u2026 pour ouvrir les perspectives Cher.e.s lecteur.rice.s,&nbsp; Vous vous appr\u00eatez \u00e0 p\u00e9n\u00e9trer dans le vaste monde de la litt\u00e9rature hispanophone o\u00f9 les plumes de nos auteur.rice.s vous emporteront vers des \u00e9poques lointaines et des contr\u00e9es diverses et vari\u00e9es. Laissez-vous emporter par diff\u00e9rents chapitres partag\u00e9s entre fiction et r\u00e9alit\u00e9, entre amour et d\u00e9samour, myst\u00e8re et complot, [&hellip;]<\/p>\n","protected":false},"author":1188,"featured_media":0,"parent":0,"menu_order":0,"comment_status":"closed","ping_status":"closed","template":"","meta":{"footnotes":""},"class_list":["post-2","page","type-page","status-publish","hentry","post-preview"],"_links":{"self":[{"href":"https:\/\/blogs.univ-tlse2.fr\/etudes-romanes-cahiers\/wp-json\/wp\/v2\/pages\/2","targetHints":{"allow":["GET"]}}],"collection":[{"href":"https:\/\/blogs.univ-tlse2.fr\/etudes-romanes-cahiers\/wp-json\/wp\/v2\/pages"}],"about":[{"href":"https:\/\/blogs.univ-tlse2.fr\/etudes-romanes-cahiers\/wp-json\/wp\/v2\/types\/page"}],"author":[{"embeddable":true,"href":"https:\/\/blogs.univ-tlse2.fr\/etudes-romanes-cahiers\/wp-json\/wp\/v2\/users\/1188"}],"replies":[{"embeddable":true,"href":"https:\/\/blogs.univ-tlse2.fr\/etudes-romanes-cahiers\/wp-json\/wp\/v2\/comments?post=2"}],"version-history":[{"count":49,"href":"https:\/\/blogs.univ-tlse2.fr\/etudes-romanes-cahiers\/wp-json\/wp\/v2\/pages\/2\/revisions"}],"predecessor-version":[{"id":6423,"href":"https:\/\/blogs.univ-tlse2.fr\/etudes-romanes-cahiers\/wp-json\/wp\/v2\/pages\/2\/revisions\/6423"}],"wp:attachment":[{"href":"https:\/\/blogs.univ-tlse2.fr\/etudes-romanes-cahiers\/wp-json\/wp\/v2\/media?parent=2"}],"curies":[{"name":"wp","href":"https:\/\/api.w.org\/{rel}","templated":true}]}}