 {"id":312,"date":"2022-10-15T10:56:05","date_gmt":"2022-10-15T08:56:05","guid":{"rendered":"https:\/\/blogs.univ-tlse2.fr\/etudes-romanes-cahiers\/?page_id=312"},"modified":"2025-10-06T18:20:15","modified_gmt":"2025-10-06T16:20:15","slug":"heritages","status":"publish","type":"page","link":"https:\/\/blogs.univ-tlse2.fr\/etudes-romanes-cahiers\/heritages\/","title":{"rendered":"Voix\/es du pass\u00e9"},"content":{"rendered":"\n<p>   Pourquoi pr\u00eater l\u2019oreille aux voix d\u2019autrefois, alors qu\u2019elles semblent lointaines et \u00e9touff\u00e9es par le vacarme du pr\u00e9sent ? Parce que ces voix continuent de r\u00e9sonner en nous, et que les chemins qu\u2019elles ont trac\u00e9s dessinent encore nos horizons.<\/p>\n\n\n\n<p>   \u00c9tudier ce qui a \u00e9t\u00e9 dit pour comprendre ce qui se d\u00e9clare maintenant et suivre les voies \u00e0 reculons pour tenter de percer les myst\u00e8res de notre Histoire, n\u2019est pas une mission ais\u00e9e pour nos explorateurs et exploratrices spatio-temporels.<\/p>\n\n\n\n<p>   Rentrez dans cette machine \u00e0 remonter le temps, et partons \u00e0 la rencontre de nos pr\u00e9d\u00e9cesseurs qui nous ressemblent bien plus que ce que l\u2019on pense !<\/p>\n\n\n\n<p>   Nous embarquons pour un voyage au travers de l\u2019Histoire o\u00f9 chaque escale est un vestige de notre pr\u00e9sent.<\/p>\n\n\n\n<figure class=\"wp-block-image size-large\"><img loading=\"lazy\" decoding=\"async\" width=\"800\" height=\"1024\" src=\"https:\/\/blogs.univ-tlse2.fr\/etudes-romanes-cahiers\/files\/2025\/10\/Turner-Le-voyageur-contemplant-une-mer-de-nuage-800x1024.jpg\" alt=\"\" class=\"wp-image-6395\" srcset=\"https:\/\/blogs.univ-tlse2.fr\/etudes-romanes-cahiers\/files\/2025\/10\/Turner-Le-voyageur-contemplant-une-mer-de-nuage-800x1024.jpg 800w, https:\/\/blogs.univ-tlse2.fr\/etudes-romanes-cahiers\/files\/2025\/10\/Turner-Le-voyageur-contemplant-une-mer-de-nuage-234x300.jpg 234w, https:\/\/blogs.univ-tlse2.fr\/etudes-romanes-cahiers\/files\/2025\/10\/Turner-Le-voyageur-contemplant-une-mer-de-nuage-768x984.jpg 768w, https:\/\/blogs.univ-tlse2.fr\/etudes-romanes-cahiers\/files\/2025\/10\/Turner-Le-voyageur-contemplant-une-mer-de-nuage-1199x1536.jpg 1199w, https:\/\/blogs.univ-tlse2.fr\/etudes-romanes-cahiers\/files\/2025\/10\/Turner-Le-voyageur-contemplant-une-mer-de-nuage-1599x2048.jpg 1599w, https:\/\/blogs.univ-tlse2.fr\/etudes-romanes-cahiers\/files\/2025\/10\/Turner-Le-voyageur-contemplant-une-mer-de-nuage-676x866.jpg 676w, https:\/\/blogs.univ-tlse2.fr\/etudes-romanes-cahiers\/files\/2025\/10\/Turner-Le-voyageur-contemplant-une-mer-de-nuage-scaled.jpg 1999w\" sizes=\"auto, (max-width: 800px) 100vw, 800px\" \/><figcaption class=\"wp-element-caption\">Le Voyageur contemplant une mer de nuages, Caspar David Friedrich, 1818, mus\u00e9e d&rsquo;art d&rsquo;Hambourg.<\/figcaption><\/figure>\n\n\n\n<blockquote class=\"wp-block-quote has-white-background-color has-background is-layout-flow wp-block-quote-is-layout-flow\">\n<figure class=\"wp-block-pullquote has-text-align-center has-dark-gray-color has-text-color has-link-color has-regular-font-size wp-elements-a37cf277dfeeb2c35e645416b92f15d9\"><blockquote><p><em>\u00ab Le bonheur ne se trouve pas au sommet de la montagne mais dans la fa\u00e7on de la gravir. \u00bb<\/em><\/p><cite>Confucius, V<sup>e<\/sup> av. J.-C.<\/cite><\/blockquote><\/figure>\n<\/blockquote>\n","protected":false},"excerpt":{"rendered":"<p>Pourquoi pr\u00eater l\u2019oreille aux voix d\u2019autrefois, alors qu\u2019elles semblent lointaines et \u00e9touff\u00e9es par le vacarme du pr\u00e9sent ? Parce que ces voix continuent de r\u00e9sonner en nous, et que les chemins qu\u2019elles ont trac\u00e9s dessinent encore nos horizons. \u00c9tudier ce qui a \u00e9t\u00e9 dit pour comprendre ce qui se d\u00e9clare maintenant et suivre les voies [&hellip;]<\/p>\n","protected":false},"author":1484,"featured_media":0,"parent":0,"menu_order":0,"comment_status":"closed","ping_status":"closed","template":"","meta":{"footnotes":""},"class_list":["post-312","page","type-page","status-publish","hentry","post-preview"],"_links":{"self":[{"href":"https:\/\/blogs.univ-tlse2.fr\/etudes-romanes-cahiers\/wp-json\/wp\/v2\/pages\/312","targetHints":{"allow":["GET"]}}],"collection":[{"href":"https:\/\/blogs.univ-tlse2.fr\/etudes-romanes-cahiers\/wp-json\/wp\/v2\/pages"}],"about":[{"href":"https:\/\/blogs.univ-tlse2.fr\/etudes-romanes-cahiers\/wp-json\/wp\/v2\/types\/page"}],"author":[{"embeddable":true,"href":"https:\/\/blogs.univ-tlse2.fr\/etudes-romanes-cahiers\/wp-json\/wp\/v2\/users\/1484"}],"replies":[{"embeddable":true,"href":"https:\/\/blogs.univ-tlse2.fr\/etudes-romanes-cahiers\/wp-json\/wp\/v2\/comments?post=312"}],"version-history":[{"count":48,"href":"https:\/\/blogs.univ-tlse2.fr\/etudes-romanes-cahiers\/wp-json\/wp\/v2\/pages\/312\/revisions"}],"predecessor-version":[{"id":6421,"href":"https:\/\/blogs.univ-tlse2.fr\/etudes-romanes-cahiers\/wp-json\/wp\/v2\/pages\/312\/revisions\/6421"}],"wp:attachment":[{"href":"https:\/\/blogs.univ-tlse2.fr\/etudes-romanes-cahiers\/wp-json\/wp\/v2\/media?parent=312"}],"curies":[{"name":"wp","href":"https:\/\/api.w.org\/{rel}","templated":true}]}}