 {"id":34,"date":"2022-10-25T20:34:47","date_gmt":"2022-10-25T18:34:47","guid":{"rendered":"https:\/\/blogs.univ-tlse2.fr\/etudes-romanes-cahiers\/?page_id=34"},"modified":"2025-12-15T17:55:54","modified_gmt":"2025-12-15T16:55:54","slug":"presentation-linguistique","status":"publish","type":"page","link":"https:\/\/blogs.univ-tlse2.fr\/etudes-romanes-cahiers\/presentation-linguistique\/","title":{"rendered":"(En)Jeux de mots"},"content":{"rendered":"\n<div class=\"wp-block-group alignwide\"><div class=\"wp-block-group__inner-container is-layout-flow wp-block-group-is-layout-flow\">\n<div class=\"wp-block-group\"><div class=\"wp-block-group__inner-container is-layout-flow wp-block-group-is-layout-flow\">\n<div class=\"wp-block-media-text alignwide has-media-on-the-right is-stacked-on-mobile\"><div class=\"wp-block-media-text__content\">\n<p class=\"has-text-align-left\">La linguistique \u2013 du latin <em>lingua<\/em> qui signifie \u00ab\u00a0langue\u00a0\u00bb, suivi du suffixe  <br>-iste qui sert \u00e0 former le nom correspondant au m\u00e9tier\u2026<\/p>\n\n\n\n<p class=\"has-text-align-center has-large-font-size\">Non ! <\/p>\n\n\n\n<p>La linguistique est bien plus qu\u2019une simple d\u00e9finition de termes telle que nous l\u2019enseignent certains dictionnaires. En plus de son utilit\u00e9 remarquable dans certains domaines comme la litt\u00e9rature, la traduction ou encore l\u2019histoire, elle nous invite \u00e0 nous interroger sur les choix de mots effectu\u00e9s par les locuteur.rice.s et autres auteur.rice.s \u00e0 l\u2019heure de s\u2019exprimer pour transmettre leurs savoirs, id\u00e9es ou vision des choses.<\/p>\n<\/div><figure class=\"wp-block-media-text__media\"><img loading=\"lazy\" decoding=\"async\" width=\"443\" height=\"630\" src=\"https:\/\/blogs.univ-tlse2.fr\/etudes-romanes-cahiers\/files\/2022\/10\/Enjeux-de-mots.png\" alt=\"\" class=\"wp-image-586 size-full\" srcset=\"https:\/\/blogs.univ-tlse2.fr\/etudes-romanes-cahiers\/files\/2022\/10\/Enjeux-de-mots.png 443w, https:\/\/blogs.univ-tlse2.fr\/etudes-romanes-cahiers\/files\/2022\/10\/Enjeux-de-mots-211x300.png 211w\" sizes=\"auto, (max-width: 443px) 100vw, 443px\" \/><\/figure><\/div>\n<\/div><\/div>\n<\/div><\/div>\n\n\n\n<p><br>Notre but sera donc d\u2019expliquer le fonctionnement d\u2019une langue, mais aussi de mettre en \u00e9vidence l\u2019importance et la puissance que rec\u00e8lent les mots adopt\u00e9s par les \u00e9nonciateur.rice.s de diff\u00e9rentes \u00e9poques. <\/p>\n\n\n\n<p><br>\u00c0 la lumi\u00e8re du savoir fondateur de Ferdinand de Saussure, nous vous promettons une lecture enrichissante de questions bien trop souvent laiss\u00e9es dans l\u2019ombre. Bonne d\u00e9couverte \u00e0 tous.te.s !<\/p>\n\n\n\n<p><\/p>\n\n\n\n<figure class=\"wp-block-pullquote\"><blockquote><p><em>La langue est un tr\u00e9sor d\u00e9pos\u00e9 par la pratique de la parole dans les sujets appartenant \u00e0 une m\u00eame communaut\u00e9.<\/em><\/p><cite>Ferdinand de Saussure<\/cite><\/blockquote><\/figure>\n","protected":false},"excerpt":{"rendered":"<p>La linguistique \u2013 du latin lingua qui signifie \u00ab\u00a0langue\u00a0\u00bb, suivi du suffixe -iste qui sert \u00e0 former le nom correspondant au m\u00e9tier\u2026 Non ! La linguistique est bien plus qu\u2019une simple d\u00e9finition de termes telle que nous l\u2019enseignent certains dictionnaires. En plus de son utilit\u00e9 remarquable dans certains domaines comme la litt\u00e9rature, la traduction ou [&hellip;]<\/p>\n","protected":false},"author":1191,"featured_media":0,"parent":0,"menu_order":0,"comment_status":"closed","ping_status":"closed","template":"","meta":{"footnotes":""},"class_list":["post-34","page","type-page","status-publish","hentry","post-preview"],"_links":{"self":[{"href":"https:\/\/blogs.univ-tlse2.fr\/etudes-romanes-cahiers\/wp-json\/wp\/v2\/pages\/34","targetHints":{"allow":["GET"]}}],"collection":[{"href":"https:\/\/blogs.univ-tlse2.fr\/etudes-romanes-cahiers\/wp-json\/wp\/v2\/pages"}],"about":[{"href":"https:\/\/blogs.univ-tlse2.fr\/etudes-romanes-cahiers\/wp-json\/wp\/v2\/types\/page"}],"author":[{"embeddable":true,"href":"https:\/\/blogs.univ-tlse2.fr\/etudes-romanes-cahiers\/wp-json\/wp\/v2\/users\/1191"}],"replies":[{"embeddable":true,"href":"https:\/\/blogs.univ-tlse2.fr\/etudes-romanes-cahiers\/wp-json\/wp\/v2\/comments?post=34"}],"version-history":[{"count":70,"href":"https:\/\/blogs.univ-tlse2.fr\/etudes-romanes-cahiers\/wp-json\/wp\/v2\/pages\/34\/revisions"}],"predecessor-version":[{"id":6529,"href":"https:\/\/blogs.univ-tlse2.fr\/etudes-romanes-cahiers\/wp-json\/wp\/v2\/pages\/34\/revisions\/6529"}],"wp:attachment":[{"href":"https:\/\/blogs.univ-tlse2.fr\/etudes-romanes-cahiers\/wp-json\/wp\/v2\/media?parent=34"}],"curies":[{"name":"wp","href":"https:\/\/api.w.org\/{rel}","templated":true}]}}