 {"id":40,"date":"2022-09-27T19:01:27","date_gmt":"2022-09-27T17:01:27","guid":{"rendered":"https:\/\/blogs.univ-tlse2.fr\/etudes-romanes-cahiers\/?page_id=40"},"modified":"2025-10-06T18:15:51","modified_gmt":"2025-10-06T16:15:51","slug":"presentation-cinema-et-arts-visuels","status":"publish","type":"page","link":"https:\/\/blogs.univ-tlse2.fr\/etudes-romanes-cahiers\/presentation-cinema-et-arts-visuels\/","title":{"rendered":"\u00c0 propos de Champ&rsquo;Son"},"content":{"rendered":"\n<figure class=\"wp-block-image size-large\"><img loading=\"lazy\" decoding=\"async\" width=\"1024\" height=\"846\" src=\"https:\/\/blogs.univ-tlse2.fr\/etudes-romanes-cahiers\/files\/2024\/10\/Pierre-Auguste_Renoir_-_Jeune_Espagnole_jouant_de_la_guitare-1024x846.jpg\" alt=\"\" class=\"wp-image-5824\" srcset=\"https:\/\/blogs.univ-tlse2.fr\/etudes-romanes-cahiers\/files\/2024\/10\/Pierre-Auguste_Renoir_-_Jeune_Espagnole_jouant_de_la_guitare-1024x846.jpg 1024w, https:\/\/blogs.univ-tlse2.fr\/etudes-romanes-cahiers\/files\/2024\/10\/Pierre-Auguste_Renoir_-_Jeune_Espagnole_jouant_de_la_guitare-300x248.jpg 300w, https:\/\/blogs.univ-tlse2.fr\/etudes-romanes-cahiers\/files\/2024\/10\/Pierre-Auguste_Renoir_-_Jeune_Espagnole_jouant_de_la_guitare-768x634.jpg 768w, https:\/\/blogs.univ-tlse2.fr\/etudes-romanes-cahiers\/files\/2024\/10\/Pierre-Auguste_Renoir_-_Jeune_Espagnole_jouant_de_la_guitare-1536x1269.jpg 1536w, https:\/\/blogs.univ-tlse2.fr\/etudes-romanes-cahiers\/files\/2024\/10\/Pierre-Auguste_Renoir_-_Jeune_Espagnole_jouant_de_la_guitare-2048x1692.jpg 2048w, https:\/\/blogs.univ-tlse2.fr\/etudes-romanes-cahiers\/files\/2024\/10\/Pierre-Auguste_Renoir_-_Jeune_Espagnole_jouant_de_la_guitare-676x558.jpg 676w\" sizes=\"auto, (max-width: 1024px) 100vw, 1024px\" \/><figcaption class=\"wp-element-caption\">Pierre-Auguste Renoir, Jeune Espagnole \u00e0 la guitare, 1898, National Gallery of Art, Washington DC.<\/figcaption><\/figure>\n\n\n\n<p class=\"has-text-align-left\">Quel est le lien entre le son et l\u2019image ? Qu\u2019est-ce qu\u2019une image ? Qu\u2019est-ce qu\u2019une chanson ? Les r\u00e9ponses paraissent simples, mais le sont-elles vraiment ? Quelques jeunes chercheur.euse.s se sont lanc\u00e9\u2e31e\u2e31s le d\u00e9fi d\u2019observer les enjeux de la repr\u00e9sentation, en passant par l\u2019image, les arts picturaux, la repr\u00e9sentation sc\u00e9nique et visuelle, les clips vid\u00e9o mais aussi le chant.<br><br>En effet, gr\u00e2ce aux images et \u00e0 la musique, nous pouvons tous\u2e31te.s voyager au travers de l\u2019Histoire, chacun\u2e31e \u00e0 des p\u00e9riodes diff\u00e9rentes et dans des zones g\u00e9ographiques d\u00e9termin\u00e9es (l\u2019Am\u00e9rique latine, l\u2019Espagne, l\u2019Italie et le Portugal).<br><br>Dans cette nouvelle approche, nous essayons d\u2019\u00e9tudier certaines soci\u00e9t\u00e9s par un voyage au c\u0153ur de l\u2019image, concept existant depuis la nuit des temps mais qui ne cesse d\u2019\u00e9voluer. Qui dit \u00e9volution, dit nouveaux terrains \u00e0 explorer tels que les sons qui accompagnent l\u2019image. Nous tentons, ainsi, \u00e0 notre \u00e9chelle, d\u2019apporter un nouveau regard sur ces nouvelles formes artistiques. Suivez-nous dans notre interpr\u00e9tation de la valeur symbolique de l\u2019image et du son.<\/p>\n\n\n\n<blockquote class=\"wp-block-quote is-layout-flow wp-block-quote-is-layout-flow\">\n<p><strong>\u00ab Les artistes ont une fonction pr\u00e9cieuse dans toute soci\u00e9t\u00e9, car ce sont eux qui r\u00e9v\u00e8lent la soci\u00e9t\u00e9 \u00e0 elle-m\u00eame. \u00bb<\/strong><\/p>\n\n\n\n<p><strong>Harry Belafonte (traduction de la r\u00e9daction).<\/strong><\/p>\n<\/blockquote>\n\n\n\n<p><\/p>\n","protected":false},"excerpt":{"rendered":"<p>Quel est le lien entre le son et l\u2019image ? Qu\u2019est-ce qu\u2019une image ? Qu\u2019est-ce qu\u2019une chanson ? Les r\u00e9ponses paraissent simples, mais le sont-elles vraiment ? Quelques jeunes chercheur.euse.s se sont lanc\u00e9\u2e31e\u2e31s le d\u00e9fi d\u2019observer les enjeux de la repr\u00e9sentation, en passant par l\u2019image, les arts picturaux, la repr\u00e9sentation sc\u00e9nique et visuelle, les clips [&hellip;]<\/p>\n","protected":false},"author":533,"featured_media":0,"parent":0,"menu_order":0,"comment_status":"closed","ping_status":"closed","template":"","meta":{"footnotes":""},"class_list":["post-40","page","type-page","status-publish","hentry","post-preview"],"_links":{"self":[{"href":"https:\/\/blogs.univ-tlse2.fr\/etudes-romanes-cahiers\/wp-json\/wp\/v2\/pages\/40","targetHints":{"allow":["GET"]}}],"collection":[{"href":"https:\/\/blogs.univ-tlse2.fr\/etudes-romanes-cahiers\/wp-json\/wp\/v2\/pages"}],"about":[{"href":"https:\/\/blogs.univ-tlse2.fr\/etudes-romanes-cahiers\/wp-json\/wp\/v2\/types\/page"}],"author":[{"embeddable":true,"href":"https:\/\/blogs.univ-tlse2.fr\/etudes-romanes-cahiers\/wp-json\/wp\/v2\/users\/533"}],"replies":[{"embeddable":true,"href":"https:\/\/blogs.univ-tlse2.fr\/etudes-romanes-cahiers\/wp-json\/wp\/v2\/comments?post=40"}],"version-history":[{"count":48,"href":"https:\/\/blogs.univ-tlse2.fr\/etudes-romanes-cahiers\/wp-json\/wp\/v2\/pages\/40\/revisions"}],"predecessor-version":[{"id":6418,"href":"https:\/\/blogs.univ-tlse2.fr\/etudes-romanes-cahiers\/wp-json\/wp\/v2\/pages\/40\/revisions\/6418"}],"wp:attachment":[{"href":"https:\/\/blogs.univ-tlse2.fr\/etudes-romanes-cahiers\/wp-json\/wp\/v2\/media?parent=40"}],"curies":[{"name":"wp","href":"https:\/\/api.w.org\/{rel}","templated":true}]}}