 {"id":45,"date":"2022-09-27T19:06:20","date_gmt":"2022-09-27T17:06:20","guid":{"rendered":"https:\/\/blogs.univ-tlse2.fr\/etudes-romanes-cahiers\/?page_id=45"},"modified":"2023-10-08T18:13:04","modified_gmt":"2023-10-08T16:13:04","slug":"qui-sommes-nous","status":"publish","type":"page","link":"https:\/\/blogs.univ-tlse2.fr\/etudes-romanes-cahiers\/qui-sommes-nous\/","title":{"rendered":"Nouveaux Horizons dans la Recherche en Etudes Romanes"},"content":{"rendered":"\n<div class=\"wp-block-media-text alignwide has-media-on-the-right is-stacked-on-mobile\"><div class=\"wp-block-media-text__content\">\n<p class=\"has-text-align-left\">Bienvenu\u00b7es dans cet espace de diffusion scientifique construit par de jeunes chercheur\u00b7euses d\u00e9di\u00e9 aux espaces hispanophones, lusophone te italianophones, qu&rsquo;ils soient europ\u00e9ens, am\u00e9ricains ou africains.<\/p>\n\n\n\n<p>Nous sommes \u00e9tudiant\u00b7e\u00b7s en deuxi\u00e8me ann\u00e9e de <a href=\"https:\/\/master-etudes-romanes-pre.univ-tlse2.fr\/\">Master recherche en \u00c9tudes Romanes<\/a> \u00e0 l&rsquo;Universit\u00e9 Toulouse II Jean Jaur\u00e8s, tous les parcours confondus (<a href=\"https:\/\/www.univ-tlse2.fr\/accueil\/formation-insertion\/master-etudes-romanes-etudes-hispano-americaines\">hispano-am\u00e9ricain<\/a>, <a href=\"https:\/\/www.univ-tlse2.fr\/accueil\/formation-insertion\/master-etudes-romanes-etudes-hispaniques\">hispanique<\/a>, <a href=\"https:\/\/www.univ-tlse2.fr\/accueil\/formation-insertion\/master-etudes-romanes-etudes-lusophones\">lusiste<\/a> et <a href=\"https:\/\/www.univ-tlse2.fr\/accueil\/formation-insertion\/master-etudes-romanes-etudes-italiennes\">italianiste<\/a>). C&rsquo;est avec la collaboration de <a href=\"https:\/\/ceiiba.univ-tlse2.fr\/accueil\/membres-de-lunite\/permanents\/therese-courau#\/\">M<sup>me<\/sup> Th\u00e9r\u00e8se Courau<\/a> que nous avons cr\u00e9\u00e9 ce blog scientifique afin de&nbsp; promouvoir la culture des langues romanes \u00e0 travers l&rsquo;\u00e9tat actuel de nos recherches.<\/p>\n\n\n\n<p>Nous sommes ici pr\u00eat\u00b7e\u00b7s \u00e0 partager, d\u00e9couvrir et re-signifier des notions th\u00e9matiques vari\u00e9es qui traversent diff\u00e9rentes aires <strong>socio-culturelles<\/strong>, <strong>symboliques<\/strong> et <strong>territoriales<\/strong> auxquelles nous nous int\u00e9ressons.<\/p>\n\n\n\n<p>Nos travaux s&rsquo;inscrivent dans les propositions th\u00e9oriques des laboratoires pluridisciplinaires de recherche du<a href=\"https:\/\/ceiiba.univ-tlse2.fr\/\"> CEIIBA<\/a>, de<a href=\"https:\/\/framespa.univ-tlse2.fr\/\"> FRAMESPA<\/a>, du<a href=\"https:\/\/lla-creatis.univ-tlse2.fr\/\"> LLA-CREATIS<\/a> et de<a href=\"https:\/\/laboratorio.univ-tlse2.fr\/\"> IL LABORATORIO<\/a>. Nos \u00e9tudes s&rsquo;\u00e9tendent pour lors sur plusieurs champs de recherche.<\/p>\n\n\n\n<p>Venez explorer nos cr\u00e9ations, chaque rubrique propose un contenu sp\u00e9cifique :<\/p>\n\n\n\n<ul class=\"wp-block-list\">\n<li><a href=\"https:\/\/blogs.univ-tlse2.fr\/etudes-romanes-cahiers\/presentation-linguistique\/\">(En)jeux de mots<\/a><\/li>\n\n\n\n<li><a href=\"https:\/\/blogs.univ-tlse2.fr\/etudes-romanes-cahiers\/presentation-cinema-et-arts-visuels\/\">Arr\u00eat sur image<\/a><\/li>\n\n\n\n<li><a href=\"https:\/\/blogs.univ-tlse2.fr\/etudes-romanes-cahiers\/page-d-exemple\/\">Litt\u00e9ratures de Am\u00e9frica Ladina<\/a><\/li>\n\n\n\n<li><a href=\"https:\/\/blogs.univ-tlse2.fr\/etudes-romanes-cahiers\/nouvelere-en-ibero-amerique\/\">Nouvel&rsquo;\u00e8re en Ibero-am\u00e9rique<\/a><\/li>\n\n\n\n<li><a href=\"https:\/\/blogs.univ-tlse2.fr\/etudes-romanes-cahiers\/histoire-dpasse-e-s\/\">Histoires des pass\u00e9<\/a><\/li>\n<\/ul>\n\n\n\n<p>C\u2019est par le biais de l\u2019<strong>h\u00e9t\u00e9rog\u00e9n\u00e9it\u00e9<\/strong>, la <strong>pluridisciplinarit\u00e9 <\/strong>et la <strong>multiculturalit\u00e9<\/strong> que se construit la richesse de cet espace commun.&nbsp;<\/p>\n\n\n\n<p>Bonne d\u00e9couverte et bonne lecture !<\/p>\n<\/div><figure class=\"wp-block-media-text__media\"><img loading=\"lazy\" decoding=\"async\" width=\"467\" height=\"1024\" src=\"https:\/\/blogs.univ-tlse2.fr\/etudes-romanes-cahiers\/files\/2022\/10\/torre-babel-467x1024.jpg\" alt=\"\" class=\"wp-image-575 size-full\" srcset=\"https:\/\/blogs.univ-tlse2.fr\/etudes-romanes-cahiers\/files\/2022\/10\/torre-babel-467x1024.jpg 467w, https:\/\/blogs.univ-tlse2.fr\/etudes-romanes-cahiers\/files\/2022\/10\/torre-babel-137x300.jpg 137w, https:\/\/blogs.univ-tlse2.fr\/etudes-romanes-cahiers\/files\/2022\/10\/torre-babel-676x1483.jpg 676w, https:\/\/blogs.univ-tlse2.fr\/etudes-romanes-cahiers\/files\/2022\/10\/torre-babel.jpg 700w\" sizes=\"auto, (max-width: 467px) 100vw, 467px\" \/><\/figure><\/div>\n\n\n\n<p class=\"has-text-align-center has-small-font-size\"><em>Ce blog est enti\u00e8rement r\u00e9dig\u00e9 sous la norme de l\u2019\u00e9criture inclusive dans une logique d\u2019\u00e9gale repr\u00e9sentation de tou\u00b7tes les contributeur\u00b7rice\u00b7s ayant particip\u00e9 \u00e0 son \u00e9laboration et son alimentation. Nous consid\u00e9rons qu\u2019en tant que blog se destinant \u00e0 faire avancer la recherche pour en d\u00e9gager de nouvelles perspectives \u00e9clair\u00e9es et inclusives sur l\u2019histoire, les langues et les arts, la retranscription \u00e9crite de nos recherches se doit \u00e9galement de s\u2019inscrire dans cette m\u00eame optique, en employant l\u2019\u00e9criture inclusive. De plus, en tant qu\u2019\u00e9tudiant\u00b7es et repr\u00e9sentant\u00b7es par ce blog de l\u2019UT2J, nous suivons la ligne directrice de notre universit\u00e9 qui, dans ses communiqu\u00e9s, adopte ce m\u00eame langage.<\/em><\/p>\n","protected":false},"excerpt":{"rendered":"<p>Ce blog est enti\u00e8rement r\u00e9dig\u00e9 sous la norme de l\u2019\u00e9criture inclusive dans une logique d\u2019\u00e9gale repr\u00e9sentation de tou\u00b7tes les contributeur\u00b7rice\u00b7s ayant particip\u00e9 \u00e0 son \u00e9laboration et son alimentation. Nous consid\u00e9rons qu\u2019en tant que blog se destinant \u00e0 faire avancer la recherche pour en d\u00e9gager de nouvelles perspectives \u00e9clair\u00e9es et inclusives sur l\u2019histoire, les langues et [&hellip;]<\/p>\n","protected":false},"author":533,"featured_media":0,"parent":0,"menu_order":0,"comment_status":"open","ping_status":"closed","template":"template-fullwidth.php","meta":{"footnotes":""},"class_list":["post-45","page","type-page","status-publish","hentry","post-preview"],"_links":{"self":[{"href":"https:\/\/blogs.univ-tlse2.fr\/etudes-romanes-cahiers\/wp-json\/wp\/v2\/pages\/45","targetHints":{"allow":["GET"]}}],"collection":[{"href":"https:\/\/blogs.univ-tlse2.fr\/etudes-romanes-cahiers\/wp-json\/wp\/v2\/pages"}],"about":[{"href":"https:\/\/blogs.univ-tlse2.fr\/etudes-romanes-cahiers\/wp-json\/wp\/v2\/types\/page"}],"author":[{"embeddable":true,"href":"https:\/\/blogs.univ-tlse2.fr\/etudes-romanes-cahiers\/wp-json\/wp\/v2\/users\/533"}],"replies":[{"embeddable":true,"href":"https:\/\/blogs.univ-tlse2.fr\/etudes-romanes-cahiers\/wp-json\/wp\/v2\/comments?post=45"}],"version-history":[{"count":44,"href":"https:\/\/blogs.univ-tlse2.fr\/etudes-romanes-cahiers\/wp-json\/wp\/v2\/pages\/45\/revisions"}],"predecessor-version":[{"id":3139,"href":"https:\/\/blogs.univ-tlse2.fr\/etudes-romanes-cahiers\/wp-json\/wp\/v2\/pages\/45\/revisions\/3139"}],"wp:attachment":[{"href":"https:\/\/blogs.univ-tlse2.fr\/etudes-romanes-cahiers\/wp-json\/wp\/v2\/media?parent=45"}],"curies":[{"name":"wp","href":"https:\/\/api.w.org\/{rel}","templated":true}]}}