 {"id":31,"date":"2026-02-03T11:44:08","date_gmt":"2026-02-03T10:44:08","guid":{"rendered":"https:\/\/blogs.univ-tlse2.fr\/expert\/?page_id=31"},"modified":"2026-02-03T14:50:54","modified_gmt":"2026-02-03T13:50:54","slug":"contact","status":"publish","type":"page","link":"https:\/\/blogs.univ-tlse2.fr\/expert\/contact\/","title":{"rendered":"Contact"},"content":{"rendered":"\n<p><strong>Anne Condamines<\/strong><br>Directrice de Recherche, CNRS, Laboratoire CLLE (UMR 5263)<br>Responsable scientifique et administrative<br>&#97;&#x6e;n&#x65;&#46;&#99;&#x6f;n&#x64;a&#x6d;i&#110;&#x65;s&#x40;u&#x6e;&#x69;&#118;&#x2d;t&#x6c;s&#101;&#x2e;f&#x72;<\/p>\n\n\n\n<p><strong>Aur\u00e9lie Picton<\/strong><br>Professeure associ\u00e9e, D\u00e9partement de traitement informatique multilingue (TIM), Universit\u00e9 de Gen\u00e8ve<br>Co-responsable scientifique<br>&#x61;&#117;r&#x65;&#x6c;&#105;e&#x2e;&#x70;&#105;c&#x74;&#x6f;&#110;&#64;&#x75;&#x6e;&#105;g&#x65;&#x2e;&#99;h<\/p>\n\n\n\n<p><strong>Chiara Minoccheri<\/strong><br>Ing\u00e9nieure de recherche projet E.XPER.T, Laboratoire CLLE (UMR 5263)<br>&#x63;h&#x69;a&#x72;&#97;&#46;&#x6d;i&#x6e;&#111;c&#x63;h&#x65;&#114;i&#x40;u&#x6e;i&#x76;&#x2d;t&#x6c;s&#x65;&#50;&#46;&#x66;r<\/p>\n\n\n\n<p><br><\/p>\n","protected":false},"excerpt":{"rendered":"<p>Anne CondaminesDirectrice de Recherche, CNRS, Laboratoire CLLE (UMR 5263)Responsable scientifique et administrative&#x61;n&#x6e;&#x65;&#46;&#x63;&#x6f;n&#x64;&#x61;m&#x69;&#x6e;e&#x73;&#x40;u&#x6e;&#105;v&#x2d;&#116;l&#x73;&#101;&#46;&#x66;&#114; Aur\u00e9lie PictonProfesseure associ\u00e9e, D\u00e9partement de traitement informatique multilingue (TIM), Universit\u00e9 de Gen\u00e8veCo-responsable scientifique&#x61;&#117;r&#x65;&#x6c;ie&#x2e;&#112;i&#x63;&#x74;on&#x40;&#117;n&#x69;&#x67;&#101;&#46;&#x63;&#x68; Chiara MinoccheriIng\u00e9nieure de recherche projet E.XPER.T, Laboratoire CLLE (UMR 5263)c&#x68;&#x69;a&#114;&#x61;&#46;&#109;&#x69;n&#111;&#x63;ch&#x65;&#x72;i&#x40;&#x75;n&#105;&#x76;-&#116;&#x6c;se&#x32;&#x2e;f&#x72;<\/p>\n","protected":false},"author":1028,"featured_media":0,"parent":0,"menu_order":3,"comment_status":"closed","ping_status":"closed","template":"","meta":{"footnotes":""},"class_list":["post-31","page","type-page","status-publish","hentry"],"_links":{"self":[{"href":"https:\/\/blogs.univ-tlse2.fr\/expert\/wp-json\/wp\/v2\/pages\/31","targetHints":{"allow":["GET"]}}],"collection":[{"href":"https:\/\/blogs.univ-tlse2.fr\/expert\/wp-json\/wp\/v2\/pages"}],"about":[{"href":"https:\/\/blogs.univ-tlse2.fr\/expert\/wp-json\/wp\/v2\/types\/page"}],"author":[{"embeddable":true,"href":"https:\/\/blogs.univ-tlse2.fr\/expert\/wp-json\/wp\/v2\/users\/1028"}],"replies":[{"embeddable":true,"href":"https:\/\/blogs.univ-tlse2.fr\/expert\/wp-json\/wp\/v2\/comments?post=31"}],"version-history":[{"count":1,"href":"https:\/\/blogs.univ-tlse2.fr\/expert\/wp-json\/wp\/v2\/pages\/31\/revisions"}],"predecessor-version":[{"id":32,"href":"https:\/\/blogs.univ-tlse2.fr\/expert\/wp-json\/wp\/v2\/pages\/31\/revisions\/32"}],"wp:attachment":[{"href":"https:\/\/blogs.univ-tlse2.fr\/expert\/wp-json\/wp\/v2\/media?parent=31"}],"curies":[{"name":"wp","href":"https:\/\/api.w.org\/{rel}","templated":true}]}}