 {"id":57,"date":"2026-02-03T15:27:10","date_gmt":"2026-02-03T14:27:10","guid":{"rendered":"https:\/\/blogs.univ-tlse2.fr\/expert\/?page_id=57"},"modified":"2026-02-03T15:27:29","modified_gmt":"2026-02-03T14:27:29","slug":"accueil","status":"publish","type":"page","link":"https:\/\/blogs.univ-tlse2.fr\/expert\/","title":{"rendered":"Welcome!"},"content":{"rendered":"\n<div class=\"wp-block-columns is-layout-flex wp-container-core-columns-is-layout-28f84493 wp-block-columns-is-layout-flex\">\n<div class=\"wp-block-column is-layout-flow wp-block-column-is-layout-flow\">\n<p class=\"has-text-align-center\">Vous \u00eates linguiste et travaillez sur des domaines de sp\u00e9cialit\u00e9 ?<br>Ou terminologue, traducteur\u00b7rice ou ing\u00e9nieur\u00b7e de connaissances ?<br>Partagez votre exp\u00e9rience !<\/p>\n\n\n\n<div class=\"wp-block-buttons is-content-justification-center is-layout-flex wp-container-core-buttons-is-layout-a89b3969 wp-block-buttons-is-layout-flex\">\n<div class=\"wp-block-button has-custom-width wp-block-button__width-100\"><a class=\"wp-block-button__link has-foreground-color has-secondary-background-color has-text-color has-background has-link-color wp-element-button\" href=\"https:\/\/enquetes.univ-tlse2.fr\/index.php\/158247?lang=fr\">R\u00e9pondez \u00e0 notre enqu\u00eate<\/a><\/div>\n<\/div>\n\n\n\n<p class=\"has-text-align-center\">Et aidez-nous \u00e0 mieux comprendre le r\u00f4le des expert\u00b7es dans les recherches sur les domaines de sp\u00e9cialit\u00e9. <\/p>\n\n\n\n<p class=\"has-text-align-center\">Votre contribution compte !<\/p>\n<\/div>\n\n\n\n<div class=\"wp-block-column is-layout-flow wp-block-column-is-layout-flow\">\n<div class=\"wp-block-columns is-layout-flex wp-container-core-columns-is-layout-28f84493 wp-block-columns-is-layout-flex\">\n<div class=\"wp-block-column is-layout-flow wp-block-column-is-layout-flow\">\n<p class=\"has-text-align-center\">Are you a linguist working on specialized domains?<br>Or a terminologist, translator, or knowledge engineer?<br>Share your experience! <\/p>\n\n\n\n<div class=\"wp-block-buttons is-content-justification-center is-layout-flex wp-container-core-buttons-is-layout-a89b3969 wp-block-buttons-is-layout-flex\">\n<div class=\"wp-block-button has-custom-width wp-block-button__width-100\"><a class=\"wp-block-button__link has-foreground-color has-secondary-background-color has-text-color has-background has-link-color wp-element-button\" href=\"https:\/\/enquetes.univ-tlse2.fr\/index.php\/158247?lang=en\">Take our survey<\/a><\/div>\n<\/div>\n\n\n\n<p class=\"has-text-align-center\">And help us better understand the role of experts in research on specialized domains. <\/p>\n\n\n\n<p class=\"has-text-align-center\">Your contribution matters!<\/p>\n<\/div>\n<\/div>\n<\/div>\n<\/div>\n","protected":false},"excerpt":{"rendered":"<p>Vous \u00eates linguiste et travaillez sur des domaines de sp\u00e9cialit\u00e9 ?Ou terminologue, traducteur\u00b7rice ou ing\u00e9nieur\u00b7e de connaissances ?Partagez votre exp\u00e9rience ! Et aidez-nous \u00e0 mieux comprendre le r\u00f4le des expert\u00b7es dans les recherches sur les domaines de sp\u00e9cialit\u00e9. Votre contribution compte ! Are you a linguist working on specialized domains?Or a terminologist, translator, or knowledge [&hellip;]<\/p>\n","protected":false},"author":1028,"featured_media":0,"parent":0,"menu_order":1,"comment_status":"closed","ping_status":"closed","template":"","meta":{"footnotes":""},"class_list":["post-57","page","type-page","status-publish","hentry"],"_links":{"self":[{"href":"https:\/\/blogs.univ-tlse2.fr\/expert\/wp-json\/wp\/v2\/pages\/57","targetHints":{"allow":["GET"]}}],"collection":[{"href":"https:\/\/blogs.univ-tlse2.fr\/expert\/wp-json\/wp\/v2\/pages"}],"about":[{"href":"https:\/\/blogs.univ-tlse2.fr\/expert\/wp-json\/wp\/v2\/types\/page"}],"author":[{"embeddable":true,"href":"https:\/\/blogs.univ-tlse2.fr\/expert\/wp-json\/wp\/v2\/users\/1028"}],"replies":[{"embeddable":true,"href":"https:\/\/blogs.univ-tlse2.fr\/expert\/wp-json\/wp\/v2\/comments?post=57"}],"version-history":[{"count":1,"href":"https:\/\/blogs.univ-tlse2.fr\/expert\/wp-json\/wp\/v2\/pages\/57\/revisions"}],"predecessor-version":[{"id":58,"href":"https:\/\/blogs.univ-tlse2.fr\/expert\/wp-json\/wp\/v2\/pages\/57\/revisions\/58"}],"wp:attachment":[{"href":"https:\/\/blogs.univ-tlse2.fr\/expert\/wp-json\/wp\/v2\/media?parent=57"}],"curies":[{"name":"wp","href":"https:\/\/api.w.org\/{rel}","templated":true}]}}