 {"id":194,"date":"2012-01-21T15:51:05","date_gmt":"2012-01-21T14:51:05","guid":{"rendered":"https:\/\/blogs.univ-tlse2.fr\/fabrica\/?page_id=194"},"modified":"2012-01-21T15:51:05","modified_gmt":"2012-01-21T14:51:05","slug":"anthologie-du-faux-bourdon-francais-2","status":"publish","type":"page","link":"https:\/\/blogs.univ-tlse2.fr\/fabrica\/anthologie-du-faux-bourdon-francais-2\/","title":{"rendered":"Anthologie du faux-bourdon fran\u00e7ais"},"content":{"rendered":"<p>En lien avec l\u2019inventaire des sources musicales en France, l\u2019Ensemble  Gilles Binchois a enregistr\u00e9 un choix de pi\u00e8ces qui permettent  d\u2019appr\u00e9hender la r\u00e9alit\u00e9 sonore du faux-bourdon fran\u00e7ais du 16e au 19e  si\u00e8cle.<\/p>\n<p>L\u2019enregistrement a \u00e9t\u00e9 r\u00e9alis\u00e9 en octobre 2010 par les soins de   Jean-Fran\u00e7ois Felter (\u00a9 projet FABRICA et Ensemble Gilles Binchois)<\/p>\n","protected":false},"excerpt":{"rendered":"<p>En lien avec l\u2019inventaire des sources musicales en France, l\u2019Ensemble Gilles Binchois a enregistr\u00e9 un choix de pi\u00e8ces qui permettent d\u2019appr\u00e9hender la r\u00e9alit\u00e9 sonore du faux-bourdon fran\u00e7ais du [..]<\/p>\n","protected":false},"author":11,"featured_media":0,"parent":0,"menu_order":0,"comment_status":"open","ping_status":"open","template":"","meta":{"footnotes":""},"class_list":["post-194","page","type-page","status-publish","hentry"],"_links":{"self":[{"href":"https:\/\/blogs.univ-tlse2.fr\/fabrica\/wp-json\/wp\/v2\/pages\/194","targetHints":{"allow":["GET"]}}],"collection":[{"href":"https:\/\/blogs.univ-tlse2.fr\/fabrica\/wp-json\/wp\/v2\/pages"}],"about":[{"href":"https:\/\/blogs.univ-tlse2.fr\/fabrica\/wp-json\/wp\/v2\/types\/page"}],"author":[{"embeddable":true,"href":"https:\/\/blogs.univ-tlse2.fr\/fabrica\/wp-json\/wp\/v2\/users\/11"}],"replies":[{"embeddable":true,"href":"https:\/\/blogs.univ-tlse2.fr\/fabrica\/wp-json\/wp\/v2\/comments?post=194"}],"version-history":[{"count":2,"href":"https:\/\/blogs.univ-tlse2.fr\/fabrica\/wp-json\/wp\/v2\/pages\/194\/revisions"}],"predecessor-version":[{"id":196,"href":"https:\/\/blogs.univ-tlse2.fr\/fabrica\/wp-json\/wp\/v2\/pages\/194\/revisions\/196"}],"wp:attachment":[{"href":"https:\/\/blogs.univ-tlse2.fr\/fabrica\/wp-json\/wp\/v2\/media?parent=194"}],"curies":[{"name":"wp","href":"https:\/\/api.w.org\/{rel}","templated":true}]}}