 {"id":202,"date":"2012-01-21T16:11:26","date_gmt":"2012-01-21T15:11:26","guid":{"rendered":"https:\/\/blogs.univ-tlse2.fr\/fabrica\/?page_id=202"},"modified":"2012-01-21T16:30:04","modified_gmt":"2012-01-21T15:30:04","slug":"o-salutaris-hostia-1745","status":"publish","type":"page","link":"https:\/\/blogs.univ-tlse2.fr\/fabrica\/anthologie-du-faux-bourdon-francais-2\/o-salutaris-hostia-1745\/","title":{"rendered":"O salutaris hostia (1745)"},"content":{"rendered":"<p><!-- @font-face {   font-family: \"Cambria Math\"; }p.MsoNormal, li.MsoNormal, div.MsoNormal { margin: 0cm 0cm 0.0001pt; font-size: 12pt; font-family: \"Times New Roman\"; }.MsoChpDefault { font-size: 10pt; }div.WordSection1 { page: WordSection1; } --> <em>Cantus diversi, pro dominicis, festis, et feriis per annum<\/em> (Toulouse, 1729), pp. 227-228.<\/p>\n<p>Ce recueil a \u00e9t\u00e9 r\u00e9\u00e9dit\u00e9 plusieurs fois, jusqu&rsquo;en 1822 au moins. L&rsquo;image ci-dessous provient de l&rsquo;\u00e9dition de 1745.<\/p>\n<p><a href=\"https:\/\/blogs.univ-tlse2.fr\/fabrica\/files\/2012\/01\/FAB_03_0_Salutaris.mp3\">0_Salutaris_Hostia<\/a><\/p>\n<p><a href=\"https:\/\/blogs.univ-tlse2.fr\/fabrica\/files\/2012\/01\/O-salutaris-1.jpg\"><img loading=\"lazy\" decoding=\"async\" class=\"aligncenter size-medium wp-image-207\" src=\"https:\/\/blogs.univ-tlse2.fr\/fabrica\/files\/2012\/01\/O-salutaris-1-223x300.jpg\" alt=\"\" width=\"250\" height=\"350\" \/><\/a><a href=\"https:\/\/blogs.univ-tlse2.fr\/fabrica\/files\/2012\/01\/O-salutaris-2.jpg\"><img loading=\"lazy\" decoding=\"async\" class=\"aligncenter size-medium wp-image-210\" src=\"https:\/\/blogs.univ-tlse2.fr\/fabrica\/files\/2012\/01\/O-salutaris-2-206x300.jpg\" alt=\"\" width=\"245\" height=\"352\" \/><\/a><\/p>\n","protected":false},"excerpt":{"rendered":"<p>Cantus diversi, pro dominicis, festis, et feriis per annum (Toulouse, 1729), pp. 227-228. Ce recueil a \u00e9t\u00e9 r\u00e9\u00e9dit\u00e9 plusieurs fois, jusqu&rsquo;en 1822 au moins. L&rsquo;image ci-dessous provient de [..]<\/p>\n","protected":false},"author":11,"featured_media":0,"parent":194,"menu_order":0,"comment_status":"open","ping_status":"open","template":"","meta":{"footnotes":""},"class_list":["post-202","page","type-page","status-publish","hentry"],"_links":{"self":[{"href":"https:\/\/blogs.univ-tlse2.fr\/fabrica\/wp-json\/wp\/v2\/pages\/202","targetHints":{"allow":["GET"]}}],"collection":[{"href":"https:\/\/blogs.univ-tlse2.fr\/fabrica\/wp-json\/wp\/v2\/pages"}],"about":[{"href":"https:\/\/blogs.univ-tlse2.fr\/fabrica\/wp-json\/wp\/v2\/types\/page"}],"author":[{"embeddable":true,"href":"https:\/\/blogs.univ-tlse2.fr\/fabrica\/wp-json\/wp\/v2\/users\/11"}],"replies":[{"embeddable":true,"href":"https:\/\/blogs.univ-tlse2.fr\/fabrica\/wp-json\/wp\/v2\/comments?post=202"}],"version-history":[{"count":7,"href":"https:\/\/blogs.univ-tlse2.fr\/fabrica\/wp-json\/wp\/v2\/pages\/202\/revisions"}],"predecessor-version":[{"id":215,"href":"https:\/\/blogs.univ-tlse2.fr\/fabrica\/wp-json\/wp\/v2\/pages\/202\/revisions\/215"}],"up":[{"embeddable":true,"href":"https:\/\/blogs.univ-tlse2.fr\/fabrica\/wp-json\/wp\/v2\/pages\/194"}],"wp:attachment":[{"href":"https:\/\/blogs.univ-tlse2.fr\/fabrica\/wp-json\/wp\/v2\/media?parent=202"}],"curies":[{"name":"wp","href":"https:\/\/api.w.org\/{rel}","templated":true}]}}