 {"id":232,"date":"2012-01-21T17:34:44","date_gmt":"2012-01-21T16:34:44","guid":{"rendered":"https:\/\/blogs.univ-tlse2.fr\/fabrica\/?page_id=232"},"modified":"2012-01-21T17:35:02","modified_gmt":"2012-01-21T16:35:02","slug":"kyrie-1840","status":"publish","type":"page","link":"https:\/\/blogs.univ-tlse2.fr\/fabrica\/anthologie-du-faux-bourdon-francais-2\/kyrie-1840\/","title":{"rendered":"Kyrie (1840)"},"content":{"rendered":"<p><!-- @font-face {   font-family: \"Cambria Math\"; }p.MsoNormal, li.MsoNormal, div.MsoNormal { margin: 0cm 0cm 0.0001pt; font-size: 12pt; font-family: \"Times New Roman\"; }.MsoChpDefault { font-size: 10pt; }div.WordSection1 { page: WordSection1; } --> BONHOURE P\u00e8re, <em>M\u00e9thode th\u00e9orique et pratique de plain-chant publi\u00e9e sous les auspices et avec l&rsquo;approbation de Monseigneur l&rsquo;Archev\u00eaque de Toulouse et de nos Nosseigneurs les \u00e9v\u00eaques de Pamiers, Montauban et Carcassonne : ouvrage utile \u00e0 MM. les Cur\u00e9s, aux instituteurs de campagne et destin\u00e9 aux \u00e9l\u00e8ves des petits s\u00e9minaires, des \u00e9coles primaires et aux jeunes gens qui se proposent de remplir les fonctions de chantre d&rsquo;\u00e9glise<\/em> (Toulouse, 1840), pp. 197-200.<\/p>\n<p>L&rsquo;int\u00e9gralit\u00e9 du livre est consultable <a title=\"Bonhoure, M\u00e9thode 1840\" href=\"http:\/\/numerique.bibliotheque.toulouse.fr\/cgi-bin\/superlibrary?a=d&amp;d=\/ark:\/74899\/B315556101_CM150217\" target=\"_blank\">ici.<\/a><\/p>\n<p><a href=\"https:\/\/blogs.univ-tlse2.fr\/fabrica\/files\/2012\/01\/FAB_04_Kyrie_Sol.mp3\">Kyrie_Bonhoure_EGB<\/a><\/p>\n<p>&nbsp;<\/p>\n<p><a href=\"https:\/\/blogs.univ-tlse2.fr\/fabrica\/files\/2012\/01\/Bonhoure_Kyrie_1.jpg\"><img loading=\"lazy\" decoding=\"async\" class=\"aligncenter size-medium wp-image-234\" src=\"https:\/\/blogs.univ-tlse2.fr\/fabrica\/files\/2012\/01\/Bonhoure_Kyrie_1-241x300.jpg\" alt=\"\" width=\"241\" height=\"300\" srcset=\"https:\/\/blogs.univ-tlse2.fr\/fabrica\/files\/2012\/01\/Bonhoure_Kyrie_1-241x300.jpg 241w, https:\/\/blogs.univ-tlse2.fr\/fabrica\/files\/2012\/01\/Bonhoure_Kyrie_1-823x1024.jpg 823w, https:\/\/blogs.univ-tlse2.fr\/fabrica\/files\/2012\/01\/Bonhoure_Kyrie_1.jpg 873w\" sizes=\"auto, (max-width: 241px) 100vw, 241px\" \/><\/a><\/p>\n<p><a href=\"https:\/\/blogs.univ-tlse2.fr\/fabrica\/files\/2012\/01\/Bonhoure_Kyrie_2.jpg\"><img loading=\"lazy\" decoding=\"async\" class=\"aligncenter size-medium wp-image-235\" src=\"https:\/\/blogs.univ-tlse2.fr\/fabrica\/files\/2012\/01\/Bonhoure_Kyrie_2-201x300.jpg\" alt=\"\" width=\"241\" height=\"359\" srcset=\"https:\/\/blogs.univ-tlse2.fr\/fabrica\/files\/2012\/01\/Bonhoure_Kyrie_2-201x300.jpg 201w, https:\/\/blogs.univ-tlse2.fr\/fabrica\/files\/2012\/01\/Bonhoure_Kyrie_2-688x1024.jpg 688w, https:\/\/blogs.univ-tlse2.fr\/fabrica\/files\/2012\/01\/Bonhoure_Kyrie_2.jpg 855w\" sizes=\"auto, (max-width: 241px) 100vw, 241px\" \/><\/a><\/p>\n<p><a href=\"https:\/\/blogs.univ-tlse2.fr\/fabrica\/files\/2012\/01\/Bonhoure_Kyrie_3.jpg\"><img loading=\"lazy\" decoding=\"async\" class=\"aligncenter size-medium wp-image-236\" src=\"https:\/\/blogs.univ-tlse2.fr\/fabrica\/files\/2012\/01\/Bonhoure_Kyrie_3-184x300.jpg\" alt=\"\" width=\"230\" height=\"374\" srcset=\"https:\/\/blogs.univ-tlse2.fr\/fabrica\/files\/2012\/01\/Bonhoure_Kyrie_3-184x300.jpg 184w, https:\/\/blogs.univ-tlse2.fr\/fabrica\/files\/2012\/01\/Bonhoure_Kyrie_3-629x1024.jpg 629w, https:\/\/blogs.univ-tlse2.fr\/fabrica\/files\/2012\/01\/Bonhoure_Kyrie_3.jpg 768w\" sizes=\"auto, (max-width: 230px) 100vw, 230px\" \/><\/a><\/p>\n<p><a href=\"https:\/\/blogs.univ-tlse2.fr\/fabrica\/files\/2012\/01\/Bonhoure_Kyrie_4.jpg\"><img loading=\"lazy\" decoding=\"async\" class=\"aligncenter size-medium wp-image-237\" src=\"https:\/\/blogs.univ-tlse2.fr\/fabrica\/files\/2012\/01\/Bonhoure_Kyrie_4-300x231.jpg\" alt=\"\" width=\"300\" height=\"231\" srcset=\"https:\/\/blogs.univ-tlse2.fr\/fabrica\/files\/2012\/01\/Bonhoure_Kyrie_4-300x231.jpg 300w, https:\/\/blogs.univ-tlse2.fr\/fabrica\/files\/2012\/01\/Bonhoure_Kyrie_4.jpg 794w\" sizes=\"auto, (max-width: 300px) 100vw, 300px\" \/><\/a><\/p>\n","protected":false},"excerpt":{"rendered":"<p>BONHOURE P\u00e8re, M\u00e9thode th\u00e9orique et pratique de plain-chant publi\u00e9e sous les auspices et avec l&rsquo;approbation de Monseigneur l&rsquo;Archev\u00eaque de Toulouse et de nos Nosseigneurs les \u00e9v\u00eaques de Pamiers, [..]<\/p>\n","protected":false},"author":11,"featured_media":0,"parent":194,"menu_order":0,"comment_status":"open","ping_status":"closed","template":"","meta":{"footnotes":""},"class_list":["post-232","page","type-page","status-publish","hentry"],"_links":{"self":[{"href":"https:\/\/blogs.univ-tlse2.fr\/fabrica\/wp-json\/wp\/v2\/pages\/232","targetHints":{"allow":["GET"]}}],"collection":[{"href":"https:\/\/blogs.univ-tlse2.fr\/fabrica\/wp-json\/wp\/v2\/pages"}],"about":[{"href":"https:\/\/blogs.univ-tlse2.fr\/fabrica\/wp-json\/wp\/v2\/types\/page"}],"author":[{"embeddable":true,"href":"https:\/\/blogs.univ-tlse2.fr\/fabrica\/wp-json\/wp\/v2\/users\/11"}],"replies":[{"embeddable":true,"href":"https:\/\/blogs.univ-tlse2.fr\/fabrica\/wp-json\/wp\/v2\/comments?post=232"}],"version-history":[{"count":3,"href":"https:\/\/blogs.univ-tlse2.fr\/fabrica\/wp-json\/wp\/v2\/pages\/232\/revisions"}],"predecessor-version":[{"id":240,"href":"https:\/\/blogs.univ-tlse2.fr\/fabrica\/wp-json\/wp\/v2\/pages\/232\/revisions\/240"}],"up":[{"embeddable":true,"href":"https:\/\/blogs.univ-tlse2.fr\/fabrica\/wp-json\/wp\/v2\/pages\/194"}],"wp:attachment":[{"href":"https:\/\/blogs.univ-tlse2.fr\/fabrica\/wp-json\/wp\/v2\/media?parent=232"}],"curies":[{"name":"wp","href":"https:\/\/api.w.org\/{rel}","templated":true}]}}