 {"id":26,"date":"2009-03-11T13:28:18","date_gmt":"2009-03-11T12:28:18","guid":{"rendered":"https:\/\/blogs.univ-tlse2.fr\/fabrica\/?page_id=26"},"modified":"2012-01-21T17:36:05","modified_gmt":"2012-01-21T16:36:05","slug":"banque-de-donnees-fabrica","status":"publish","type":"page","link":"https:\/\/blogs.univ-tlse2.fr\/fabrica\/anthologie-du-faux-bourdon-francais-2\/banque-de-donnees-fabrica\/","title":{"rendered":"Da Pacem (Cambrai, d\u00e9but 17e si\u00e8cle)"},"content":{"rendered":"<p>Cambrai, Biblioth\u00e8que municipale, ms. D 9 : <em>De psalmodia secundum cujusque modi seu toni differentias cum pneumatibus, juxta usum ecclesiae Cameracensis.<\/em> (d\u00e9but 17<sup>e<\/sup>, 15 ff.) Provenance cath\u00e9drale.<\/p>\n<p><a href=\"https:\/\/blogs.univ-tlse2.fr\/fabrica\/files\/2009\/03\/FAB_09_Da_Pacem1.mp3\">Da_Pacem_EGB<\/a><\/p>\n<p>folio 15 : Da pacem<\/p>\n<p><a href=\"https:\/\/blogs.univ-tlse2.fr\/fabrica\/files\/2009\/03\/Da-pacem-Cambrai.jpg\"><img loading=\"lazy\" decoding=\"async\" class=\"alignleft size-large wp-image-188\" src=\"https:\/\/blogs.univ-tlse2.fr\/fabrica\/files\/2009\/03\/Da-pacem-Cambrai-610x1024.jpg\" alt=\"\" width=\"439\" height=\"737\" srcset=\"https:\/\/blogs.univ-tlse2.fr\/fabrica\/files\/2009\/03\/Da-pacem-Cambrai-610x1024.jpg 610w, https:\/\/blogs.univ-tlse2.fr\/fabrica\/files\/2009\/03\/Da-pacem-Cambrai-178x300.jpg 178w, https:\/\/blogs.univ-tlse2.fr\/fabrica\/files\/2009\/03\/Da-pacem-Cambrai.jpg 1007w\" sizes=\"auto, (max-width: 439px) 100vw, 439px\" \/><\/a><\/p>\n<p>&nbsp;<\/p>\n","protected":false},"excerpt":{"rendered":"<p>Cambrai, Biblioth\u00e8que municipale, ms. D 9 : De psalmodia secundum cujusque modi seu toni differentias cum pneumatibus, juxta usum ecclesiae Cameracensis. (d\u00e9but 17e, 15 ff.) Provenance cath\u00e9drale. Da_Pacem_EGB [..]<\/p>\n","protected":false},"author":11,"featured_media":0,"parent":194,"menu_order":0,"comment_status":"open","ping_status":"open","template":"","meta":{"footnotes":""},"class_list":["post-26","page","type-page","status-publish","hentry"],"_links":{"self":[{"href":"https:\/\/blogs.univ-tlse2.fr\/fabrica\/wp-json\/wp\/v2\/pages\/26","targetHints":{"allow":["GET"]}}],"collection":[{"href":"https:\/\/blogs.univ-tlse2.fr\/fabrica\/wp-json\/wp\/v2\/pages"}],"about":[{"href":"https:\/\/blogs.univ-tlse2.fr\/fabrica\/wp-json\/wp\/v2\/types\/page"}],"author":[{"embeddable":true,"href":"https:\/\/blogs.univ-tlse2.fr\/fabrica\/wp-json\/wp\/v2\/users\/11"}],"replies":[{"embeddable":true,"href":"https:\/\/blogs.univ-tlse2.fr\/fabrica\/wp-json\/wp\/v2\/comments?post=26"}],"version-history":[{"count":11,"href":"https:\/\/blogs.univ-tlse2.fr\/fabrica\/wp-json\/wp\/v2\/pages\/26\/revisions"}],"predecessor-version":[{"id":241,"href":"https:\/\/blogs.univ-tlse2.fr\/fabrica\/wp-json\/wp\/v2\/pages\/26\/revisions\/241"}],"up":[{"embeddable":true,"href":"https:\/\/blogs.univ-tlse2.fr\/fabrica\/wp-json\/wp\/v2\/pages\/194"}],"wp:attachment":[{"href":"https:\/\/blogs.univ-tlse2.fr\/fabrica\/wp-json\/wp\/v2\/media?parent=26"}],"curies":[{"name":"wp","href":"https:\/\/api.w.org\/{rel}","templated":true}]}}