 {"id":261,"date":"2012-01-24T09:21:26","date_gmt":"2012-01-24T08:21:26","guid":{"rendered":"https:\/\/blogs.univ-tlse2.fr\/fabrica\/?page_id=261"},"modified":"2012-01-24T09:21:58","modified_gmt":"2012-01-24T08:21:58","slug":"adoremus-1873","status":"publish","type":"page","link":"https:\/\/blogs.univ-tlse2.fr\/fabrica\/anthologie-du-faux-bourdon-francais-2\/adoremus-1873\/","title":{"rendered":"Adoremus (1873)"},"content":{"rendered":"<p><!-- p.MsoNormal, li.MsoNormal, div.MsoNormal { margin: 0cm 0cm 0.0001pt; font-size: 12pt; font-family: \"Times New Roman\"; }.MsoChpDefault { font-size: 10pt; }div.WordSection1 { page: WordSection1; } --> Abb\u00e9 CARR\u00c8RE<em>, Manuel des chantres, ou Recueil des chants les plus usuels dans le dioc\u00e8se de Toulouse, \u00e0 l&rsquo;unisson ou en parties, pour la Messe, les V\u00eapres, le Salut et les Morts, pr\u00e9c\u00e9d\u00e9 d&rsquo;une M\u00e9thode \u00e9l\u00e9mentaire de Plain-Chant<\/em> (Toulouse\u00a0: Privat, 1873), pp. 199-200.<\/p>\n<p>Cet <em>Adoremus<\/em> est attribu\u00e9 ici \u00e0 Aloys Kunc, qui avait publi\u00e9 un recueil de faux-bourdons trois ans plus t\u00f4t (<!-- @font-face {   font-family: \"Cambria Math\"; }p.MsoNormal, li.MsoNormal, div.MsoNormal { margin: 0cm 0cm 0.0001pt; font-size: 12pt; font-family: \"Times New Roman\"; }.MsoChpDefault { font-size: 10pt; }div.WordSection1 { page: WordSection1; } -->Aloys KUNC, <em>Nouveau recueil de faux-bourdons et autres chants liturgiques \u00e0 quatre voix<\/em> [Toulouse\/Paris\/Tournai\u00a0: 1870, 2\/1873])<\/p>\n<p>Clich\u00e9s : Xavier Bisaro<\/p>\n<p><a href=\"https:\/\/blogs.univ-tlse2.fr\/fabrica\/files\/2012\/01\/FAB_01_Adoremus.mp3\">Adoremus_EGB<\/a><\/p>\n<p>&nbsp;<\/p>\n<p><a href=\"https:\/\/blogs.univ-tlse2.fr\/fabrica\/files\/2012\/01\/Adoremus_Kunc_1.jpg\"><img loading=\"lazy\" decoding=\"async\" class=\"aligncenter size-medium wp-image-263\" src=\"https:\/\/blogs.univ-tlse2.fr\/fabrica\/files\/2012\/01\/Adoremus_Kunc_1-179x300.jpg\" alt=\"\" width=\"298\" height=\"498\" srcset=\"https:\/\/blogs.univ-tlse2.fr\/fabrica\/files\/2012\/01\/Adoremus_Kunc_1-179x300.jpg 179w, https:\/\/blogs.univ-tlse2.fr\/fabrica\/files\/2012\/01\/Adoremus_Kunc_1-613x1024.jpg 613w, https:\/\/blogs.univ-tlse2.fr\/fabrica\/files\/2012\/01\/Adoremus_Kunc_1.jpg 709w\" sizes=\"auto, (max-width: 298px) 100vw, 298px\" \/><\/a><\/p>\n<p>&nbsp;<\/p>\n<p><a href=\"https:\/\/blogs.univ-tlse2.fr\/fabrica\/files\/2012\/01\/Adoremus_Kunc_2.jpg\"><img loading=\"lazy\" decoding=\"async\" class=\"aligncenter size-medium wp-image-264\" src=\"https:\/\/blogs.univ-tlse2.fr\/fabrica\/files\/2012\/01\/Adoremus_Kunc_2-198x300.jpg\" alt=\"\" width=\"304\" height=\"460\" \/><\/a><\/p>\n","protected":false},"excerpt":{"rendered":"<p>Abb\u00e9 CARR\u00c8RE, Manuel des chantres, ou Recueil des chants les plus usuels dans le dioc\u00e8se de Toulouse, \u00e0 l&rsquo;unisson ou en parties, pour la Messe, les V\u00eapres, le [..]<\/p>\n","protected":false},"author":11,"featured_media":0,"parent":194,"menu_order":0,"comment_status":"open","ping_status":"closed","template":"","meta":{"footnotes":""},"class_list":["post-261","page","type-page","status-publish","hentry"],"_links":{"self":[{"href":"https:\/\/blogs.univ-tlse2.fr\/fabrica\/wp-json\/wp\/v2\/pages\/261","targetHints":{"allow":["GET"]}}],"collection":[{"href":"https:\/\/blogs.univ-tlse2.fr\/fabrica\/wp-json\/wp\/v2\/pages"}],"about":[{"href":"https:\/\/blogs.univ-tlse2.fr\/fabrica\/wp-json\/wp\/v2\/types\/page"}],"author":[{"embeddable":true,"href":"https:\/\/blogs.univ-tlse2.fr\/fabrica\/wp-json\/wp\/v2\/users\/11"}],"replies":[{"embeddable":true,"href":"https:\/\/blogs.univ-tlse2.fr\/fabrica\/wp-json\/wp\/v2\/comments?post=261"}],"version-history":[{"count":5,"href":"https:\/\/blogs.univ-tlse2.fr\/fabrica\/wp-json\/wp\/v2\/pages\/261\/revisions"}],"predecessor-version":[{"id":269,"href":"https:\/\/blogs.univ-tlse2.fr\/fabrica\/wp-json\/wp\/v2\/pages\/261\/revisions\/269"}],"up":[{"embeddable":true,"href":"https:\/\/blogs.univ-tlse2.fr\/fabrica\/wp-json\/wp\/v2\/pages\/194"}],"wp:attachment":[{"href":"https:\/\/blogs.univ-tlse2.fr\/fabrica\/wp-json\/wp\/v2\/media?parent=261"}],"curies":[{"name":"wp","href":"https:\/\/api.w.org\/{rel}","templated":true}]}}