 {"id":279,"date":"2012-02-05T18:34:40","date_gmt":"2012-02-05T17:34:40","guid":{"rendered":"https:\/\/blogs.univ-tlse2.fr\/fabrica\/?page_id=279"},"modified":"2012-02-05T18:34:40","modified_gmt":"2012-02-05T17:34:40","slug":"lumen-ad-revelationem-gentium-1582","status":"publish","type":"page","link":"https:\/\/blogs.univ-tlse2.fr\/fabrica\/anthologie-du-faux-bourdon-francais-2\/lumen-ad-revelationem-gentium-1582\/","title":{"rendered":"Lumen ad revelationem gentium (1582)"},"content":{"rendered":"<p><!-- @font-face {   font-family: \"Cambria Math\"; }p.MsoNormal, li.MsoNormal, div.MsoNormal { margin: 0cm 0cm 0.0001pt; font-size: 12pt; font-family: \"Times New Roman\"; }.MsoChpDefault { font-size: 10pt; }div.WordSection1 { page: WordSection1; } -->[Laurent DANDIN], <em>Instruction pour apprendre \u00e0 chanter \u00e0 quatre parties, selon le Plain chant, les Pseaumes, et Cantiques\u00a0: ensemble les Antiphones, et Pneumes, qui se chantent ordinairement aux Eglises, suyvant les huict tons usitez en icelles<\/em> (Caen\u00a0: Mac\u00e9, 1582), pp. 37-38 et 15-16.<\/p>\n<p>&nbsp;<\/p>\n<p>Cette antienne se chante chaque ann\u00e9e le 2 f\u00e9vrier, f\u00eate de la Chandeleur, en alternance avec les versets du cantique de Sim\u00e9on (<em>Nunc dimittis<\/em>). Le faux-bourdon \u00ab\u00a0qui se finit par Fa re fa sol fa\u00a0\u00bb appara\u00eet sur la deuxi\u00e8me ligne de chacune des voix du Magnificat du huiti\u00e8me ton reproduit ici \u00e0 la suite de l&rsquo;antienne.<\/p>\n<p>&nbsp;<\/p>\n<p><a href=\"https:\/\/blogs.univ-tlse2.fr\/fabrica\/files\/2012\/02\/FAB_05_Lumen.mp3\">EGB_Lumen<\/a><\/p>\n<p>&nbsp;<\/p>\n<p><a href=\"https:\/\/blogs.univ-tlse2.fr\/fabrica\/files\/2012\/02\/Lumen_Mac\u00e9_1.jpg\"><img loading=\"lazy\" decoding=\"async\" class=\"aligncenter size-full wp-image-281\" src=\"https:\/\/blogs.univ-tlse2.fr\/fabrica\/files\/2012\/02\/Lumen_Mac\u00e9_1.jpg\" alt=\"\" width=\"425\" height=\"600\" srcset=\"https:\/\/blogs.univ-tlse2.fr\/fabrica\/files\/2012\/02\/Lumen_Mac\u00e9_1.jpg 425w, https:\/\/blogs.univ-tlse2.fr\/fabrica\/files\/2012\/02\/Lumen_Mac\u00e9_1-212x300.jpg 212w\" sizes=\"auto, (max-width: 425px) 100vw, 425px\" \/><\/a><\/p>\n<p><a href=\"https:\/\/blogs.univ-tlse2.fr\/fabrica\/files\/2012\/02\/Lumen_Mac\u00e9_2.jpg\"><img loading=\"lazy\" decoding=\"async\" class=\"aligncenter size-full wp-image-284\" src=\"https:\/\/blogs.univ-tlse2.fr\/fabrica\/files\/2012\/02\/Lumen_Mac\u00e9_2.jpg\" alt=\"\" width=\"425\" height=\"600\" srcset=\"https:\/\/blogs.univ-tlse2.fr\/fabrica\/files\/2012\/02\/Lumen_Mac\u00e9_2.jpg 425w, https:\/\/blogs.univ-tlse2.fr\/fabrica\/files\/2012\/02\/Lumen_Mac\u00e9_2-212x300.jpg 212w\" sizes=\"auto, (max-width: 425px) 100vw, 425px\" \/><\/a><\/p>\n<p><a href=\"https:\/\/blogs.univ-tlse2.fr\/fabrica\/files\/2012\/02\/Magnificat_Mac\u00e9_1.jpg\"><img loading=\"lazy\" decoding=\"async\" class=\"aligncenter size-full wp-image-285\" src=\"https:\/\/blogs.univ-tlse2.fr\/fabrica\/files\/2012\/02\/Magnificat_Mac\u00e9_1.jpg\" alt=\"\" width=\"425\" height=\"600\" srcset=\"https:\/\/blogs.univ-tlse2.fr\/fabrica\/files\/2012\/02\/Magnificat_Mac\u00e9_1.jpg 425w, https:\/\/blogs.univ-tlse2.fr\/fabrica\/files\/2012\/02\/Magnificat_Mac\u00e9_1-212x300.jpg 212w\" sizes=\"auto, (max-width: 425px) 100vw, 425px\" \/><\/a><\/p>\n<p><a href=\"https:\/\/blogs.univ-tlse2.fr\/fabrica\/files\/2012\/02\/Magnificat_Mac\u00e9_2.jpg\"><img loading=\"lazy\" decoding=\"async\" class=\"aligncenter size-full wp-image-286\" src=\"https:\/\/blogs.univ-tlse2.fr\/fabrica\/files\/2012\/02\/Magnificat_Mac\u00e9_2.jpg\" alt=\"\" width=\"425\" height=\"600\" srcset=\"https:\/\/blogs.univ-tlse2.fr\/fabrica\/files\/2012\/02\/Magnificat_Mac\u00e9_2.jpg 425w, https:\/\/blogs.univ-tlse2.fr\/fabrica\/files\/2012\/02\/Magnificat_Mac\u00e9_2-212x300.jpg 212w\" sizes=\"auto, (max-width: 425px) 100vw, 425px\" \/><\/a><\/p>\n","protected":false},"excerpt":{"rendered":"<p>[Laurent DANDIN], Instruction pour apprendre \u00e0 chanter \u00e0 quatre parties, selon le Plain chant, les Pseaumes, et Cantiques\u00a0: ensemble les Antiphones, et Pneumes, qui se chantent ordinairement aux [..]<\/p>\n","protected":false},"author":11,"featured_media":0,"parent":194,"menu_order":0,"comment_status":"open","ping_status":"open","template":"","meta":{"footnotes":""},"class_list":["post-279","page","type-page","status-publish","hentry"],"_links":{"self":[{"href":"https:\/\/blogs.univ-tlse2.fr\/fabrica\/wp-json\/wp\/v2\/pages\/279","targetHints":{"allow":["GET"]}}],"collection":[{"href":"https:\/\/blogs.univ-tlse2.fr\/fabrica\/wp-json\/wp\/v2\/pages"}],"about":[{"href":"https:\/\/blogs.univ-tlse2.fr\/fabrica\/wp-json\/wp\/v2\/types\/page"}],"author":[{"embeddable":true,"href":"https:\/\/blogs.univ-tlse2.fr\/fabrica\/wp-json\/wp\/v2\/users\/11"}],"replies":[{"embeddable":true,"href":"https:\/\/blogs.univ-tlse2.fr\/fabrica\/wp-json\/wp\/v2\/comments?post=279"}],"version-history":[{"count":7,"href":"https:\/\/blogs.univ-tlse2.fr\/fabrica\/wp-json\/wp\/v2\/pages\/279\/revisions"}],"predecessor-version":[{"id":291,"href":"https:\/\/blogs.univ-tlse2.fr\/fabrica\/wp-json\/wp\/v2\/pages\/279\/revisions\/291"}],"up":[{"embeddable":true,"href":"https:\/\/blogs.univ-tlse2.fr\/fabrica\/wp-json\/wp\/v2\/pages\/194"}],"wp:attachment":[{"href":"https:\/\/blogs.univ-tlse2.fr\/fabrica\/wp-json\/wp\/v2\/media?parent=279"}],"curies":[{"name":"wp","href":"https:\/\/api.w.org\/{rel}","templated":true}]}}