 {"id":328,"date":"2012-11-05T10:48:18","date_gmt":"2012-11-05T09:48:18","guid":{"rendered":"https:\/\/blogs.univ-tlse2.fr\/fabrica\/?page_id=328"},"modified":"2012-11-05T10:48:18","modified_gmt":"2012-11-05T09:48:18","slug":"inviolata-1892","status":"publish","type":"page","link":"https:\/\/blogs.univ-tlse2.fr\/fabrica\/anthologie-du-faux-bourdon-francais-2\/inviolata-1892\/","title":{"rendered":"Inviolata (1892)"},"content":{"rendered":"<p>Stanislas NEYRAT (\u00e9d.), <em>Faux-bourdons du grand-s\u00e9minaire Saint-Ir\u00e9n\u00e9e de Lyon<\/em> (Lyon, 2<sup>e<\/sup> \u00e9d. 1892), pp. 82-3.<\/p>\n<p><a href=\"https:\/\/blogs.univ-tlse2.fr\/fabrica\/files\/2012\/11\/FAB_10_Inviolata.mp3\">EGB_Inviolata<\/a><\/p>\n<p><a href=\"https:\/\/blogs.univ-tlse2.fr\/fabrica\/files\/2012\/11\/Inviolata-1.jpg\"><img loading=\"lazy\" decoding=\"async\" class=\"aligncenter  wp-image-334\" src=\"https:\/\/blogs.univ-tlse2.fr\/fabrica\/files\/2012\/11\/Inviolata-1-1024x928.jpg\" alt=\"\" width=\"471\" height=\"418\" \/><\/a><a href=\"https:\/\/blogs.univ-tlse2.fr\/fabrica\/files\/2012\/11\/Inviolata-2.jpg\"><img loading=\"lazy\" decoding=\"async\" class=\"aligncenter  wp-image-335\" src=\"https:\/\/blogs.univ-tlse2.fr\/fabrica\/files\/2012\/11\/Inviolata-2-992x1024.jpg\" alt=\"\" width=\"418\" height=\"430\" srcset=\"https:\/\/blogs.univ-tlse2.fr\/fabrica\/files\/2012\/11\/Inviolata-2-992x1024.jpg 992w, https:\/\/blogs.univ-tlse2.fr\/fabrica\/files\/2012\/11\/Inviolata-2.jpg 1216w\" sizes=\"auto, (max-width: 418px) 100vw, 418px\" \/><\/a><\/p>\n","protected":false},"excerpt":{"rendered":"<p>Stanislas NEYRAT (\u00e9d.), Faux-bourdons du grand-s\u00e9minaire Saint-Ir\u00e9n\u00e9e de Lyon (Lyon, 2e \u00e9d. 1892), pp. 82-3. EGB_Inviolata<\/p>\n","protected":false},"author":11,"featured_media":0,"parent":194,"menu_order":0,"comment_status":"open","ping_status":"open","template":"","meta":{"footnotes":""},"class_list":["post-328","page","type-page","status-publish","hentry"],"_links":{"self":[{"href":"https:\/\/blogs.univ-tlse2.fr\/fabrica\/wp-json\/wp\/v2\/pages\/328","targetHints":{"allow":["GET"]}}],"collection":[{"href":"https:\/\/blogs.univ-tlse2.fr\/fabrica\/wp-json\/wp\/v2\/pages"}],"about":[{"href":"https:\/\/blogs.univ-tlse2.fr\/fabrica\/wp-json\/wp\/v2\/types\/page"}],"author":[{"embeddable":true,"href":"https:\/\/blogs.univ-tlse2.fr\/fabrica\/wp-json\/wp\/v2\/users\/11"}],"replies":[{"embeddable":true,"href":"https:\/\/blogs.univ-tlse2.fr\/fabrica\/wp-json\/wp\/v2\/comments?post=328"}],"version-history":[{"count":10,"href":"https:\/\/blogs.univ-tlse2.fr\/fabrica\/wp-json\/wp\/v2\/pages\/328\/revisions"}],"predecessor-version":[{"id":344,"href":"https:\/\/blogs.univ-tlse2.fr\/fabrica\/wp-json\/wp\/v2\/pages\/328\/revisions\/344"}],"up":[{"embeddable":true,"href":"https:\/\/blogs.univ-tlse2.fr\/fabrica\/wp-json\/wp\/v2\/pages\/194"}],"wp:attachment":[{"href":"https:\/\/blogs.univ-tlse2.fr\/fabrica\/wp-json\/wp\/v2\/media?parent=328"}],"curies":[{"name":"wp","href":"https:\/\/api.w.org\/{rel}","templated":true}]}}