 {"id":38,"date":"2025-03-17T08:42:14","date_gmt":"2025-03-17T07:42:14","guid":{"rendered":"https:\/\/blogs.univ-tlse2.fr\/fete-des-ameriques2025\/?page_id=38"},"modified":"2025-04-09T09:36:57","modified_gmt":"2025-04-09T07:36:57","slug":"fete-des-ameriques","status":"publish","type":"page","link":"https:\/\/blogs.univ-tlse2.fr\/fete-des-ameriques2025\/fete-des-ameriques\/","title":{"rendered":"F\u00eate Des Am\u00e9riques 2025"},"content":{"rendered":"\n<h2 class=\"wp-block-heading alignwide has-text-align-center\"><strong>Bienvenue Sur La Page Consacr\u00e9e \u00c0 La F\u00eate Des Am\u00e9riques, \u00c9dition 2025<\/strong><\/h2>\n\n\n\n<hr class=\"wp-block-separator has-alpha-channel-opacity\" \/>\n\n\n\n<p class=\"has-text-align-center\" style=\"font-size:1.3rem\"><strong>La F\u00eate des Am\u00e9riques revient pour une nouvelle \u00e9dition.<\/strong> <strong>Retrouvez, du 18 au 25 mars sur le Campus du Mirail et dans Toulouse, de nombreux \u00e9v\u00e8nements : conf\u00e9rences, concerts, expositions, projections et bien plus encore &#8230;.<\/strong><\/p>\n\n\n\n<div style=\"height:58px\" aria-hidden=\"true\" class=\"wp-block-spacer\"><\/div>\n\n\n\n<p>Venez assister aux nombreuses conf\u00e9rences et ateliers propos\u00e9s par l&rsquo;\u00e9quipe organisatrice de l&rsquo;IPEAT en collaboration avec le festival Cin\u00e9latino. Les \u00e9v\u00e8nements se d\u00e9roulerons sur le Campus du Mirail ainsi que dans Toulouse. <\/p>\n\n\n\n<p>Pendant une semaine, l&rsquo;UT2J met en avant la recherche sur le continent Am\u00e9ricain. C&rsquo;est l&rsquo;occasion de profiter de moments de partage et de d\u00e9couvertes sur la th\u00e9matique des Am\u00e9riques.  <\/p>\n\n\n\n<p>Profitez de la pr\u00e9sence de nombreux professeurs invit\u00e9s pour discuter des probl\u00e9matiques politiques actuelles pr\u00e9sentent dans les Am\u00e9riques mais ayant une port\u00e9e internationale.<\/p>\n\n\n\n<p>Cette ann\u00e9e, l&rsquo;accent sera mis sur le Br\u00e9sil et sur les th\u00e9matiques de l&rsquo;environnement avec les mouvements de luttes contre la d\u00e9forestation et sur le concept du \u00ab\u00a0Bien Vivir\u00a0\u00bb avec la pr\u00e9sence de Matthieu Le Quang. <\/p>\n\n\n\n<p><em><strong>Le programme est d\u00e9sormais disponible sur la page de l&rsquo;IPEAT<\/strong><\/em> <a href=\"https:\/\/ipeat.univ-tlse2.fr\/accueil\/hors-les-murs\/fete-des-ameriques\">https:\/\/ipeat.univ-tlse2.fr\/accueil\/hors-les-murs\/fete-des-ameriques<\/a> <\/p>\n\n\n\n<div style=\"height:14px\" aria-hidden=\"true\" class=\"wp-block-spacer\"><\/div>\n\n\n\n<hr class=\"wp-block-separator has-alpha-channel-opacity is-style-wide\" \/>\n\n\n\n<div class=\"wp-block-media-text alignwide has-media-on-the-right is-stacked-on-mobile\" style=\"grid-template-columns:auto 58%\"><div class=\"wp-block-media-text__content\">\n<p><strong>Certains ateliers et conf\u00e9rences seront retransmises sur cette page tout au long de la semaine<\/strong><\/p>\n<\/div><figure class=\"wp-block-media-text__media\"><img loading=\"lazy\" decoding=\"async\" width=\"708\" height=\"1024\" src=\"https:\/\/blogs.univ-tlse2.fr\/fete-des-ameriques2025\/files\/2025\/03\/IMG_6302-708x1024.jpg\" alt=\"\" class=\"wp-image-65 size-full\" srcset=\"https:\/\/blogs.univ-tlse2.fr\/fete-des-ameriques2025\/files\/2025\/03\/IMG_6302-708x1024.jpg 708w, https:\/\/blogs.univ-tlse2.fr\/fete-des-ameriques2025\/files\/2025\/03\/IMG_6302-208x300.jpg 208w, https:\/\/blogs.univ-tlse2.fr\/fete-des-ameriques2025\/files\/2025\/03\/IMG_6302-768x1110.jpg 768w, https:\/\/blogs.univ-tlse2.fr\/fete-des-ameriques2025\/files\/2025\/03\/IMG_6302-1063x1536.jpg 1063w, https:\/\/blogs.univ-tlse2.fr\/fete-des-ameriques2025\/files\/2025\/03\/IMG_6302-1417x2048.jpg 1417w, https:\/\/blogs.univ-tlse2.fr\/fete-des-ameriques2025\/files\/2025\/03\/IMG_6302-scaled.jpg 1771w\" sizes=\"auto, (max-width: 708px) 100vw, 708px\" \/><\/figure><\/div>\n\n\n\n<hr class=\"wp-block-separator has-alpha-channel-opacity is-style-wide\" \/>\n\n\n\n<div class=\"wp-block-media-text alignwide is-stacked-on-mobile\" style=\"grid-template-columns:60% auto\"><figure class=\"wp-block-media-text__media\"><img loading=\"lazy\" decoding=\"async\" width=\"724\" height=\"1024\" src=\"https:\/\/blogs.univ-tlse2.fr\/fete-des-ameriques2025\/files\/2025\/03\/Affiche_Exposition-photo--724x1024.jpg\" alt=\"\" class=\"wp-image-29 size-full\" srcset=\"https:\/\/blogs.univ-tlse2.fr\/fete-des-ameriques2025\/files\/2025\/03\/Affiche_Exposition-photo--724x1024.jpg 724w, https:\/\/blogs.univ-tlse2.fr\/fete-des-ameriques2025\/files\/2025\/03\/Affiche_Exposition-photo--212x300.jpg 212w, https:\/\/blogs.univ-tlse2.fr\/fete-des-ameriques2025\/files\/2025\/03\/Affiche_Exposition-photo--768x1086.jpg 768w, https:\/\/blogs.univ-tlse2.fr\/fete-des-ameriques2025\/files\/2025\/03\/Affiche_Exposition-photo--1086x1536.jpg 1086w, https:\/\/blogs.univ-tlse2.fr\/fete-des-ameriques2025\/files\/2025\/03\/Affiche_Exposition-photo--1448x2048.jpg 1448w, https:\/\/blogs.univ-tlse2.fr\/fete-des-ameriques2025\/files\/2025\/03\/Affiche_Exposition-photo--scaled.jpg 1810w\" sizes=\"auto, (max-width: 724px) 100vw, 724px\" \/><\/figure><div class=\"wp-block-media-text__content\">\n<p><strong>Venez participer \u00e0 l&rsquo;immersion visuelle propos\u00e9e par les \u00e9tudiants de l&rsquo;IPEAT qui vous font partager leur exp\u00e9rience du continent Am\u00e9ricain en photographie.<\/strong><\/p>\n\n\n\n<p><strong>L&rsquo;exposition sera pr\u00e9sente dans le b\u00e2timent Erasme, \u00e0 la Biblioth\u00e8que du CRL, sur le Campus tout au long de la F\u00eate des Am\u00e9riques.<\/strong><\/p>\n<\/div><\/div>\n\n\n\n<hr class=\"wp-block-separator has-alpha-channel-opacity is-style-wide\" \/>\n\n\n\n<div class=\"wp-block-media-text alignwide has-media-on-the-right is-stacked-on-mobile\" style=\"grid-template-columns:auto 54%\"><div class=\"wp-block-media-text__content\">\n<p><strong>Matthieu Le Quang sera pr\u00e9sent \u00e0 l&rsquo;Institut Cervant\u00e8s afin de pr\u00e9senter la probl\u00e9matique du \u00ab\u00a0Bien Vivir\u00a0\u00bb<\/strong><\/p>\n<\/div><figure class=\"wp-block-media-text__media\"><img loading=\"lazy\" decoding=\"async\" width=\"727\" height=\"1024\" src=\"https:\/\/blogs.univ-tlse2.fr\/fete-des-ameriques2025\/files\/2025\/03\/Capture-decran-2025-03-15-a-12.05.23-727x1024.png\" alt=\"\" class=\"wp-image-41 size-full\" srcset=\"https:\/\/blogs.univ-tlse2.fr\/fete-des-ameriques2025\/files\/2025\/03\/Capture-decran-2025-03-15-a-12.05.23-727x1024.png 727w, https:\/\/blogs.univ-tlse2.fr\/fete-des-ameriques2025\/files\/2025\/03\/Capture-decran-2025-03-15-a-12.05.23-213x300.png 213w, https:\/\/blogs.univ-tlse2.fr\/fete-des-ameriques2025\/files\/2025\/03\/Capture-decran-2025-03-15-a-12.05.23-768x1082.png 768w, https:\/\/blogs.univ-tlse2.fr\/fete-des-ameriques2025\/files\/2025\/03\/Capture-decran-2025-03-15-a-12.05.23.png 1068w\" sizes=\"auto, (max-width: 727px) 100vw, 727px\" \/><\/figure><\/div>\n\n\n\n<p class=\"has-text-align-center\"><\/p>\n\n\n\n<hr class=\"wp-block-separator has-alpha-channel-opacity is-style-wide\" \/>\n\n\n\n<div class=\"wp-block-media-text alignwide is-stacked-on-mobile\" style=\"grid-template-columns:53% auto\"><figure class=\"wp-block-media-text__media\"><img loading=\"lazy\" decoding=\"async\" width=\"724\" height=\"1024\" src=\"https:\/\/blogs.univ-tlse2.fr\/fete-des-ameriques2025\/files\/2025\/03\/Cream-Red-Minimalist-Paper-Travel-Package-Promotion-Poster-724x1024.png\" alt=\"\" class=\"wp-image-47 size-full\" srcset=\"https:\/\/blogs.univ-tlse2.fr\/fete-des-ameriques2025\/files\/2025\/03\/Cream-Red-Minimalist-Paper-Travel-Package-Promotion-Poster-724x1024.png 724w, https:\/\/blogs.univ-tlse2.fr\/fete-des-ameriques2025\/files\/2025\/03\/Cream-Red-Minimalist-Paper-Travel-Package-Promotion-Poster-212x300.png 212w, https:\/\/blogs.univ-tlse2.fr\/fete-des-ameriques2025\/files\/2025\/03\/Cream-Red-Minimalist-Paper-Travel-Package-Promotion-Poster-768x1086.png 768w, https:\/\/blogs.univ-tlse2.fr\/fete-des-ameriques2025\/files\/2025\/03\/Cream-Red-Minimalist-Paper-Travel-Package-Promotion-Poster-1086x1536.png 1086w, https:\/\/blogs.univ-tlse2.fr\/fete-des-ameriques2025\/files\/2025\/03\/Cream-Red-Minimalist-Paper-Travel-Package-Promotion-Poster-1448x2048.png 1448w, https:\/\/blogs.univ-tlse2.fr\/fete-des-ameriques2025\/files\/2025\/03\/Cream-Red-Minimalist-Paper-Travel-Package-Promotion-Poster.png 1587w\" sizes=\"auto, (max-width: 724px) 100vw, 724px\" \/><\/figure><div class=\"wp-block-media-text__content\">\n<p><strong>Vous pourrez aussi profiter du podcast Echos des Am\u00e9riques \u00e9labor\u00e9 par les \u00e9tudiants de l&rsquo;IPEAT qui parlerons des probl\u00e9matiques sociales et environnementales dans les Am\u00e9riques<\/strong>.<\/p>\n<\/div><\/div>\n\n\n\n<figure class=\"wp-block-audio alignwide\"><audio controls src=\"https:\/\/miroir.univ-tlse2.fr\/wp-content\/uploads\/2025\/03\/Echo-des-Ameriques-Teaser.mp3\"><\/audio><figcaption class=\"wp-element-caption\"><strong>Teaser du Podcast.<\/strong> <\/figcaption><\/figure>\n\n\n\n<p>Vous pouvez retrouvez l&rsquo;int\u00e9gralit\u00e9 des \u00e9pisodes sur la plateforme Miroir tout au long de la F\u00eate des Am\u00e9riques<\/p>\n\n\n\n<hr class=\"wp-block-separator has-alpha-channel-opacity is-style-wide\" \/>\n\n\n\n<p><strong>Les \u00e9tudiantes de l&rsquo;IPEAT vous ont aussi concoct\u00e9 un dossier regroupant quelques noms de la sc\u00e8ne artistiques Latino-Occitane <\/strong><\/p>\n\n\n\n<div data-wp-interactive=\"core\/file\" class=\"wp-block-file\"><object data-wp-bind--hidden=\"!state.hasPdfPreview\" hidden class=\"wp-block-file__embed\" data=\"https:\/\/blogs.univ-tlse2.fr\/fete-des-ameriques2025\/files\/2025\/03\/Cultures-Latinos-1.pdf\" type=\"application\/pdf\" style=\"width:100%;height:940px\" aria-label=\"Contenu embarqu\u00e9 Cultures Latinos.\"><\/object><a id=\"wp-block-file--media-0ad846bf-d9ff-4cda-aa6a-17094fd3979e\" href=\"https:\/\/blogs.univ-tlse2.fr\/fete-des-ameriques2025\/files\/2025\/03\/Cultures-Latinos-1.pdf\">Cultures Latinos<\/a><a href=\"https:\/\/blogs.univ-tlse2.fr\/fete-des-ameriques2025\/files\/2025\/03\/Cultures-Latinos-1.pdf\" class=\"wp-block-file__button wp-element-button\" download aria-describedby=\"wp-block-file--media-0ad846bf-d9ff-4cda-aa6a-17094fd3979e\">T\u00e9l\u00e9charger<\/a><\/div>\n\n\n\n<p><em>Retrouvez sur la page suivante le bilan de la F\u00eate des Am\u00e9riques<\/em><\/p>\n\n\n<ul class=\"wp-block-latest-posts__list wp-block-latest-posts\"><li><a class=\"wp-block-latest-posts__post-title\" href=\"https:\/\/blogs.univ-tlse2.fr\/fete-des-ameriques2025\/2025\/05\/18\/video-conference-sur-terramaz\/\">Vid\u00e9o : Conf\u00e9rence sur TerrAmaz<\/a><\/li>\n<li><a class=\"wp-block-latest-posts__post-title\" href=\"https:\/\/blogs.univ-tlse2.fr\/fete-des-ameriques2025\/2025\/05\/18\/compte-rendu-les-100-jours-de-trump-une-regression-democratique-acceleree\/\">Compte-rendu : Les 100 jours de Trump, une r\u00e9gression d\u00e9mocratique acc\u00e9l\u00e9r\u00e9e ?<\/a><\/li>\n<li><a class=\"wp-block-latest-posts__post-title\" href=\"https:\/\/blogs.univ-tlse2.fr\/fete-des-ameriques2025\/2025\/05\/18\/compte-rendu-retour-sur-la-cop16-biodiversite-de-cali\/\">Compte rendu : Retour sur la COP16, biodiversit\u00e9 de Cali<\/a><\/li>\n<li><a class=\"wp-block-latest-posts__post-title\" href=\"https:\/\/blogs.univ-tlse2.fr\/fete-des-ameriques2025\/2025\/05\/18\/compte-rendu-les-enjeux-du-bresil-au-xxie-siecle\/\">Compte rendu : Les enjeux du Br\u00e9sil au XXIe si\u00e8cle<\/a><\/li>\n<li><a class=\"wp-block-latest-posts__post-title\" href=\"https:\/\/blogs.univ-tlse2.fr\/fete-des-ameriques2025\/2025\/05\/18\/compte-rendu-memoires-histoires-et-auto-histoires\/\">Compte rendu : m\u00e9moires, histoires et auto-histoires<\/a><\/li>\n<\/ul>\n\n\n<p><em>Retrouvez-nous sur les r\u00e9seaux sociaux tout au long de l&rsquo;\u00e9v\u00e8nement<\/em><\/p>\n\n\n\n<ul class=\"wp-block-social-links is-layout-flex wp-block-social-links-is-layout-flex\"><li class=\"wp-social-link wp-social-link-tiktok  wp-block-social-link\"><a href=\"https:\/\/www.tiktok.com\/@fetedesameriques?is_from_webapp=1&#038;sender_device=pc\" class=\"wp-block-social-link-anchor\"><svg width=\"24\" height=\"24\" viewBox=\"0 0 32 32\" version=\"1.1\" xmlns=\"http:\/\/www.w3.org\/2000\/svg\" aria-hidden=\"true\" focusable=\"false\"><path d=\"M16.708 0.027c1.745-0.027 3.48-0.011 5.213-0.027 0.105 2.041 0.839 4.12 2.333 5.563 1.491 1.479 3.6 2.156 5.652 2.385v5.369c-1.923-0.063-3.855-0.463-5.6-1.291-0.76-0.344-1.468-0.787-2.161-1.24-0.009 3.896 0.016 7.787-0.025 11.667-0.104 1.864-0.719 3.719-1.803 5.255-1.744 2.557-4.771 4.224-7.88 4.276-1.907 0.109-3.812-0.411-5.437-1.369-2.693-1.588-4.588-4.495-4.864-7.615-0.032-0.667-0.043-1.333-0.016-1.984 0.24-2.537 1.495-4.964 3.443-6.615 2.208-1.923 5.301-2.839 8.197-2.297 0.027 1.975-0.052 3.948-0.052 5.923-1.323-0.428-2.869-0.308-4.025 0.495-0.844 0.547-1.485 1.385-1.819 2.333-0.276 0.676-0.197 1.427-0.181 2.145 0.317 2.188 2.421 4.027 4.667 3.828 1.489-0.016 2.916-0.88 3.692-2.145 0.251-0.443 0.532-0.896 0.547-1.417 0.131-2.385 0.079-4.76 0.095-7.145 0.011-5.375-0.016-10.735 0.025-16.093z\" \/><\/svg><span class=\"wp-block-social-link-label screen-reader-text\">TikTok<\/span><\/a><\/li>\n\n<li class=\"wp-social-link wp-social-link-instagram  wp-block-social-link\"><a href=\"https:\/\/www.instagram.com\/ipeateam?utm_source=ig_web_button_share_sheet&#038;igsh=ZDNlZDc0MzIxNw==\" class=\"wp-block-social-link-anchor\"><svg width=\"24\" height=\"24\" viewBox=\"0 0 24 24\" version=\"1.1\" xmlns=\"http:\/\/www.w3.org\/2000\/svg\" aria-hidden=\"true\" focusable=\"false\"><path d=\"M12,4.622c2.403,0,2.688,0.009,3.637,0.052c0.877,0.04,1.354,0.187,1.671,0.31c0.42,0.163,0.72,0.358,1.035,0.673 c0.315,0.315,0.51,0.615,0.673,1.035c0.123,0.317,0.27,0.794,0.31,1.671c0.043,0.949,0.052,1.234,0.052,3.637 s-0.009,2.688-0.052,3.637c-0.04,0.877-0.187,1.354-0.31,1.671c-0.163,0.42-0.358,0.72-0.673,1.035 c-0.315,0.315-0.615,0.51-1.035,0.673c-0.317,0.123-0.794,0.27-1.671,0.31c-0.949,0.043-1.233,0.052-3.637,0.052 s-2.688-0.009-3.637-0.052c-0.877-0.04-1.354-0.187-1.671-0.31c-0.42-0.163-0.72-0.358-1.035-0.673 c-0.315-0.315-0.51-0.615-0.673-1.035c-0.123-0.317-0.27-0.794-0.31-1.671C4.631,14.688,4.622,14.403,4.622,12 s0.009-2.688,0.052-3.637c0.04-0.877,0.187-1.354,0.31-1.671c0.163-0.42,0.358-0.72,0.673-1.035 c0.315-0.315,0.615-0.51,1.035-0.673c0.317-0.123,0.794-0.27,1.671-0.31C9.312,4.631,9.597,4.622,12,4.622 M12,3 C9.556,3,9.249,3.01,8.289,3.054C7.331,3.098,6.677,3.25,6.105,3.472C5.513,3.702,5.011,4.01,4.511,4.511 c-0.5,0.5-0.808,1.002-1.038,1.594C3.25,6.677,3.098,7.331,3.054,8.289C3.01,9.249,3,9.556,3,12c0,2.444,0.01,2.751,0.054,3.711 c0.044,0.958,0.196,1.612,0.418,2.185c0.23,0.592,0.538,1.094,1.038,1.594c0.5,0.5,1.002,0.808,1.594,1.038 c0.572,0.222,1.227,0.375,2.185,0.418C9.249,20.99,9.556,21,12,21s2.751-0.01,3.711-0.054c0.958-0.044,1.612-0.196,2.185-0.418 c0.592-0.23,1.094-0.538,1.594-1.038c0.5-0.5,0.808-1.002,1.038-1.594c0.222-0.572,0.375-1.227,0.418-2.185 C20.99,14.751,21,14.444,21,12s-0.01-2.751-0.054-3.711c-0.044-0.958-0.196-1.612-0.418-2.185c-0.23-0.592-0.538-1.094-1.038-1.594 c-0.5-0.5-1.002-0.808-1.594-1.038c-0.572-0.222-1.227-0.375-2.185-0.418C14.751,3.01,14.444,3,12,3L12,3z M12,7.378 c-2.552,0-4.622,2.069-4.622,4.622S9.448,16.622,12,16.622s4.622-2.069,4.622-4.622S14.552,7.378,12,7.378z M12,15 c-1.657,0-3-1.343-3-3s1.343-3,3-3s3,1.343,3,3S13.657,15,12,15z M16.804,6.116c-0.596,0-1.08,0.484-1.08,1.08 s0.484,1.08,1.08,1.08c0.596,0,1.08-0.484,1.08-1.08S17.401,6.116,16.804,6.116z\"><\/path><\/svg><span class=\"wp-block-social-link-label screen-reader-text\">Instagram<\/span><\/a><\/li><\/ul>\n\n\n\n<p><\/p>\n\n\n\n<p><\/p>\n\n\n\n<div class=\"wp-block-buttons is-layout-flex wp-block-buttons-is-layout-flex\"><\/div>\n","protected":false},"excerpt":{"rendered":"<p>Bienvenue Sur La Page Consacr\u00e9e \u00c0 La F\u00eate Des Am\u00e9riques, \u00c9dition 2025 La F\u00eate des Am\u00e9riques revient pour une nouvelle \u00e9dition. Retrouvez, du 18 au 25 mars sur le Campus du Mirail et dans Toulouse, de nombreux \u00e9v\u00e8nements : conf\u00e9rences, concerts, expositions, projections et bien plus encore &#8230;. Venez assister aux nombreuses conf\u00e9rences et ateliers [&hellip;]<\/p>\n","protected":false},"author":188,"featured_media":24,"parent":0,"menu_order":0,"comment_status":"closed","ping_status":"closed","template":"","meta":{"footnotes":""},"class_list":["post-38","page","type-page","status-publish","has-post-thumbnail","hentry","entry","has-media"],"_links":{"self":[{"href":"https:\/\/blogs.univ-tlse2.fr\/fete-des-ameriques2025\/wp-json\/wp\/v2\/pages\/38","targetHints":{"allow":["GET"]}}],"collection":[{"href":"https:\/\/blogs.univ-tlse2.fr\/fete-des-ameriques2025\/wp-json\/wp\/v2\/pages"}],"about":[{"href":"https:\/\/blogs.univ-tlse2.fr\/fete-des-ameriques2025\/wp-json\/wp\/v2\/types\/page"}],"author":[{"embeddable":true,"href":"https:\/\/blogs.univ-tlse2.fr\/fete-des-ameriques2025\/wp-json\/wp\/v2\/users\/188"}],"replies":[{"embeddable":true,"href":"https:\/\/blogs.univ-tlse2.fr\/fete-des-ameriques2025\/wp-json\/wp\/v2\/comments?post=38"}],"version-history":[{"count":15,"href":"https:\/\/blogs.univ-tlse2.fr\/fete-des-ameriques2025\/wp-json\/wp\/v2\/pages\/38\/revisions"}],"predecessor-version":[{"id":116,"href":"https:\/\/blogs.univ-tlse2.fr\/fete-des-ameriques2025\/wp-json\/wp\/v2\/pages\/38\/revisions\/116"}],"wp:featuredmedia":[{"embeddable":true,"href":"https:\/\/blogs.univ-tlse2.fr\/fete-des-ameriques2025\/wp-json\/wp\/v2\/media\/24"}],"wp:attachment":[{"href":"https:\/\/blogs.univ-tlse2.fr\/fete-des-ameriques2025\/wp-json\/wp\/v2\/media?parent=38"}],"curies":[{"name":"wp","href":"https:\/\/api.w.org\/{rel}","templated":true}]}}