 {"id":128,"date":"2016-05-31T16:27:24","date_gmt":"2016-05-31T14:27:24","guid":{"rendered":"https:\/\/blogs.univ-tlse2.fr\/gaemp\/?page_id=128"},"modified":"2025-05-26T09:42:22","modified_gmt":"2025-05-26T07:42:22","slug":"accueil","status":"publish","type":"page","link":"https:\/\/blogs.univ-tlse2.fr\/gaemp\/","title":{"rendered":"Accueil"},"content":{"rendered":"<p><a href=\"https:\/\/www.univ-tlse2.fr\/medias\/fichier\/fiche-descriptive-lp-montagne-et-pastoralisme_1652188734876-pdf?ID_FICHE=17688&amp;INLINE=FALSE\">Plaquette\u00a0de la formation<\/a> (PDF)<\/p>\n<p style=\"text-align: justify\">Cr\u00e9\u00e9e en 2007, la Licence d\u00e9veloppement de projets de territoire \u2013 montagne et pastoralisme (<em>anciennement Gestion et animation des espaces montagnards et pastoraux<\/em>) forme des professionnels contribuant \u00e0 l\u2019am\u00e9nagement durable des territoires de montagne, \u00e0 travers l\u2019animation de politiques de gestion men\u00e9es au plus pr\u00e8s des acteurs et des espaces montagnards et pastoraux. Elle forme donc les \u00e9tudiants \u00e0 des profils d\u2019emploi hybrides, \u00e0 la crois\u00e9e de la gestion et de l\u2019animation, de la conception et de la mise en \u0153uvre des politiques d\u2019am\u00e9nagement et de d\u00e9veloppement, de la r\u00e9alisation et de la coordination d\u2019\u00e9tudes et de projets.<\/p>\n<p style=\"text-align: justify\">A l\u2019issue de la formation, les \u00e9tudiants doivent \u00eatre en mesure d\u2019avoir acquis et de mettre en \u0153uvre des comp\u00e9tences de nature vari\u00e9e :<\/p>\n<ul style=\"text-align: justify\">\n<li>capacit\u00e9s d\u2019analyse et de diagnostic des syst\u00e8mes \u00e9cologiques, agro-pastoraux, des territoires et des syst\u00e8mes d\u2019acteurs, sur diff\u00e9rents registres et \u00e0 diff\u00e9rentes \u00e9chelles spatiales ;<\/li>\n<li>comp\u00e9tences techniques : diagnostic pastoraux, environnementaux, paysagers, ma\u00eetrise des outils g\u00e9omatiques permettant de collecter, analyser et repr\u00e9senter l\u2019information g\u00e9ographique ;<\/li>\n<li>savoir-faire en communication et animation : transmettre des informations de mani\u00e8re synth\u00e9tique et sous des formes appropri\u00e9es\u00a0; animer des r\u00e9unions en salle et sur le terrain\u00a0; savoir se positionner comme m\u00e9diateur-animateur aux carrefours d\u2019int\u00e9r\u00eats divergents sur la gestion des espaces pastoraux et p\u00e2tur\u00e9s\u00a0; faciliter la mise en \u0153uvre des politiques et les coordonner, en favorisant l\u2019expression et la participation des diff\u00e9rents partenaires impliqu\u00e9s dans la gestion des territoires.<\/li>\n<li>connaissances concernant les m\u00e9thodes de montage de projet, le fonctionnement des services pastoraux, les acteurs et proc\u00e9dures du d\u00e9veloppement territorial, principalement en espace rural\u00a0;<\/li>\n<li>capacit\u00e9s d\u2019autonomie : organisation du travail, prises d\u2019initiatives\u2026<\/li>\n<\/ul>\n<p><strong>Le d\u00e9p\u00f4t des candidatures s\u2019effectue sur le site eCandidat de l&rsquo;universit\u00e9 Jean-Jaur\u00e8s (<em>ouverture du 12\/05\/25 au 09\/06\/2025)<\/em> :<\/strong><br \/>\n<strong><a href=\"https:\/\/ecandidat.univ-tlse2.fr\">https:\/\/ecandidat.univ-tlse2.fr<\/a>.<\/strong><\/p>\n<p style=\"text-align: justify\"><strong><u>Informations et contact<\/u><\/strong><\/p>\n<p style=\"text-align: justify\">D\u00e9partement de G\u00e9ographie, UT2J<br \/>\nCentre Universitaire de Foix<br \/>\n4 avenue Raoul Lafagette<br \/>\n09000 Foix<br \/>\n05 61 02 19 88 \u2013 <a href=\"m&#97;&#x69;lt&#x6f;&#x3a;ge&#x6f;&#x2e;fo&#x69;&#x78;&#64;&#117;&#x6e;&#x69;v&#45;&#x74;&#x6c;s&#101;&#x32;&#46;f&#114;\">&#x67;&#x65;&#x6f;&#46;&#102;oix&#x40;&#x75;&#x6e;&#x69;&#118;-tl&#x73;&#x65;&#x32;&#x2e;&#102;r<\/a><\/p>\n<p style=\"text-align: justify\"><strong><span style=\"text-decoration: underline\">Co-direction\u00a0:<\/span><\/strong><\/p>\n<table style=\"border: none;width: 680px\" width=\"680\">\n<tbody>\n<tr>\n<td style=\"vertical-align: middle\">Corinne Eychenne, <a href=\"&#x6d;&#x61;&#x69;&#x6c;&#x74;&#x6f;&#x3a;&#x63;&#111;&#114;&#105;&#110;ne&#46;eych&#x65;&#x6e;&#x6e;&#x65;&#x40;&#x75;&#x6e;&#x69;&#x76;&#45;&#116;&#108;&#115;e2&#46;fr\">&#x63;&#x6f;&#x72;&#x69;&#x6e;&#x6e;&#x65;&#x2e;&#x65;&#x79;&#x63;&#x68;&#x65;&#x6e;&#x6e;&#x65;&#x40;&#x75;&#x6e;&#x69;&#x76;&#x2d;&#x74;&#x6c;&#x73;&#x65;&#x32;&#x2e;&#x66;&#x72;<\/a><\/td>\n<td style=\"vertical-align: middle\"><a href=\"http:\/\/www.univ-tlse2.fr\"><img loading=\"lazy\" decoding=\"async\" class=\"alignnone wp-image-43\" src=\"https:\/\/blogs.univ-tlse2.fr\/gaemp\/files\/2015\/03\/ut2j-300x76.jpg\" alt=\"LOGO - quadri\" width=\"237\" height=\"60\" srcset=\"https:\/\/blogs.univ-tlse2.fr\/gaemp\/files\/2015\/03\/ut2j-300x76.jpg 300w, https:\/\/blogs.univ-tlse2.fr\/gaemp\/files\/2015\/03\/ut2j-1024x259.jpg 1024w, https:\/\/blogs.univ-tlse2.fr\/gaemp\/files\/2015\/03\/ut2j-250x63.jpg 250w, https:\/\/blogs.univ-tlse2.fr\/gaemp\/files\/2015\/03\/ut2j-150x38.jpg 150w, https:\/\/blogs.univ-tlse2.fr\/gaemp\/files\/2015\/03\/ut2j.jpg 1181w\" sizes=\"auto, (max-width: 237px) 100vw, 237px\" \/><\/a><\/td>\n<\/tr>\n<tr>\n<td style=\"vertical-align: middle\">Philippe Sahuc, <a href=\"&#109;a&#x69;l&#x74;o&#x3a;&#112;&#x68;&#105;l&#x69;p&#x70;e&#x2e;s&#x61;&#104;&#x75;&#99;&#64;&#x65;n&#x73;f&#x65;&#97;&#x2e;&#102;r\">&#112;&#x68;i&#x6c;&#x69;&#112;&#x70;e&#x2e;&#x73;&#97;&#x68;u&#x63;&#x40;&#101;&#x64;u&#x63;&#x61;&#103;&#x72;i&#x2e;&#x66;&#114;<\/a><\/td>\n<td style=\"vertical-align: middle\"><a href=\"http:\/\/www.enfa.fr\/\"><img loading=\"lazy\" decoding=\"async\" class=\"alignnone wp-image-268\" src=\"https:\/\/blogs.univ-tlse2.fr\/gaemp\/files\/2016\/05\/logo-ensfea-RVB-300x103-300x103-300x103.jpg\" alt=\"Logo ENSFEA\" width=\"236\" height=\"81\" \/><\/a><\/td>\n<\/tr>\n<\/tbody>\n<\/table>\n<p style=\"text-align: justify\">\u00c9tablissements associ\u00e9s\u00a0:<\/p>\n<p style=\"text-align: justify\"><a href=\"http:\/\/www.univ-tlse3.fr\" rel=\"attachment wp-att-46\"><img loading=\"lazy\" decoding=\"async\" class=\"alignnone wp-image-46\" src=\"https:\/\/blogs.univ-tlse2.fr\/gaemp\/files\/2015\/03\/ps-300x101.jpg\" alt=\"Impression\" width=\"226\" height=\"76\" srcset=\"https:\/\/blogs.univ-tlse2.fr\/gaemp\/files\/2015\/03\/ps-300x101.jpg 300w, https:\/\/blogs.univ-tlse2.fr\/gaemp\/files\/2015\/03\/ps-1024x345.jpg 1024w, https:\/\/blogs.univ-tlse2.fr\/gaemp\/files\/2015\/03\/ps-250x84.jpg 250w, https:\/\/blogs.univ-tlse2.fr\/gaemp\/files\/2015\/03\/ps-150x51.jpg 150w\" sizes=\"auto, (max-width: 226px) 100vw, 226px\" \/><\/a><a href=\"https:\/\/www.formagri-65-vic.fr\/JMONNET\/lycee.html\" target=\"_blank\" rel=\"noopener\"><img loading=\"lazy\" decoding=\"async\" class=\"alignnone wp-image-335\" src=\"https:\/\/blogs.univ-tlse2.fr\/gaemp\/files\/2021\/04\/lycee_agri_vic-300x133.jpeg\" alt=\"lycee_agri_vic\" width=\"176\" height=\"78\" srcset=\"https:\/\/blogs.univ-tlse2.fr\/gaemp\/files\/2021\/04\/lycee_agri_vic-300x133.jpeg 300w, https:\/\/blogs.univ-tlse2.fr\/gaemp\/files\/2021\/04\/lycee_agri_vic-624x277.jpeg 624w, https:\/\/blogs.univ-tlse2.fr\/gaemp\/files\/2021\/04\/lycee_agri_vic.jpeg 640w\" sizes=\"auto, (max-width: 176px) 100vw, 176px\" \/><\/a><\/p>\n","protected":false},"excerpt":{"rendered":"<p>Plaquette\u00a0de la formation (PDF) Cr\u00e9\u00e9e en 2007, la Licence d\u00e9veloppement de projets de territoire \u2013 montagne et pastoralisme (anciennement Gestion et animation des espaces montagnards et pastoraux) forme des professionnels contribuant \u00e0 l\u2019am\u00e9nagement durable des territoires de montagne, \u00e0 travers l\u2019animation de politiques de gestion men\u00e9es au plus pr\u00e8s des acteurs et des espaces montagnards [&hellip;]<\/p>\n","protected":false},"author":272,"featured_media":0,"parent":0,"menu_order":0,"comment_status":"closed","ping_status":"closed","template":"page-templates\/front-page.php","meta":{"footnotes":""},"class_list":["post-128","page","type-page","status-publish","hentry"],"_links":{"self":[{"href":"https:\/\/blogs.univ-tlse2.fr\/gaemp\/wp-json\/wp\/v2\/pages\/128","targetHints":{"allow":["GET"]}}],"collection":[{"href":"https:\/\/blogs.univ-tlse2.fr\/gaemp\/wp-json\/wp\/v2\/pages"}],"about":[{"href":"https:\/\/blogs.univ-tlse2.fr\/gaemp\/wp-json\/wp\/v2\/types\/page"}],"author":[{"embeddable":true,"href":"https:\/\/blogs.univ-tlse2.fr\/gaemp\/wp-json\/wp\/v2\/users\/272"}],"replies":[{"embeddable":true,"href":"https:\/\/blogs.univ-tlse2.fr\/gaemp\/wp-json\/wp\/v2\/comments?post=128"}],"version-history":[{"count":47,"href":"https:\/\/blogs.univ-tlse2.fr\/gaemp\/wp-json\/wp\/v2\/pages\/128\/revisions"}],"predecessor-version":[{"id":379,"href":"https:\/\/blogs.univ-tlse2.fr\/gaemp\/wp-json\/wp\/v2\/pages\/128\/revisions\/379"}],"wp:attachment":[{"href":"https:\/\/blogs.univ-tlse2.fr\/gaemp\/wp-json\/wp\/v2\/media?parent=128"}],"curies":[{"name":"wp","href":"https:\/\/api.w.org\/{rel}","templated":true}]}}