 {"id":193,"date":"2016-03-10T17:36:28","date_gmt":"2016-03-10T16:36:28","guid":{"rendered":"https:\/\/blogs.univ-tlse2.fr\/gaemp\/?page_id=193"},"modified":"2025-05-26T09:44:40","modified_gmt":"2025-05-26T07:44:40","slug":"admission","status":"publish","type":"page","link":"https:\/\/blogs.univ-tlse2.fr\/gaemp\/admission\/","title":{"rendered":"Admission"},"content":{"rendered":"<p style=\"text-align: justify\"><strong><u>Public vis\u00e9<\/u><\/strong><\/p>\n<p style=\"text-align: justify\"><strong>La formation est ouverte \u00e0 des \u00e9tudiants ayant des profils vari\u00e9s. Une attention particuli\u00e8re est accord\u00e9e \u00e0 la qualit\u00e9 du projet professionnel du candidat, en lien avec les champs d\u2019intervention de la formation.<\/strong><\/p>\n<p style=\"text-align: justify\"><strong>Formation initiale<\/strong> : ouverte aux \u00e9tudiants titulaires d\u2019un L2\u00a0(deuxi\u00e8me ann\u00e9e de licence, BTS, DUT ou \u00e9quivalent)\u00a0: BTSA GPN, BTSA ACSE, BTSA DATR, BTSA GF, BTSA PA, BTSA AP, BTSA GEMEAU, L2 G\u00e9ographie, L2 Ecologie, BTS tourisme, DUT g\u00e9nie biologique, \u2026<\/p>\n<p style=\"text-align: justify\"><strong>Formation continue<\/strong><strong> :<\/strong> la formation accueille chaque ann\u00e9e dans le cadre de la formation continue des personnes ayant une exp\u00e9rience professionnelle dans les champs de comp\u00e9tences \/ m\u00e9tiers vis\u00e9s.<\/p>\n<p style=\"text-align: justify\"><strong><u>Proc\u00e9dure de s\u00e9lection<\/u><\/strong><\/p>\n<p>L\u2019acc\u00e8s \u00e0 la formation se fait \u00e0 travers une s\u00e9lection sur dossier.<\/p>\n<p><strong>Le d\u00e9p\u00f4t des candidatures s\u2019effectue sur le site eCandidat de l&rsquo;universit\u00e9 Jean-Jaur\u00e8s (<span style=\"color: #ff0000\"><em>ouverture du 12\/05\/25 au 09\/06\/2025)<\/em> <\/span> :<\/strong><br \/>\n<strong><a href=\"https:\/\/ecandidat.univ-tlse2.fr\">https:\/\/ecandidat.univ-tlse2.fr<\/a>.<\/strong><\/p>\n","protected":false},"excerpt":{"rendered":"<p>Public vis\u00e9 La formation est ouverte \u00e0 des \u00e9tudiants ayant des profils vari\u00e9s. Une attention particuli\u00e8re est accord\u00e9e \u00e0 la qualit\u00e9 du projet professionnel du candidat, en lien avec les champs d\u2019intervention de la formation. Formation initiale : ouverte aux \u00e9tudiants titulaires d\u2019un L2\u00a0(deuxi\u00e8me ann\u00e9e de licence, BTS, DUT ou \u00e9quivalent)\u00a0: BTSA GPN, BTSA ACSE, [&hellip;]<\/p>\n","protected":false},"author":272,"featured_media":0,"parent":0,"menu_order":0,"comment_status":"closed","ping_status":"closed","template":"","meta":{"footnotes":""},"class_list":["post-193","page","type-page","status-publish","hentry"],"_links":{"self":[{"href":"https:\/\/blogs.univ-tlse2.fr\/gaemp\/wp-json\/wp\/v2\/pages\/193","targetHints":{"allow":["GET"]}}],"collection":[{"href":"https:\/\/blogs.univ-tlse2.fr\/gaemp\/wp-json\/wp\/v2\/pages"}],"about":[{"href":"https:\/\/blogs.univ-tlse2.fr\/gaemp\/wp-json\/wp\/v2\/types\/page"}],"author":[{"embeddable":true,"href":"https:\/\/blogs.univ-tlse2.fr\/gaemp\/wp-json\/wp\/v2\/users\/272"}],"replies":[{"embeddable":true,"href":"https:\/\/blogs.univ-tlse2.fr\/gaemp\/wp-json\/wp\/v2\/comments?post=193"}],"version-history":[{"count":14,"href":"https:\/\/blogs.univ-tlse2.fr\/gaemp\/wp-json\/wp\/v2\/pages\/193\/revisions"}],"predecessor-version":[{"id":381,"href":"https:\/\/blogs.univ-tlse2.fr\/gaemp\/wp-json\/wp\/v2\/pages\/193\/revisions\/381"}],"wp:attachment":[{"href":"https:\/\/blogs.univ-tlse2.fr\/gaemp\/wp-json\/wp\/v2\/media?parent=193"}],"curies":[{"name":"wp","href":"https:\/\/api.w.org\/{rel}","templated":true}]}}