 {"id":197,"date":"2016-05-31T17:38:41","date_gmt":"2016-05-31T15:38:41","guid":{"rendered":"https:\/\/blogs.univ-tlse2.fr\/gaemp\/?page_id=197"},"modified":"2024-05-16T16:54:21","modified_gmt":"2024-05-16T14:54:21","slug":"debouches","status":"publish","type":"page","link":"https:\/\/blogs.univ-tlse2.fr\/gaemp\/debouches\/","title":{"rendered":"D\u00e9bouch\u00e9s"},"content":{"rendered":"\n<p>La licence d\u00e9veloppement de projets de territoires, montagne et pastoralisme ouvre \u00e0 cinq grandes cat\u00e9gories d\u2019emploi.<\/p>\n\n\n\n<ol class=\"wp-block-list\">\n<li><strong>Gestionnaire-animateur d&rsquo;espaces montagnards et\/ou pastoraux<\/strong> pour les Chambres d&rsquo;Agriculture et leurs regroupements, les collectivit\u00e9s locales et leurs regroupements (communaut\u00e9s de communes, syndicats, parcs naturels r\u00e9gionaux), les groupements d&rsquo;\u00e9leveurs et de propri\u00e9taires fonciers, les structures gestionnaires des espaces prot\u00e9g\u00e9s (ONF, Parcs nationaux, r\u00e9serves naturelles&#8230;)&nbsp;;<\/li>\n\n\n\n<li><strong>Assistant ing\u00e9nieur de bureaux d&rsquo;\u00e9tudes priv\u00e9s<\/strong> (am\u00e9nagement rural, \u00e9cologie, paysage) ou d&rsquo;organismes de recherche et d\u00e9veloppement (CERPAM, IRSTEA, INRA&#8230;)&nbsp;;<\/li>\n\n\n\n<li><strong>Charg\u00e9 de mission aupr\u00e8s des services d\u00e9concentr\u00e9s de l&rsquo;Etat<\/strong> (DREAL, DRAAF, DDT&#8230;), des \u00e9tablissements publics (ONF, ONCFS&#8230;) ou des Chambres d&rsquo;Agriculture&nbsp;;<\/li>\n\n\n\n<li><strong>Entrepreneur de travaux<\/strong> pour le compte des structures de gestion des espaces montagnards ou conducteur de travaux au sein des services de travaux en r\u00e9gie de ces structures de gestion&nbsp;;<\/li>\n\n\n\n<li><strong>Enseignant-animateur<\/strong> dans les structures de l&rsquo;Education Nationale et de l&rsquo;Enseignement Agricole, dans les centres publics et priv\u00e9s de formation continue, aupr\u00e8s du grand public (collectivit\u00e9s locales et leurs regroupements, associations d&rsquo;\u00e9ducation \u00e0 l&rsquo;environnement, CPIE&#8230;).<\/li>\n<\/ol>\n\n\n\n<p>Le suivi r\u00e9alis\u00e9 en interne par les responsables de la licence depuis sa cr\u00e9ation (taux de r\u00e9ponse 80 %) fait appara\u00eetre un taux d\u2019activit\u00e9 stable autour de 60-65 % des dipl\u00f4m\u00e9s entre 1 et 3 ans apr\u00e8s l\u2019obtention du dipl\u00f4me, et un taux de poursuite d\u2019\u00e9tudes entre 10 et 15 %.<\/p>\n\n\n\n<p>Environ 70 % des emplois sont dans les champs vis\u00e9s par la formation (agriculture, pastoralisme, animation territoriale, environnement), mais \u00e9galement \u00e0 des niveaux d\u2019emplois vis\u00e9s par la licence (entre technicien et ing\u00e9nieur).<\/p>\n\n\n\n<h3 class=\"wp-block-heading\">Pour en savoir plus&nbsp;:<\/h3>\n\n\n\n<p><a data-wplink-edit=\"true\" href=\"https:\/\/blogs.univ-tlse2.fr\/gaemp\/files\/2024\/05\/RAPPORT_Devenir_des_Etudiants_2023.pdf\">\u00c9tude r\u00e9alis\u00e9e en 2023 sur le devenir des \u00e9tudiants dipl\u00f4m\u00e9s GAEMP.<\/a><\/p>\n\n\n\n<p>Quelques paroles d\u2019anciens extraites de cette \u00e9tude&nbsp;:<\/p>\n\n\n\n<p>&nbsp;\u00ab&nbsp;Cette licence pro m\u2019a apport\u00e9 beaucoup en termes de connaissances techniques et th\u00e9oriques. De plus, on nous pr\u00e9sente bien les m\u00e9thodologies \u00e0 suivre pour \u00eatre autonome et efficace.&nbsp;\u00bb<\/p>\n\n\n\n<p>\u00ab&nbsp;L\u2019\u00e9quilibre cours th\u00e9oriques et terrain est \u00e9galement un point fort de la formation.&nbsp;\u00bb<\/p>\n\n\n\n<p>\u00ab&nbsp;Je suis tr\u00e8s satisfaite de la licence dans le fond (contenu des interventions \u00e0 domaines vari\u00e9s, diversit\u00e9s des approches des intervenants&nbsp;: universitaire, agricole, professionnelle, pratico-pratique) et dans la forme (diversit\u00e9 des profils des \u00e9tudiants&nbsp;: agricole, environnementaliste, g\u00e9ographe, reprise d\u2019\u00e9tude\u2026).&nbsp;\u00bb<\/p>\n\n\n\n<p>\u00ab&nbsp;J\u2019ai pu acqu\u00e9rir des connaissances th\u00e9oriques et pratiques avec des interventions par des professeurs mais aussi des professionnels ce qui est compl\u00e9mentaire. D\u2019ailleurs je rencontre et travaille avec des intervenants que j\u2019avais eus en licence ce qui est assez plaisant, et \u00e0 mon tour je suis intervenante, on peut donc dire que la roue tourne.&nbsp;\u00bb<\/p>\n\n\n\n<p>\u00ab&nbsp;En 1 an elle permettait de d\u00e9couvrir de nombreuses th\u00e9matiques diff\u00e9rentes (du SIG \u00e0 l\u2019indice fourrager), dans une tr\u00e8s bonne ambiance.&nbsp;\u00bb<\/p>\n\n\n\n<p>\u00ab&nbsp;On comprend bien les diff\u00e9rents enjeux li\u00e9s \u00e0 l\u2019agriculture de montagne&nbsp;\u00bb<\/p>\n\n\n\n<p>\u00ab&nbsp;Tr\u00e8s belle ann\u00e9e o\u00f9 j\u2019ai beaucoup appris, profs, m\u00e9thodes de travail et environnement id\u00e9al.&nbsp;\u00bb<\/p>\n\n\n\n<p>\u00ab&nbsp;Tr\u00e8s pro avec beaucoup de sorties pour illustrer les cours.&nbsp;\u00bb<\/p>\n\n\n\n<p>\u00ab&nbsp;Cette formation apprend des m\u00e9thodes de travail de groupe, ce que l\u2019on travaille peu dans d\u2019autres formations&nbsp;\u00bb.<\/p>\n\n\n\n<p>\u00ab&nbsp;Beaucoup de travail d\u2019\u00e9quipe, d\u2019\u00e9changes et de rencontres. Equilibre entre terrain et th\u00e9orique. Un contenu de formation dispens\u00e9 par des professionnels et des enseignants engag\u00e9s et disponibles. Des stages terrains tr\u00e8s formateurs. D\u00e9couverte du milieu montagnards avec les enjeux qui lui sont propres&nbsp;\u00bb.<\/p>\n","protected":false},"excerpt":{"rendered":"<p>La licence d\u00e9veloppement de projets de territoires, montagne et pastoralisme ouvre \u00e0 cinq grandes cat\u00e9gories d\u2019emploi. Le suivi r\u00e9alis\u00e9 en interne par les responsables de la licence depuis sa cr\u00e9ation (taux de r\u00e9ponse 80 %) fait appara\u00eetre un taux d\u2019activit\u00e9 stable autour de 60-65 % des dipl\u00f4m\u00e9s entre 1 et 3 ans apr\u00e8s l\u2019obtention du [&hellip;]<\/p>\n","protected":false},"author":272,"featured_media":0,"parent":0,"menu_order":0,"comment_status":"closed","ping_status":"closed","template":"","meta":{"footnotes":""},"class_list":["post-197","page","type-page","status-publish","hentry"],"_links":{"self":[{"href":"https:\/\/blogs.univ-tlse2.fr\/gaemp\/wp-json\/wp\/v2\/pages\/197","targetHints":{"allow":["GET"]}}],"collection":[{"href":"https:\/\/blogs.univ-tlse2.fr\/gaemp\/wp-json\/wp\/v2\/pages"}],"about":[{"href":"https:\/\/blogs.univ-tlse2.fr\/gaemp\/wp-json\/wp\/v2\/types\/page"}],"author":[{"embeddable":true,"href":"https:\/\/blogs.univ-tlse2.fr\/gaemp\/wp-json\/wp\/v2\/users\/272"}],"replies":[{"embeddable":true,"href":"https:\/\/blogs.univ-tlse2.fr\/gaemp\/wp-json\/wp\/v2\/comments?post=197"}],"version-history":[{"count":7,"href":"https:\/\/blogs.univ-tlse2.fr\/gaemp\/wp-json\/wp\/v2\/pages\/197\/revisions"}],"predecessor-version":[{"id":376,"href":"https:\/\/blogs.univ-tlse2.fr\/gaemp\/wp-json\/wp\/v2\/pages\/197\/revisions\/376"}],"wp:attachment":[{"href":"https:\/\/blogs.univ-tlse2.fr\/gaemp\/wp-json\/wp\/v2\/media?parent=197"}],"curies":[{"name":"wp","href":"https:\/\/api.w.org\/{rel}","templated":true}]}}