 {"id":200,"date":"2016-05-31T17:40:23","date_gmt":"2016-05-31T15:40:23","guid":{"rendered":"https:\/\/blogs.univ-tlse2.fr\/gaemp\/?page_id=200"},"modified":"2024-05-16T16:56:07","modified_gmt":"2024-05-16T14:56:07","slug":"liens-utiles","status":"publish","type":"page","link":"https:\/\/blogs.univ-tlse2.fr\/gaemp\/liens-utiles\/","title":{"rendered":"Liens utiles"},"content":{"rendered":"<ul>\n<li><a href=\"http:\/\/centre-universitaire-ariege.fr\">Centre Universitaire de Foix \/ ADUA<\/a><\/li>\n<li>D\u00e9partement de <a href=\"http:\/\/geo.univ-tlse2.fr\/\">G\u00e9ographie, Am\u00e9nagement et Environnement<\/a> de l\u2019UT2J<\/li>\n<li><a href=\"http:\/\/www.univ-tlse2.fr\">UT2J<\/a> (Universit\u00e9 de Toulouse \u2013 Jean Jaur\u00e8s)<\/li>\n<li><a href=\"http:\/\/www.ensfea.fr\">ENSFEA (\u00c9cole Nationale Sup\u00e9rieure de Formation de l&rsquo;Enseignement Agronomique)<\/a><\/li>\n<\/ul>\n<p>Et aussi :<\/p>\n<ul>\n<li><a href=\"https:\/\/formagri65.fr\/\">EPLEFPA Vic en Bigorre<\/a><\/li>\n<li><a href=\"http:\/\/www.univ-tlse3.fr\/\">UPS (Universit\u00e9 Paul-Sabatier)<\/a><\/li>\n<li><a href=\"http:\/\/www.pastoralisme.net\/\" target=\"_blank\" rel=\"noopener\">Association fran\u00e7aise de pastoralisme<\/a><\/li>\n<\/ul>\n","protected":false},"excerpt":{"rendered":"<p>Centre Universitaire de Foix \/ ADUA D\u00e9partement de G\u00e9ographie, Am\u00e9nagement et Environnement de l\u2019UT2J UT2J (Universit\u00e9 de Toulouse \u2013 Jean Jaur\u00e8s) ENSFEA (\u00c9cole Nationale Sup\u00e9rieure de Formation de l&rsquo;Enseignement Agronomique) Et aussi : EPLEFPA Vic en Bigorre UPS (Universit\u00e9 Paul-Sabatier) Association fran\u00e7aise de pastoralisme<\/p>\n","protected":false},"author":272,"featured_media":0,"parent":0,"menu_order":0,"comment_status":"closed","ping_status":"closed","template":"","meta":{"footnotes":""},"class_list":["post-200","page","type-page","status-publish","hentry"],"_links":{"self":[{"href":"https:\/\/blogs.univ-tlse2.fr\/gaemp\/wp-json\/wp\/v2\/pages\/200","targetHints":{"allow":["GET"]}}],"collection":[{"href":"https:\/\/blogs.univ-tlse2.fr\/gaemp\/wp-json\/wp\/v2\/pages"}],"about":[{"href":"https:\/\/blogs.univ-tlse2.fr\/gaemp\/wp-json\/wp\/v2\/types\/page"}],"author":[{"embeddable":true,"href":"https:\/\/blogs.univ-tlse2.fr\/gaemp\/wp-json\/wp\/v2\/users\/272"}],"replies":[{"embeddable":true,"href":"https:\/\/blogs.univ-tlse2.fr\/gaemp\/wp-json\/wp\/v2\/comments?post=200"}],"version-history":[{"count":8,"href":"https:\/\/blogs.univ-tlse2.fr\/gaemp\/wp-json\/wp\/v2\/pages\/200\/revisions"}],"predecessor-version":[{"id":377,"href":"https:\/\/blogs.univ-tlse2.fr\/gaemp\/wp-json\/wp\/v2\/pages\/200\/revisions\/377"}],"wp:attachment":[{"href":"https:\/\/blogs.univ-tlse2.fr\/gaemp\/wp-json\/wp\/v2\/media?parent=200"}],"curies":[{"name":"wp","href":"https:\/\/api.w.org\/{rel}","templated":true}]}}