 {"id":218,"date":"2016-06-02T09:04:09","date_gmt":"2016-06-02T07:04:09","guid":{"rendered":"https:\/\/blogs.univ-tlse2.fr\/gaemp\/?page_id=218"},"modified":"2016-06-02T09:04:09","modified_gmt":"2016-06-02T07:04:09","slug":"contact","status":"publish","type":"page","link":"https:\/\/blogs.univ-tlse2.fr\/gaemp\/contact\/","title":{"rendered":"Contact"},"content":{"rendered":"<p>D\u00e9partement de G\u00e9ographie, UT2J<br \/>\nCentre Universitaire de Foix<br \/>\n4 avenue Raoul Lafagette<br \/>\n09000 Foix<\/p>\n<p>T\u00e9l\u00e9phone : 05 61 02 19 88<\/p>\n<p>M\u00e8l :\u00a0<a href=\"&#x6d;a&#x69;&#108;t&#x6f;:&#x67;&#101;o&#x2e;f&#x6f;&#105;x&#x40;u&#x6e;&#x69;v&#x2d;&#116;l&#x73;e&#x32;&#46;f&#x72;\">g&#x65;o&#46;&#x66;o&#105;&#x78;&#64;&#117;&#x6e;i&#118;&#x2d;t&#x6c;&#x73;e&#x32;&#x2e;f&#x72;<\/a><\/p>\n","protected":false},"excerpt":{"rendered":"<p>D\u00e9partement de G\u00e9ographie, UT2J Centre Universitaire de Foix 4 avenue Raoul Lafagette 09000 Foix T\u00e9l\u00e9phone : 05 61 02 19 88 M\u00e8l :\u00a0&#x67;&#x65;&#x6f;&#x2e;&#x66;&#x6f;&#105;&#120;&#64;univ-&#x74;&#x6c;&#x73;&#x65;&#x32;&#x2e;&#102;&#114;<\/p>\n","protected":false},"author":272,"featured_media":0,"parent":0,"menu_order":0,"comment_status":"closed","ping_status":"closed","template":"","meta":{"footnotes":""},"class_list":["post-218","page","type-page","status-publish","hentry"],"_links":{"self":[{"href":"https:\/\/blogs.univ-tlse2.fr\/gaemp\/wp-json\/wp\/v2\/pages\/218","targetHints":{"allow":["GET"]}}],"collection":[{"href":"https:\/\/blogs.univ-tlse2.fr\/gaemp\/wp-json\/wp\/v2\/pages"}],"about":[{"href":"https:\/\/blogs.univ-tlse2.fr\/gaemp\/wp-json\/wp\/v2\/types\/page"}],"author":[{"embeddable":true,"href":"https:\/\/blogs.univ-tlse2.fr\/gaemp\/wp-json\/wp\/v2\/users\/272"}],"replies":[{"embeddable":true,"href":"https:\/\/blogs.univ-tlse2.fr\/gaemp\/wp-json\/wp\/v2\/comments?post=218"}],"version-history":[{"count":1,"href":"https:\/\/blogs.univ-tlse2.fr\/gaemp\/wp-json\/wp\/v2\/pages\/218\/revisions"}],"predecessor-version":[{"id":219,"href":"https:\/\/blogs.univ-tlse2.fr\/gaemp\/wp-json\/wp\/v2\/pages\/218\/revisions\/219"}],"wp:attachment":[{"href":"https:\/\/blogs.univ-tlse2.fr\/gaemp\/wp-json\/wp\/v2\/media?parent=218"}],"curies":[{"name":"wp","href":"https:\/\/api.w.org\/{rel}","templated":true}]}}