 {"id":106,"date":"2016-12-15T14:16:41","date_gmt":"2016-12-15T13:16:41","guid":{"rendered":"https:\/\/garaisonoff.wordpress.com\/journees-detude-a-luniversite-toulouse-jean-jaures\/"},"modified":"2018-04-16T20:30:06","modified_gmt":"2018-04-16T18:30:06","slug":"tagung","status":"publish","type":"page","link":"https:\/\/blogs.univ-tlse2.fr\/garaison\/forschungsprogramm\/tagung\/","title":{"rendered":"Tagung"},"content":{"rendered":"<h3><span style=\"color: #808000\"><em>Austro-allemandes \u00e0 Garaison. L\u2019internement \u00e0 la lumi\u00e8re des journaux de guerre <\/em><\/span><span style=\"color: #808000\"><em>(Deutsch-\u00d6sterreicherinnen in Garaison. Die Internierung im Licht der Kriegstageb\u00fccher)<br \/>\n<\/em><\/span><\/h3>\n<div><a href=\"http:\/\/http:\/\/creg.univ-tlse2.fr\/accueil\/agenda\/austro-allemandes-a-garaison-l-internement-a-la-lumiere-des-journaux-de-guerre-392057.kjsp?RH=1273146165225\"><img loading=\"lazy\" decoding=\"async\" class=\"wp-image-477 size-medium alignleft\" src=\"https:\/\/blogs.univ-tlse2.fr\/garaison\/files\/2018\/01\/affiche-garaison_1452681561299-png-213x300.png\" alt=\"\" width=\"213\" height=\"300\" srcset=\"https:\/\/blogs.univ-tlse2.fr\/garaison\/files\/2018\/01\/affiche-garaison_1452681561299-png-213x300.png 213w, https:\/\/blogs.univ-tlse2.fr\/garaison\/files\/2018\/01\/affiche-garaison_1452681561299-png.png 453w\" sizes=\"auto, (max-width: 213px) 100vw, 213px\" \/><\/a><\/div>\n<div><\/div>\n<p style=\"text-align: justify\">Die am 18. und 19. Februar 2016 vom germanistischen Forschungszentrum (<a href=\"http:\/\/creg.univ-tlse2.fr\/hauptseite\/\">CREG, Centre de Recherches et d&#8217;\u00c9tudes Germaniques<\/a>) im Rahmen von dessen Programm &#8222;<a href=\"http:\/\/creg.univ-tlse2.fr\/hauptseite\/thema-2014-\/\">Erben, Weitergeben<\/a>&#8220; an der Universit\u00e4t Toulouse organisierte Tagung kreuzte die Problematik der Internierung und des Ortswechsels.<\/p>\n<p style=\"text-align: justify\">Sie vereinte Historiker (Jean-Claude Farcy und Jos\u00e9 Cub\u00e9ro) und GermanistInnen (Hilda Inderwildi, H\u00e9l\u00e8ne Leclerc und Alfred Pr\u00e9dhumeau) und wurde in Zusammenarbeit mit der Einrichtung <a href=\"https:\/\/blogs.univ-tlse2.fr\/garaison\/partner\/institut-notre-dame-de-garaison\/\">Notre-Dame de Garaison<\/a> und dem <a href=\"https:\/\/blogs.univ-tlse2.fr\/garaison\/partner\/archiv-des-departements-hautes-pyrenees\/\">Archiv des D\u00e9partements Hautes-Pyr\u00e9n\u00e9es<\/a> organisiert. Im Rahmen der Tagung wurde auch der <a href=\"https:\/\/blogs.univ-tlse2.fr\/garaison\/dokumentarfilm-loin-de-verdun\/\">Dokumentarfilm <em>Loin de Verdun<\/em><\/a> von Xavier Delagnes gezeigt. Sie f\u00fchrte zu einem fruchtbaren Dialog zwischen Forschern, Archivaren, Filmspezialisten und am Film Beteiligter, vor allem der Sch\u00fcler und Lehrer aus Garaison.<\/p>\n<p style=\"text-align: justify\">Ausgangspunkt der Veranstaltung war die Wiederentdeckung der Tagebuch-Berichte von deutschen und \u00f6sterreichischen Internierten, die ab September 1914 in Garaison interniert waren. Die Garaison betreffenden Stellen der Tageb\u00fccher wurden von mehreren Mitgliedern des CREG unter dem Titel <em><a href=\"https:\/\/blogs.univ-tlse2.fr\/garaison\/gefangenschaftsberichte\/recits-de-captivite\/\">Gertrud K\u00f6bner, Helene Schaarschmidt, R\u00e9cits de captivit\u00e9. Garaison 1914<\/a><\/em> (Le P\u00e9r\u00e9grinateur, 2016) \u00fcbersetzt. Die Tagung zielte darauf ab, den Inhalt dieser Tagebuchberichte zu pr\u00e4sentieren und analysieren, aber auch die Kontexte ihrer Entstehung zu beleuchten.<\/p>\n<p style=\"text-align: justify\">Dieser zweite Aspekt war Gegenstand des Einf\u00fchrungsvortrags von J.-C. Farcy zu &#8222;Guerres et internements dans la France du XXe si\u00e8cle&#8220; (Kriege und Internierungen im Frankreich des 20. Jahrhunderts). Farcy, Autor eines Pionierwerks \u00fcber die franz\u00f6sischen Internierungslager des 1. Weltkriegs (<em>Les camps de concentration fran\u00e7ais de la premi\u00e8re guerre mondiale<\/em>, Paris, Anthropos historiques, 1995), erinnerte an die offizielle Bezeichnung der &#8222;Konzentrationslager&#8220; des 1. Weltkriegs und er\u00f6rterte anschlie\u00dfend Wesen und Ziel der Internierung im Zuge der beiden Weltkriege sowie des Algerienkriegs und stellte Gemeinsamkeiten wie Differenzen heraus.<\/p>\n<p style=\"text-align: justify\">Aus der Tagung ging besonders der Ausnahmecharakter dieser au\u00dferrechtlichen administrativen Ma\u00dfnahmen hervor. Der Vortrag von Jos\u00e9 Cub\u00e9ro behandelte die gro\u00dfe Vielfalt der im Lager Garaison vertretenen Nationalit\u00e4ten. H\u00e9l\u00e8ne Leclerc verglich die Texte von Gertrud K\u00f6bner, Helene Schaarschmidt und Helene F\u00fcrnkranz. Aus ihrem Vergleich ging hervor, dass 1) die Texte, nicht nur in den geschilderten Erfahrungen, aber auch in Form und Vokabular, gro\u00dfe Gemeinsamkeiten aufweisen, 2) dass diese Berichte nachtr\u00e4glich umgeschrieben und sogar erweitert wurden und 3) dass sie, trotz der schmerzlichen Umst\u00e4nde dieser Erfahrung, eine vers\u00f6hnliche und humanistische Botschaft vermitteln.<\/p>\n<p style=\"text-align: justify\">Alfred Pr\u00e9dhumeau kam auf den Aspekt der nachtr\u00e4glichen Umgestaltung der Berichte zur\u00fcck und interessierte sich f\u00fcr die Umst\u00e4nde im deutschen Presse- und Verlagswesen rund um die Ver\u00f6ffentlichung der Berichte dieser internierten Frauen, die bereits 1915 erfolgte. Daran erinnernd, dass Deutschland kurz vor dem Krieg f\u00fchrend im Verlagswesen war, zeigte er, wie die deutschen Verleger angesichts der Kriegsensur mit der Notwendigkeit einer Umorientierung ihrer Aktivit\u00e4t konfrontiert waren, die sie dazu brachte, &#8222;Kriegsliteratur&#8220; zu publizieren, zu der auch die beiden Berichte geh\u00f6ren.<\/p>\n<p style=\"text-align: justify\">Hilda Inderwildi, die die Berichte aus der Perspektive der \u00dcbersetzerin betrachtete, definierte die \u00dcbersetzung in ihrem Vortrag als historische Ermittlungs- und Archivarbeit. Sie kam dabei auf literarische Aspekte der beiden Berichte zur\u00fcck und legte nahe, diese ebenfalls aus dem Blickwinkel der Geschichte der Frauen und ihrer weiblichen Dimension zu betrachten.<\/p>\n<p style=\"text-align: justify\">Anschlie\u00dfend an die Lesung von Charlotte Piarulli folgte die Schlussbetrachtung von Mechthild Coustillac, Lucile Dreidemy, H\u00e9l\u00e8ne Flor\u00e9a und Pauline Landois, in der diese den exemplarischen Charakter des Lagers Garaison in den Midi-Pyr\u00e9n\u00e9es und in der Geschichte des &#8222;Gro\u00dfen Krieges&#8220; betonten und dabei drei Arbeitsrichtungen hervorhoben: das Bild Frankreichs ausgehend von den Begriffen Auto- und Heterostereotyp zu betrachten; eine semantische Analyse der Begriffe &#8222;Konzentration&#8220; und &#8222;Internierung&#8220; vorzunehemen; die deutschen Pendants zu den franz\u00f6sischen Internierungslagern im 1. Weltkrieg zu untersuchen.<\/p>\n<div><\/div>\n","protected":false},"excerpt":{"rendered":"<p>Austro-allemandes \u00e0 Garaison. L\u2019internement \u00e0 la lumi\u00e8re des journaux de guerre (Deutsch-\u00d6sterreicherinnen in Garaison. Die Internierung im Licht der Kriegstageb\u00fccher) Die am 18. und 19. Februar 2016 vom germanistischen Forschungszentrum (CREG, Centre de Recherches et d&#8217;\u00c9tudes Germaniques) im Rahmen von dessen Programm &#8222;Erben, Weitergeben&#8220; an der Universit\u00e4t Toulouse organisierte Tagung kreuzte die Problematik der Internierung [&hellip;]<\/p>\n","protected":false},"author":390,"featured_media":0,"parent":165,"menu_order":3,"comment_status":"closed","ping_status":"closed","template":"","meta":{"footnotes":""},"class_list":["post-106","page","type-page","status-publish","hentry","post-preview"],"_links":{"self":[{"href":"https:\/\/blogs.univ-tlse2.fr\/garaison\/wp-json\/wp\/v2\/pages\/106","targetHints":{"allow":["GET"]}}],"collection":[{"href":"https:\/\/blogs.univ-tlse2.fr\/garaison\/wp-json\/wp\/v2\/pages"}],"about":[{"href":"https:\/\/blogs.univ-tlse2.fr\/garaison\/wp-json\/wp\/v2\/types\/page"}],"author":[{"embeddable":true,"href":"https:\/\/blogs.univ-tlse2.fr\/garaison\/wp-json\/wp\/v2\/users\/390"}],"replies":[{"embeddable":true,"href":"https:\/\/blogs.univ-tlse2.fr\/garaison\/wp-json\/wp\/v2\/comments?post=106"}],"version-history":[{"count":38,"href":"https:\/\/blogs.univ-tlse2.fr\/garaison\/wp-json\/wp\/v2\/pages\/106\/revisions"}],"predecessor-version":[{"id":917,"href":"https:\/\/blogs.univ-tlse2.fr\/garaison\/wp-json\/wp\/v2\/pages\/106\/revisions\/917"}],"up":[{"embeddable":true,"href":"https:\/\/blogs.univ-tlse2.fr\/garaison\/wp-json\/wp\/v2\/pages\/165"}],"wp:attachment":[{"href":"https:\/\/blogs.univ-tlse2.fr\/garaison\/wp-json\/wp\/v2\/media?parent=106"}],"curies":[{"name":"wp","href":"https:\/\/api.w.org\/{rel}","templated":true}]}}