 {"id":1200,"date":"2020-04-01T12:11:04","date_gmt":"2020-04-01T10:11:04","guid":{"rendered":"https:\/\/blogs.univ-tlse2.fr\/garaison\/?page_id=1200"},"modified":"2020-04-01T21:53:19","modified_gmt":"2020-04-01T19:53:19","slug":"bericht-von-jacques-david","status":"publish","type":"page","link":"https:\/\/blogs.univ-tlse2.fr\/garaison\/temoignages\/zeugenschaften\/bericht-von-jacques-david\/","title":{"rendered":"Bericht von Jacques David"},"content":{"rendered":"\n<p><\/p>\n\n\n\n<p><\/p>\n\n\n\n<h3 class=\"has-accent-color has-text-color has-text-align-center wp-block-heading\"><strong>BERICHT<\/strong> VON JACQUES DAVID,<br><strong><br><\/strong>Sohn von Fran\u00e7oise Brun, Enkel von Jos\u00e9phine und Edmond Brun, Internierter in Garaison  <\/h3>\n\n\n\n<p class=\"has-text-align-center\"><em><strong><a href=\"https:\/\/blogs.univ-tlse2.fr\/garaison\/temoignage-de-jacques-david\/\">Bericht in franz\u00f6sischer Sprache<\/a><\/strong><\/em><\/p>\n\n\n\n<hr class=\"wp-block-separator\" \/>\n\n\n\n<p><em>E-Mail vom 5. August 2019<\/em><\/p>\n\n\n\n<p><br>Sehr geehrte Frau Inderwildi,<\/p>\n\n\n\n<p><p style=\"text-align: justify\">gerne erinnere ich mich f\u00fcr Sie an Garaison, wovon ich\noft von meinem Gro\u00dfvater <strong>Edmond BRUN<\/strong> (1880-1969), meiner Gro\u00dfmutter <strong>Jos\u00e9phine\nBRUN geborene FLEITH<\/strong> (1881-1968), meiner Mutter <strong>Fran\u00e7oise BRUN\nverheiratet DAVID <\/strong>(1913-1992) und meinem Onkel <strong>Max Marius BRUN<\/strong>\n(1910-1993) geh\u00f6rt habe.<\/p><\/p>\n\n\n\n<p><p style=\"text-align: justify\">1913 verl\u00e4sst Edmond INGERSHEIM (Departement Haut-Rhin) mit seiner Familie, um in REMIREMONT\/ROMBERG\n(Vogesen) \u201eFranz\u00f6sisch zu lernen\u201c, indem er in der R\u00f6hrenfabrik seines Schwagers,\neines Industriellen, arbeitet.<\/p><\/p>\n\n\n\n<p><p style=\"text-align: justify\">Jos\u00e9phine erz\u00e4hlte: 1914 wird er von den Gendarmen\nverhaftet, in Handschellen gelegt, er geht fort ins Unbekannte, l\u00e4sst sie mit\nihren beiden kleinen Kindern zur\u00fcck. Er wurde beschuldigt, Els\u00e4sser zu sein und\nzudem Sohn eines deutschen Beamten (Joseph, ein Grundschullehrer, der nach dem\nKrieg von 1870 von der Schweiz ins Elsass gelangt war).<\/p><\/p>\n\n\n\n<p><p style=\"text-align: justify\">Er landet in Garaison, wohin ihm Jos\u00e9phine mit den\nKindern im Juli 1915 durch die Intervention des Pr\u00e4fekten, eines Bekannten seines\nSchwagers, folgen.<\/p><\/p>\n\n\n\n<p><p style=\"text-align: justify\">Der Groll Jos\u00e9phines galt den Polizisten: Aber die H\u00f6he\nwar sp\u00e4ter, dass ihr Sohn Max und ihr Schwiegersohn (mein Vater) Polizisten\nwurden!!<\/p><\/p>\n\n\n\n<p><p style=\"text-align: justify\"><strong>ROSE<\/strong> wurde 1917 in\nGaraison geboren. Als sie krank wird, holt Edmond Dr. SCHWEITZER, der ihn \u201ezum\nTeufel jagte\u201c, erz\u00e4hlte er. Was f\u00fcr ein B\u00e4r, sagte er! Als er zu Rose zur\u00fcckkam,\nwar SCHWEITZER schon da!!<\/p><\/p>\n\n\n\n<p><p style=\"text-align: justify\">Edmond, Schweizer Abstammung (er hatte einen\nHEIMATSCHEIN), bekam Pakete aus der Schweiz und wechselte viele Briefe mit\nseinem Vater, der im Elsass geblieben war.<\/p><\/p>\n\n\n\n<p><p style=\"text-align: justify\">Meiner Kenntnis nach hatten sie keinen Kontakt mit\n\u201eEhemaligen\u201c aus Garaison. Es bleiben nur ein paar Bilder, Postkarten und ein\nBriefwechsel mit seiner Familie!<\/p><\/p>\n\n\n\n<p><p style=\"text-align: justify\">Die ganze Familie l\u00e4sst sich 1919 in NEUF-BRISACH\/NEUBREISACH\n(Departement Haut-Rhin) nieder und kauft 1923 ein Haus, Jos\u00e9phines\nLebensmittelgesch\u00e4ft liegt im Erdgeschoss. Edmond wird Gemeindesekret\u00e4r.<\/p><\/p>\n\n\n\n<p><p style=\"text-align: justify\">1940 werden sie nach MEILHAN-sur-GARONNE (Lot-et-Garonne)\n\u201eevakuiert\u201c, kehren dann zur\u00fcck und verbringen den Zweiten Weltkrieg zu Hause, \u00fcber\ndem bis 1946 ge\u00f6ffneten Lebensmittelgesch\u00e4ft; sie bleiben von den amerikanischen Bombenangriffen von 1945 verschont! und leben gl\u00fccklich in diesem Haus bis\nans Ende ihrer Tage!<\/p><\/p>\n\n\n\n<p><p style=\"text-align: justify\">Sie hatten 5 Enkelkinder und lernten 3 ihrer Urenkel kennen! <br><br><br><em>\u00dcbersetzung aus dem Franz\u00f6sischen von Yan Bersans, Sophie Charreton, Cl\u00e9ment Granjard, Hilda Inderwildi und Lucie Karcher<\/em> <\/p><\/p>\n","protected":false},"excerpt":{"rendered":"<p>BERICHT VON JACQUES DAVID,Sohn von Fran\u00e7oise Brun, Enkel von Jos\u00e9phine und Edmond Brun, Internierter in Garaison Bericht in franz\u00f6sischer Sprache E-Mail vom 5. August 2019 Sehr geehrte Frau Inderwildi, gerne erinnere ich mich f\u00fcr Sie an Garaison, wovon ich oft von meinem Gro\u00dfvater Edmond BRUN (1880-1969), meiner Gro\u00dfmutter Jos\u00e9phine BRUN geborene FLEITH (1881-1968), meiner Mutter [&hellip;]<\/p>\n","protected":false},"author":459,"featured_media":0,"parent":377,"menu_order":0,"comment_status":"closed","ping_status":"closed","template":"","meta":{"footnotes":""},"class_list":["post-1200","page","type-page","status-publish","hentry","post-preview"],"_links":{"self":[{"href":"https:\/\/blogs.univ-tlse2.fr\/garaison\/wp-json\/wp\/v2\/pages\/1200","targetHints":{"allow":["GET"]}}],"collection":[{"href":"https:\/\/blogs.univ-tlse2.fr\/garaison\/wp-json\/wp\/v2\/pages"}],"about":[{"href":"https:\/\/blogs.univ-tlse2.fr\/garaison\/wp-json\/wp\/v2\/types\/page"}],"author":[{"embeddable":true,"href":"https:\/\/blogs.univ-tlse2.fr\/garaison\/wp-json\/wp\/v2\/users\/459"}],"replies":[{"embeddable":true,"href":"https:\/\/blogs.univ-tlse2.fr\/garaison\/wp-json\/wp\/v2\/comments?post=1200"}],"version-history":[{"count":15,"href":"https:\/\/blogs.univ-tlse2.fr\/garaison\/wp-json\/wp\/v2\/pages\/1200\/revisions"}],"predecessor-version":[{"id":1243,"href":"https:\/\/blogs.univ-tlse2.fr\/garaison\/wp-json\/wp\/v2\/pages\/1200\/revisions\/1243"}],"up":[{"embeddable":true,"href":"https:\/\/blogs.univ-tlse2.fr\/garaison\/wp-json\/wp\/v2\/pages\/377"}],"wp:attachment":[{"href":"https:\/\/blogs.univ-tlse2.fr\/garaison\/wp-json\/wp\/v2\/media?parent=1200"}],"curies":[{"name":"wp","href":"https:\/\/api.w.org\/{rel}","templated":true}]}}