 {"id":151,"date":"2017-06-08T20:36:10","date_gmt":"2017-06-08T18:36:10","guid":{"rendered":"https:\/\/blogs.univ-tlse2.fr\/garaison\/?page_id=151"},"modified":"2018-04-11T15:56:00","modified_gmt":"2018-04-11T13:56:00","slug":"gefangenschaftsberichte","status":"publish","type":"page","link":"https:\/\/blogs.univ-tlse2.fr\/garaison\/gefangenschaftsberichte\/","title":{"rendered":"Gefangenschaftsberichte"},"content":{"rendered":"<p><a href=\"https:\/\/blogs.univ-tlse2.fr\/garaison\/gefangenschaftsberichte\/gefangenschaftsberichte\/\">Gertr<img loading=\"lazy\" decoding=\"async\" class=\"alignleft wp-image-1062 size-medium\" src=\"https:\/\/blogs.univ-tlse2.fr\/garaison\/files\/2018\/01\/Recits-de-captivite-200x300.jpg\" alt=\"\" width=\"200\" height=\"300\" srcset=\"https:\/\/blogs.univ-tlse2.fr\/garaison\/files\/2018\/01\/Recits-de-captivite-200x300.jpg 200w, https:\/\/blogs.univ-tlse2.fr\/garaison\/files\/2018\/01\/Recits-de-captivite.jpg 226w\" sizes=\"auto, (max-width: 200px) 100vw, 200px\" \/>ud K\u00d6BNER, Helene SCHAARSCHMIDT: <em>R\u00e9cits de captivit\u00e9, Garaison 1914. <\/em>Hrsg. von Hilda Inderwildi und H\u00e9l\u00e8ne Leclerc (Le P\u00e9r\u00e9grinateur, 2016).<\/a><\/p>\n","protected":false},"excerpt":{"rendered":"<p>Gertrud K\u00d6BNER, Helene SCHAARSCHMIDT: R\u00e9cits de captivit\u00e9, Garaison 1914. Hrsg. von Hilda Inderwildi und H\u00e9l\u00e8ne Leclerc (Le P\u00e9r\u00e9grinateur, 2016).<\/p>\n","protected":false},"author":390,"featured_media":0,"parent":0,"menu_order":0,"comment_status":"closed","ping_status":"closed","template":"","meta":{"footnotes":""},"class_list":["post-151","page","type-page","status-publish","hentry","post-preview"],"_links":{"self":[{"href":"https:\/\/blogs.univ-tlse2.fr\/garaison\/wp-json\/wp\/v2\/pages\/151","targetHints":{"allow":["GET"]}}],"collection":[{"href":"https:\/\/blogs.univ-tlse2.fr\/garaison\/wp-json\/wp\/v2\/pages"}],"about":[{"href":"https:\/\/blogs.univ-tlse2.fr\/garaison\/wp-json\/wp\/v2\/types\/page"}],"author":[{"embeddable":true,"href":"https:\/\/blogs.univ-tlse2.fr\/garaison\/wp-json\/wp\/v2\/users\/390"}],"replies":[{"embeddable":true,"href":"https:\/\/blogs.univ-tlse2.fr\/garaison\/wp-json\/wp\/v2\/comments?post=151"}],"version-history":[{"count":13,"href":"https:\/\/blogs.univ-tlse2.fr\/garaison\/wp-json\/wp\/v2\/pages\/151\/revisions"}],"predecessor-version":[{"id":1098,"href":"https:\/\/blogs.univ-tlse2.fr\/garaison\/wp-json\/wp\/v2\/pages\/151\/revisions\/1098"}],"wp:attachment":[{"href":"https:\/\/blogs.univ-tlse2.fr\/garaison\/wp-json\/wp\/v2\/media?parent=151"}],"curies":[{"name":"wp","href":"https:\/\/api.w.org\/{rel}","templated":true}]}}