 {"id":156,"date":"2017-06-08T20:40:14","date_gmt":"2017-06-08T18:40:14","guid":{"rendered":"https:\/\/blogs.univ-tlse2.fr\/garaison\/?page_id=156"},"modified":"2018-01-19T23:02:10","modified_gmt":"2018-01-19T22:02:10","slug":"partner","status":"publish","type":"page","link":"https:\/\/blogs.univ-tlse2.fr\/garaison\/partner\/","title":{"rendered":"Partner"},"content":{"rendered":"<p>Das Forschungsprogramm &#8222;<a href=\"https:\/\/blogs.univ-tlse2.fr\/garaison\/forschungsprogramm\/nomadenerbtuemer\/\">Nomadenerbt\u00fcmer<\/a>&#8220; wird von mehreren Partnern unterst\u00fctzt:<\/p>\n<ul>\n<li><a href=\"https:\/\/blogs.univ-tlse2.fr\/garaison\/partner\/creg\/\">CREG<\/a><\/li>\n<li><a href=\"https:\/\/blogs.univ-tlse2.fr\/garaison\/partner\/notre-dame-de-garaison\/\">Notre-Dame de Garaison<\/a><\/li>\n<li><a href=\"https:\/\/blogs.univ-tlse2.fr\/garaison\/partner\/archiv-des-departements-hautes-pyrenees\/\">Archiv des D\u00e9partements Hautes-Pyr\u00e9n\u00e9es<\/a><\/li>\n<\/ul>\n","protected":false},"excerpt":{"rendered":"<p>Das Forschungsprogramm &#8222;Nomadenerbt\u00fcmer&#8220; wird von mehreren Partnern unterst\u00fctzt: CREG Notre-Dame de Garaison Archiv des D\u00e9partements Hautes-Pyr\u00e9n\u00e9es<\/p>\n","protected":false},"author":390,"featured_media":0,"parent":0,"menu_order":0,"comment_status":"closed","ping_status":"closed","template":"","meta":{"footnotes":""},"class_list":["post-156","page","type-page","status-publish","hentry","post-preview"],"_links":{"self":[{"href":"https:\/\/blogs.univ-tlse2.fr\/garaison\/wp-json\/wp\/v2\/pages\/156","targetHints":{"allow":["GET"]}}],"collection":[{"href":"https:\/\/blogs.univ-tlse2.fr\/garaison\/wp-json\/wp\/v2\/pages"}],"about":[{"href":"https:\/\/blogs.univ-tlse2.fr\/garaison\/wp-json\/wp\/v2\/types\/page"}],"author":[{"embeddable":true,"href":"https:\/\/blogs.univ-tlse2.fr\/garaison\/wp-json\/wp\/v2\/users\/390"}],"replies":[{"embeddable":true,"href":"https:\/\/blogs.univ-tlse2.fr\/garaison\/wp-json\/wp\/v2\/comments?post=156"}],"version-history":[{"count":7,"href":"https:\/\/blogs.univ-tlse2.fr\/garaison\/wp-json\/wp\/v2\/pages\/156\/revisions"}],"predecessor-version":[{"id":915,"href":"https:\/\/blogs.univ-tlse2.fr\/garaison\/wp-json\/wp\/v2\/pages\/156\/revisions\/915"}],"wp:attachment":[{"href":"https:\/\/blogs.univ-tlse2.fr\/garaison\/wp-json\/wp\/v2\/media?parent=156"}],"curies":[{"name":"wp","href":"https:\/\/api.w.org\/{rel}","templated":true}]}}