 {"id":175,"date":"2017-06-08T20:52:03","date_gmt":"2017-06-08T18:52:03","guid":{"rendered":"https:\/\/blogs.univ-tlse2.fr\/garaison\/?page_id=175"},"modified":"2018-04-16T20:32:21","modified_gmt":"2018-04-16T18:32:21","slug":"temoignages","status":"publish","type":"page","link":"https:\/\/blogs.univ-tlse2.fr\/garaison\/temoignages\/","title":{"rendered":"Nachkommen schreiben"},"content":{"rendered":"<p style=\"text-align: justify\">Diese Website ist nicht nur der Geschichte des <a href=\"https:\/\/blogs.univ-tlse2.fr\/garaison\/forschungsprogramm\/das-internierungslager-garaison\/\">Lagers Garaison<\/a> und der Aktualit\u00e4t des Forschungsprogramms &#8222;<a href=\"https:\/\/blogs.univ-tlse2.fr\/garaison\/forschungsprogramm\/das-projekt-nomadenerbtuemer\/\">Nomadenerbt\u00fcmer<\/a>&#8220; gewidmet. Sie dient auch dazu, Nachkommen der Internierten ausfindig zu machen, Zeugenberichte, Erinnerungen und\/oder Dokumente zu sammeln, die L\u00fccken im Ged\u00e4chtnis f\u00fcllen und die im Verschwinden begriffene Erinnerung an dieses Kapitel der Geschichte am Leben erhalten k\u00f6nnten.<\/p>\n<p><a href=\"https:\/\/blogs.univ-tlse2.fr\/garaison\/temoignages\/teilen-sie\/\">Teilen Sie Ihr Wissen<\/a>!<\/p>\n<p><a href=\"https:\/\/blogs.univ-tlse2.fr\/garaison\/temoignages\/zeugenschaften\/\">Hier<\/a> finden Sie Berichte von Nachkommen.<\/p>\n","protected":false},"excerpt":{"rendered":"<p>Diese Website ist nicht nur der Geschichte des Lagers Garaison und der Aktualit\u00e4t des Forschungsprogramms &#8222;Nomadenerbt\u00fcmer&#8220; gewidmet. Sie dient auch dazu, Nachkommen der Internierten ausfindig zu machen, Zeugenberichte, Erinnerungen und\/oder Dokumente zu sammeln, die L\u00fccken im Ged\u00e4chtnis f\u00fcllen und die im Verschwinden begriffene Erinnerung an dieses Kapitel der Geschichte am Leben erhalten k\u00f6nnten. Teilen Sie [&hellip;]<\/p>\n","protected":false},"author":390,"featured_media":0,"parent":0,"menu_order":0,"comment_status":"closed","ping_status":"closed","template":"","meta":{"footnotes":""},"class_list":["post-175","page","type-page","status-publish","hentry","post-preview"],"_links":{"self":[{"href":"https:\/\/blogs.univ-tlse2.fr\/garaison\/wp-json\/wp\/v2\/pages\/175","targetHints":{"allow":["GET"]}}],"collection":[{"href":"https:\/\/blogs.univ-tlse2.fr\/garaison\/wp-json\/wp\/v2\/pages"}],"about":[{"href":"https:\/\/blogs.univ-tlse2.fr\/garaison\/wp-json\/wp\/v2\/types\/page"}],"author":[{"embeddable":true,"href":"https:\/\/blogs.univ-tlse2.fr\/garaison\/wp-json\/wp\/v2\/users\/390"}],"replies":[{"embeddable":true,"href":"https:\/\/blogs.univ-tlse2.fr\/garaison\/wp-json\/wp\/v2\/comments?post=175"}],"version-history":[{"count":14,"href":"https:\/\/blogs.univ-tlse2.fr\/garaison\/wp-json\/wp\/v2\/pages\/175\/revisions"}],"predecessor-version":[{"id":913,"href":"https:\/\/blogs.univ-tlse2.fr\/garaison\/wp-json\/wp\/v2\/pages\/175\/revisions\/913"}],"wp:attachment":[{"href":"https:\/\/blogs.univ-tlse2.fr\/garaison\/wp-json\/wp\/v2\/media?parent=175"}],"curies":[{"name":"wp","href":"https:\/\/api.w.org\/{rel}","templated":true}]}}