 {"id":30,"date":"2016-10-13T13:52:14","date_gmt":"2016-10-13T12:52:14","guid":{"rendered":"https:\/\/garaisonoff.wordpress.com\/le-projet-patrimoines-nomades-garaison\/"},"modified":"2018-04-16T20:29:45","modified_gmt":"2018-04-16T18:29:45","slug":"nomadenerbtuemer","status":"publish","type":"page","link":"https:\/\/blogs.univ-tlse2.fr\/garaison\/forschungsprogramm\/nomadenerbtuemer\/","title":{"rendered":"Nomadenerbt\u00fcmer"},"content":{"rendered":"<p style=\"text-align: justify\"><a href=\"http:\/\/centenaire.org\/de\"><img loading=\"lazy\" decoding=\"async\" class=\"alignright wp-image-242 size-medium\" src=\"https:\/\/blogs.univ-tlse2.fr\/garaison\/files\/2016\/10\/centenaire-300x168.jpeg\" alt=\"\" width=\"300\" height=\"168\" \/><\/a>Das Forschungsprogramm <em>Nomadenerbt\u00fcmer<\/em> (Patrimoines nomades) ist ein seit 2016 am <a href=\"https:\/\/blogs.univ-tlse2.fr\/garaison\/partner\/creg\/\">Centre de Recherches et d&#8217;\u00c9tudes germaniques<\/a> (CREG) der Universit\u00e4t Toulouse Jean Jaur\u00e8s durchgef\u00fchrtes Forschungsprogramm, das am 17. Dezember 2015 vom Labellisierungskommitee der Mission du Centenaire unter Vorsitz des Historikers Antoine Prost mit dem Label Centenaire ausgezeichnet wurde.<\/p>\n<div id=\"attachment_281\" style=\"width: 339px\" class=\"wp-caption alignleft\"><a href=\"https:\/\/blogs.univ-tlse2.fr\/garaison\/files\/2017\/10\/verdier10.jpeg\"><img loading=\"lazy\" decoding=\"async\" aria-describedby=\"caption-attachment-281\" class=\"wp-image-281 \" src=\"https:\/\/blogs.univ-tlse2.fr\/garaison\/files\/2017\/10\/verdier10-300x189.jpeg\" alt=\"\" width=\"329\" height=\"207\" srcset=\"https:\/\/blogs.univ-tlse2.fr\/garaison\/files\/2017\/10\/verdier10-300x189.jpeg 300w, https:\/\/blogs.univ-tlse2.fr\/garaison\/files\/2017\/10\/verdier10-768x485.jpeg 768w, https:\/\/blogs.univ-tlse2.fr\/garaison\/files\/2017\/10\/verdier10-1024x647.jpeg 1024w, https:\/\/blogs.univ-tlse2.fr\/garaison\/files\/2017\/10\/verdier10-676x427.jpeg 676w\" sizes=\"auto, (max-width: 329px) 100vw, 329px\" \/><\/a><p id=\"caption-attachment-281\" class=\"wp-caption-text\">\u00a9 Fonds Verdier<\/p><\/div>\n<p style=\"text-align: justify\">Das von <a href=\"http:\/\/creg.univ-tlse2.fr\/accueil\/membres-de-l-equipe\/membres-permanents\/inderwildi-hilda-83055.kjsp?RF=1278058199941\">Hilda Inderwildi<\/a> und <a href=\"http:\/\/creg.univ-tlse2.fr\/accueil\/membres-de-l-equipe\/membres-permanents\/leclerc-helene-108980.kjsp\">H\u00e9l\u00e8ne Leclerc<\/a> geleitete Forschungsvorhaben zur Aufarbeitung der Geschichte des <a href=\"https:\/\/blogs.univ-tlse2.fr\/garaison\/forschungsprogramm\/das-internierungslager-garaison\/\">Internierungslagers Garaison (1914-1919)<\/a> wird in Partnerschaft mit dem <a href=\"https:\/\/blogs.univ-tlse2.fr\/garaison\/partner\/archiv-des-departements-hautes-pyrenees\/\">Archiv des D\u00e9partements Hautes-Pyr\u00e9n\u00e9es<\/a> und der Klosterschule <a href=\"https:\/\/blogs.univ-tlse2.fr\/garaison\/partner\/institut-notre-dame-de-garaison\/\">Notre-Dame de Garaison<\/a> durchgef\u00fchrt. Das auf vier Jahre (2016-2020) angelegte Programm beabsichtigt die Erforschung der Spuren des deutschen und \u00f6sterreichischen Ged\u00e4chtnisses an und\/oder in Frankreich w\u00e4hrend des 1. Weltkrieges anhand des Beispiels des Lagers Garaison in den Hautes-Pyr\u00e9n\u00e9es.<\/p>\n<p><span style=\"color: #000000\"><em><strong>3 Hauptziele<\/strong><\/em><\/span><\/p>\n<ul>\n<li>\n<div id=\"attachment_1035\" style=\"width: 294px\" class=\"wp-caption alignright\"><a href=\"https:\/\/blogs.univ-tlse2.fr\/garaison\/files\/2018\/01\/IMG_7672.jpg\"><img loading=\"lazy\" decoding=\"async\" aria-describedby=\"caption-attachment-1035\" class=\"wp-image-1035 \" src=\"https:\/\/blogs.univ-tlse2.fr\/garaison\/files\/2018\/01\/IMG_7672-300x200.jpg\" alt=\"\" width=\"284\" height=\"189\" srcset=\"https:\/\/blogs.univ-tlse2.fr\/garaison\/files\/2018\/01\/IMG_7672-300x200.jpg 300w, https:\/\/blogs.univ-tlse2.fr\/garaison\/files\/2018\/01\/IMG_7672-768x512.jpg 768w, https:\/\/blogs.univ-tlse2.fr\/garaison\/files\/2018\/01\/IMG_7672-1024x683.jpg 1024w, https:\/\/blogs.univ-tlse2.fr\/garaison\/files\/2018\/01\/IMG_7672-676x451.jpg 676w\" sizes=\"auto, (max-width: 284px) 100vw, 284px\" \/><\/a><p id=\"caption-attachment-1035\" class=\"wp-caption-text\">\u00a9 X. Delagnes<\/p><\/div>\n<p style=\"text-align: justify\">Zutagef\u00f6rdern der verkannten Geschichte eines \u201eKonzentrationslagers&#8220; (siehe J.-C. Farcy, <em><em>Les camps <\/em><\/em><em>de concentration fran\u00e7ais de la premi\u00e8re guerre mondiale<\/em>, 1995) des 1. Weltkriegs im S\u00fcdwesten Frankreichs<\/p>\n<\/li>\n<li>Beitrag zur Erforschung der Wahrnehmung Frankreichs in seiner exogenen (aus der Sicht von Nichtfranzosen) wie endogenen (aus der Sicht der Menschen vor Ort) Dimension<\/li>\n<li>Entdeckung bzw. Wiederentdeckung seiner materiellen und immateriellen Nomadenerbt\u00fcmer in den Ursprungsl\u00e4ndern derjenigen, die sie ausmachten.<\/li>\n<\/ul>\n<p style=\"text-align: justify\">Das Programm konzentriert sich auf die Geschichte kultureller Repr\u00e4sentationen, die \u00c4sthetik der Zeitzeugnisse und der \u00dcbersetzung, in Verbindung mit den Begriffen der Exil- oder Nomadenerbt\u00fcmer sowie Fragen bzgl. ihrer Bewahrung und Verbreitung.<\/p>\n<h5><span style=\"color: #808000\"><em><strong><span style=\"color: #000000\">3 Teilbereiche<\/span><br \/>\n<\/strong><\/em><\/span><\/h5>\n<p style=\"text-align: justify\">Das Programm umfasst die drei Teilbereiche<br \/>\n\u2022 Forschung, \u2022 Edition und \u2022 Kulturvermittlung.<\/p>\n<h5><span style=\"color: #808000\"><em><strong><span style=\"color: #000000\">17 ForscherInnen<\/span><br \/>\n<\/strong><\/em><\/span><\/h5>\n<p style=\"text-align: justify\">\u201eNomadenerbt\u00fcmer&#8220; ist fest im regionalen Netz (Region Occitanie) verankert. Das Programm vereint 17 ForscherInnen der Universit\u00e4ten Montpellier und Toulouse im Bereich Germanistik und Kulturgeschichte:<\/p>\n<p style=\"text-align: justify\">Marie-Christin Bugelnig (CREG, UT2J, 2012-2017),\u00a0Andrea Bunzel (CREG UPV), Mechthild Coustillac (CREG UT2J), Alexa Crais (CREG UT2J), Lucile Dreidemy (CREG UT2J), Dominique Trouche (LERASS UT2J), H\u00e9l\u00e8ne Florea (CREG UPV), Hilda Inderwildi (CREG UT2J, Leitung), Jacques Lajarrige (CREG UT2J), Pauline Landois (CREG UT2J), H\u00e9l\u00e8ne Leclerc (CREG UT2J, Leitung), Alfred Pr\u00e9dhumeau (CREG UT2J), Nina R\u00e9gis-Scholz (CREG UT2J), Joanne Sanlaville (CeTIM), Sonia Schott (CREG UPV), Christina Stange-Fayos (CREG UT2J), Fabien Wannack (CREG UPV).<\/p>\n<h5><em><strong>Wissenschaftliches Gremium<br \/>\n<\/strong><\/em><\/h5>\n<ul>\n<li><a href=\"http:\/\/creg.univ-tlse2.fr\/cabanel-patrick-53512.kjsp?RH=1458052664905\">Patrick Cabanel<\/a>, \u00c9cole Pratique des Hautes \u00c9tudes<\/li>\n<li><a href=\"http:\/\/creg.univ-tlse2.fr\/actualites\/pratique\/annuaire\/cazals-remy-24321.kjsp\">R\u00e9my Cazals<\/a>, Universit\u00e4t Toulouse Jean Jaur\u00e8s<\/li>\n<li><a class=\"lien_externe\" title=\"herfried m\u00fcnkler (nouvelle fen\u00eatre)\" href=\"https:\/\/www.sowi.hu-berlin.de\/de\/lehrbereiche\/theorie-der-politik\/mitarbeiter-innen\/2507\">Herfried M\u00fcnkler<\/a>, Humboldt-Universit\u00e4t Berlin<\/li>\n<\/ul>\n<div><\/div>\n<div><\/div>\n","protected":false},"excerpt":{"rendered":"<p>Das Forschungsprogramm Nomadenerbt\u00fcmer (Patrimoines nomades) ist ein seit 2016 am Centre de Recherches et d&#8217;\u00c9tudes germaniques (CREG) der Universit\u00e4t Toulouse Jean Jaur\u00e8s durchgef\u00fchrtes Forschungsprogramm, das am 17. Dezember 2015 vom Labellisierungskommitee der Mission du Centenaire unter Vorsitz des Historikers Antoine Prost mit dem Label Centenaire ausgezeichnet wurde. Das von Hilda Inderwildi und H\u00e9l\u00e8ne Leclerc geleitete [&hellip;]<\/p>\n","protected":false},"author":390,"featured_media":0,"parent":165,"menu_order":0,"comment_status":"closed","ping_status":"closed","template":"","meta":{"footnotes":""},"class_list":["post-30","page","type-page","status-publish","hentry","post-preview"],"_links":{"self":[{"href":"https:\/\/blogs.univ-tlse2.fr\/garaison\/wp-json\/wp\/v2\/pages\/30","targetHints":{"allow":["GET"]}}],"collection":[{"href":"https:\/\/blogs.univ-tlse2.fr\/garaison\/wp-json\/wp\/v2\/pages"}],"about":[{"href":"https:\/\/blogs.univ-tlse2.fr\/garaison\/wp-json\/wp\/v2\/types\/page"}],"author":[{"embeddable":true,"href":"https:\/\/blogs.univ-tlse2.fr\/garaison\/wp-json\/wp\/v2\/users\/390"}],"replies":[{"embeddable":true,"href":"https:\/\/blogs.univ-tlse2.fr\/garaison\/wp-json\/wp\/v2\/comments?post=30"}],"version-history":[{"count":91,"href":"https:\/\/blogs.univ-tlse2.fr\/garaison\/wp-json\/wp\/v2\/pages\/30\/revisions"}],"predecessor-version":[{"id":1161,"href":"https:\/\/blogs.univ-tlse2.fr\/garaison\/wp-json\/wp\/v2\/pages\/30\/revisions\/1161"}],"up":[{"embeddable":true,"href":"https:\/\/blogs.univ-tlse2.fr\/garaison\/wp-json\/wp\/v2\/pages\/165"}],"wp:attachment":[{"href":"https:\/\/blogs.univ-tlse2.fr\/garaison\/wp-json\/wp\/v2\/media?parent=30"}],"curies":[{"name":"wp","href":"https:\/\/api.w.org\/{rel}","templated":true}]}}