 {"id":377,"date":"2018-01-12T15:21:45","date_gmt":"2018-01-12T14:21:45","guid":{"rendered":"https:\/\/blogs.univ-tlse2.fr\/garaison\/?page_id=377"},"modified":"2020-04-01T12:18:29","modified_gmt":"2020-04-01T10:18:29","slug":"zeugenschaften","status":"publish","type":"page","link":"https:\/\/blogs.univ-tlse2.fr\/garaison\/temoignages\/zeugenschaften\/","title":{"rendered":"Zeugenschaftsberichte"},"content":{"rendered":"<ul>\n<li><a href=\"https:\/\/blogs.univ-tlse2.fr\/garaison\/temoignages\/zeugenschaften\/frederic-witte\/\">Fr\u00e9d\u00e9ric Witte in Garaison<\/a>, von Mich\u00e8le Witt\u00e9, 2017<\/li>\n<li><a href=\"https:\/\/blogs.univ-tlse2.fr\/garaison\/temoignages\/zeugenschaften\/die-aufzeichnungen-von-helene-fuernkranz\/\">Die Aufzeichnungen von H\u00e9l\u00e8ne F\u00fcrnkranz<\/a>, von Linde Rachel, 2017<\/li>\n<li><a href=\"https:\/\/blogs.univ-tlse2.fr\/garaison\/temoignages\/zeugenschaften\/bernt-bartels\/\">Erinnerungen von Bernt Bartels<\/a>, 2018<\/li>\n<li><a href=\"https:\/\/blogs.univ-tlse2.fr\/garaison\/temoignages\/zeugenschaften\/bericht-von-jacques-david\/\">Bericht von Jacques David<\/a>, 2019<\/li>\n<\/ul>\n","protected":false},"excerpt":{"rendered":"<p>Fr\u00e9d\u00e9ric Witte in Garaison, von Mich\u00e8le Witt\u00e9, 2017 Die Aufzeichnungen von H\u00e9l\u00e8ne F\u00fcrnkranz, von Linde Rachel, 2017 Erinnerungen von Bernt Bartels, 2018 Bericht von Jacques David, 2019<\/p>\n","protected":false},"author":459,"featured_media":0,"parent":175,"menu_order":0,"comment_status":"closed","ping_status":"closed","template":"","meta":{"footnotes":""},"class_list":["post-377","page","type-page","status-publish","hentry","post-preview"],"_links":{"self":[{"href":"https:\/\/blogs.univ-tlse2.fr\/garaison\/wp-json\/wp\/v2\/pages\/377","targetHints":{"allow":["GET"]}}],"collection":[{"href":"https:\/\/blogs.univ-tlse2.fr\/garaison\/wp-json\/wp\/v2\/pages"}],"about":[{"href":"https:\/\/blogs.univ-tlse2.fr\/garaison\/wp-json\/wp\/v2\/types\/page"}],"author":[{"embeddable":true,"href":"https:\/\/blogs.univ-tlse2.fr\/garaison\/wp-json\/wp\/v2\/users\/459"}],"replies":[{"embeddable":true,"href":"https:\/\/blogs.univ-tlse2.fr\/garaison\/wp-json\/wp\/v2\/comments?post=377"}],"version-history":[{"count":8,"href":"https:\/\/blogs.univ-tlse2.fr\/garaison\/wp-json\/wp\/v2\/pages\/377\/revisions"}],"predecessor-version":[{"id":1205,"href":"https:\/\/blogs.univ-tlse2.fr\/garaison\/wp-json\/wp\/v2\/pages\/377\/revisions\/1205"}],"up":[{"embeddable":true,"href":"https:\/\/blogs.univ-tlse2.fr\/garaison\/wp-json\/wp\/v2\/pages\/175"}],"wp:attachment":[{"href":"https:\/\/blogs.univ-tlse2.fr\/garaison\/wp-json\/wp\/v2\/media?parent=377"}],"curies":[{"name":"wp","href":"https:\/\/api.w.org\/{rel}","templated":true}]}}