 {"id":380,"date":"2018-01-12T15:22:38","date_gmt":"2018-01-12T14:22:38","guid":{"rendered":"https:\/\/blogs.univ-tlse2.fr\/garaison\/?page_id=380"},"modified":"2018-04-11T16:13:53","modified_gmt":"2018-04-11T14:13:53","slug":"teilen-sie","status":"publish","type":"page","link":"https:\/\/blogs.univ-tlse2.fr\/garaison\/temoignages\/teilen-sie\/","title":{"rendered":"Teilen Sie&#8230;"},"content":{"rendered":"<h4><em><strong>&#8230; Ihr Wissen!<\/strong><\/em><\/h4>\n<p style=\"text-align: justify\">Diese Website ist nicht nur der Geschichte des <a href=\"https:\/\/blogs.univ-tlse2.fr\/garaison\/forschungsprogramm\/das-internierungslager-garaison\/\">Lagers Garaison<\/a> und der Aktualit\u00e4t des Forschungsprogramms &#8222;<a href=\"https:\/\/blogs.univ-tlse2.fr\/garaison\/forschungsprogramm\/das-projekt-nomadenerbtuemer\/\">Nomadenerbt\u00fcmer<\/a>&#8220; gewidmet. Sie dient auch dazu, Nachkommen der Internierten ausfindig zu machen, Zeugenberichte, Erinnerungen und\/oder Dokumente zu sammeln, die L\u00fccken im Ged\u00e4chtnis f\u00fcllen und die im Verschwinden begriffene Erinnerung an dieses Kapitel der Geschichte am Leben erhalten k\u00f6nnten.<\/p>\n<p style=\"text-align: justify\">Wenn Sie selbst zu den Nachkommen ehemaliger Internierter aus Garaison z\u00e4hlen, oder Sie \u00fcber Dokumente oder Wissen bez\u00fcglich dieser Geschichte verf\u00fcgen, z\u00f6gern Sie nicht, <a href=\"https:\/\/blogs.univ-tlse2.fr\/garaison\/informations-pratiques\/contact\/\">uns zu kontaktieren<\/a>.<\/p>\n<p><a href=\"https:\/\/blogs.univ-tlse2.fr\/garaison\/temoignages\/zeugenschaften\/\">Hier<\/a> finden Sie Berichte von Nachkommen.<\/p>\n","protected":false},"excerpt":{"rendered":"<p>&#8230; Ihr Wissen! Diese Website ist nicht nur der Geschichte des Lagers Garaison und der Aktualit\u00e4t des Forschungsprogramms &#8222;Nomadenerbt\u00fcmer&#8220; gewidmet. Sie dient auch dazu, Nachkommen der Internierten ausfindig zu machen, Zeugenberichte, Erinnerungen und\/oder Dokumente zu sammeln, die L\u00fccken im Ged\u00e4chtnis f\u00fcllen und die im Verschwinden begriffene Erinnerung an dieses Kapitel der Geschichte am Leben erhalten [&hellip;]<\/p>\n","protected":false},"author":459,"featured_media":0,"parent":175,"menu_order":0,"comment_status":"closed","ping_status":"closed","template":"","meta":{"footnotes":""},"class_list":["post-380","page","type-page","status-publish","hentry","post-preview"],"_links":{"self":[{"href":"https:\/\/blogs.univ-tlse2.fr\/garaison\/wp-json\/wp\/v2\/pages\/380","targetHints":{"allow":["GET"]}}],"collection":[{"href":"https:\/\/blogs.univ-tlse2.fr\/garaison\/wp-json\/wp\/v2\/pages"}],"about":[{"href":"https:\/\/blogs.univ-tlse2.fr\/garaison\/wp-json\/wp\/v2\/types\/page"}],"author":[{"embeddable":true,"href":"https:\/\/blogs.univ-tlse2.fr\/garaison\/wp-json\/wp\/v2\/users\/459"}],"replies":[{"embeddable":true,"href":"https:\/\/blogs.univ-tlse2.fr\/garaison\/wp-json\/wp\/v2\/comments?post=380"}],"version-history":[{"count":17,"href":"https:\/\/blogs.univ-tlse2.fr\/garaison\/wp-json\/wp\/v2\/pages\/380\/revisions"}],"predecessor-version":[{"id":914,"href":"https:\/\/blogs.univ-tlse2.fr\/garaison\/wp-json\/wp\/v2\/pages\/380\/revisions\/914"}],"up":[{"embeddable":true,"href":"https:\/\/blogs.univ-tlse2.fr\/garaison\/wp-json\/wp\/v2\/pages\/175"}],"wp:attachment":[{"href":"https:\/\/blogs.univ-tlse2.fr\/garaison\/wp-json\/wp\/v2\/media?parent=380"}],"curies":[{"name":"wp","href":"https:\/\/api.w.org\/{rel}","templated":true}]}}