 {"id":389,"date":"2018-01-12T15:31:37","date_gmt":"2018-01-12T14:31:37","guid":{"rendered":"https:\/\/blogs.univ-tlse2.fr\/garaison\/?page_id=389"},"modified":"2018-01-20T04:31:07","modified_gmt":"2018-01-20T03:31:07","slug":"archiv-des-departements-hautes-pyrenees","status":"publish","type":"page","link":"https:\/\/blogs.univ-tlse2.fr\/garaison\/partner\/archiv-des-departements-hautes-pyrenees\/","title":{"rendered":"Archiv des D\u00e9partements Hautes-Pyr\u00e9n\u00e9es"},"content":{"rendered":"<h4><span style=\"color: #808000\"><em><strong>Das Lager Garaison im Archiv des D\u00e9partements Hautes-Pyr\u00e9n\u00e9es<\/strong><\/em><\/span><\/h4>\n<p style=\"text-align: justify\">Das Archiv ist ein Dienst des D\u00e9partements Hautes-Pyr\u00e9n\u00e9es, der zur Aufgabe hat, die von den Verwaltungen und \u00f6ffentlichen Diensten erstellten Best\u00e4nde zu sammeln, zu bewahren, zu ordnen, zu \u00fcberpr\u00fcfen, der \u00d6ffentlichkeit bekannt und zug\u00e4nglich zu machen. Es nimmt ebenfalls Dokumente aus privater Hand, wie Familiendokumente, Unternehmensarchive oder Archive von Vereinen, die sich mit der lokalen Geschichte befassen, auf.<\/p>\n<p style=\"text-align: justify\">Als solcher wird der Bestand des Lagers Garaison, das unter die Zust\u00e4ndigkeit der Pr\u00e4fektur f\u00e4llt, heute vom Archiv des D\u00e9partements Hautes-Pyr\u00e9n\u00e9es aufbewahrt. Der unter der Serie R (\u201eMilit\u00e4rische Angelegenheiten 1800-1940\u201c), Unterserie 9\u00a0R (\u201eFeindliche Kriegsgefangene\u201c) eingestufte Bestand erweist sich als \u00e4u\u00dferst wichtig in Bezug auf die kurze Betriebszeit dieser Einrichtung (1914-1919). Die Gesamtheit der Dokumente entspricht beinahe 8\u00a0Metern aneinandergereihten Archivmaterials.<\/p>\n<p style=\"text-align: justify\">Der Bestand liefert Informationen \u00fcber die Organisation des Lagers (Berichte und Briefwechsel der Direktion, Lagerordnung, Disziplin, Buchhaltung, Materialverwaltung, eingerichtete Infrastrukturen wie Schule oder Krankenstation&#8230;) und die Internierten selbst (numerisches Verzeichnis nach Nationalit\u00e4t, Namenslisten, personenbezogene Daten, Personalakten, Zustand der G\u00fcter der Internierten, Verlegungen, \u00dcberf\u00fchrungen, Versetzungen oder R\u00fcckf\u00fchrungen &#8230;).<\/p>\n<p style=\"text-align: justify\">Die F\u00fclle an Informationen \u00fcber die Angeh\u00f6rigen des \u201eanderen Lagers\u201c erm\u00f6glicht es, die Vielzahl einzelner Schicksale nachzuvollziehen und ein Gesamtbild \u00fcber die Immigration aus \u00d6sterreich und Deutschland in Frankreich an der Schwelle des 20.\u00a0Jahrhundert zu schaffen.<\/p>\n<hr \/>\n<h4><span style=\"color: #808000\"><em><strong>Team des Archivs<br \/>\n<\/strong><\/em><\/span><\/h4>\n<p style=\"text-align: justify\">Insbesondere der Leiter des Archivs, Fran\u00e7ois Giustiniani, und der f\u00fcr \u00d6ffentlichkeitsarbeit zust\u00e4ndige Archivar, C\u00e9dric Bro\u00ebt, wirken am Forschungsprogramm <a href=\"https:\/\/blogs.univ-tlse2.fr\/garaison\/forschungsprogramm\/nomadenerbtuemer\/\">Nomadenerbt\u00fcmer<\/a> mit.<\/p>\n<p style=\"text-align: justify\">Sie arbeiten ebenfalls eng mit dem <a href=\"https:\/\/blogs.univ-tlse2.fr\/garaison\/partner\/notre-dame-de-garaison\/\">Team von Garaison<\/a> zusammen, um jedes Jahr biografische Tafeln, die den Lebensweg von Internierten nachzeichnen, zu erstellen. Diese stetig erweiterte Sammlung wurde bei verschiedenen Ausstellungen pr\u00e4sentiert.<\/p>\n<p><a href=\"https:\/\/blogs.univ-tlse2.fr\/garaison\/partner\/archiv-des-departements-hautes-pyrenees\/interview-avec-le-responsable-des-archives-departementales-des-hautes-pyrenees\/\"><strong><em>Interview mit C\u00e9dric Bro\u00ebt<\/em><\/strong><\/a><\/p>\n","protected":false},"excerpt":{"rendered":"<p>Das Lager Garaison im Archiv des D\u00e9partements Hautes-Pyr\u00e9n\u00e9es Das Archiv ist ein Dienst des D\u00e9partements Hautes-Pyr\u00e9n\u00e9es, der zur Aufgabe hat, die von den Verwaltungen und \u00f6ffentlichen Diensten erstellten Best\u00e4nde zu sammeln, zu bewahren, zu ordnen, zu \u00fcberpr\u00fcfen, der \u00d6ffentlichkeit bekannt und zug\u00e4nglich zu machen. Es nimmt ebenfalls Dokumente aus privater Hand, wie Familiendokumente, Unternehmensarchive oder [&hellip;]<\/p>\n","protected":false},"author":459,"featured_media":0,"parent":156,"menu_order":0,"comment_status":"closed","ping_status":"closed","template":"","meta":{"footnotes":""},"class_list":["post-389","page","type-page","status-publish","hentry","post-preview"],"_links":{"self":[{"href":"https:\/\/blogs.univ-tlse2.fr\/garaison\/wp-json\/wp\/v2\/pages\/389","targetHints":{"allow":["GET"]}}],"collection":[{"href":"https:\/\/blogs.univ-tlse2.fr\/garaison\/wp-json\/wp\/v2\/pages"}],"about":[{"href":"https:\/\/blogs.univ-tlse2.fr\/garaison\/wp-json\/wp\/v2\/types\/page"}],"author":[{"embeddable":true,"href":"https:\/\/blogs.univ-tlse2.fr\/garaison\/wp-json\/wp\/v2\/users\/459"}],"replies":[{"embeddable":true,"href":"https:\/\/blogs.univ-tlse2.fr\/garaison\/wp-json\/wp\/v2\/comments?post=389"}],"version-history":[{"count":15,"href":"https:\/\/blogs.univ-tlse2.fr\/garaison\/wp-json\/wp\/v2\/pages\/389\/revisions"}],"predecessor-version":[{"id":1142,"href":"https:\/\/blogs.univ-tlse2.fr\/garaison\/wp-json\/wp\/v2\/pages\/389\/revisions\/1142"}],"up":[{"embeddable":true,"href":"https:\/\/blogs.univ-tlse2.fr\/garaison\/wp-json\/wp\/v2\/pages\/156"}],"wp:attachment":[{"href":"https:\/\/blogs.univ-tlse2.fr\/garaison\/wp-json\/wp\/v2\/media?parent=389"}],"curies":[{"name":"wp","href":"https:\/\/api.w.org\/{rel}","templated":true}]}}