 {"id":445,"date":"2018-01-18T00:41:04","date_gmt":"2018-01-17T23:41:04","guid":{"rendered":"https:\/\/blogs.univ-tlse2.fr\/garaison\/?page_id=445"},"modified":"2018-04-16T20:32:52","modified_gmt":"2018-04-16T18:32:52","slug":"notre-dame-de-garaison","status":"publish","type":"page","link":"https:\/\/blogs.univ-tlse2.fr\/garaison\/partner\/notre-dame-de-garaison\/","title":{"rendered":"Notre-Dame de Garaison"},"content":{"rendered":"<div id=\"attachment_1057\" style=\"width: 309px\" class=\"wp-caption alignleft\"><img loading=\"lazy\" decoding=\"async\" aria-describedby=\"caption-attachment-1057\" class=\"wp-image-1057 \" src=\"https:\/\/blogs.univ-tlse2.fr\/garaison\/files\/2018\/01\/IMG_7858-300x200.jpg\" alt=\"\" width=\"299\" height=\"199\" srcset=\"https:\/\/blogs.univ-tlse2.fr\/garaison\/files\/2018\/01\/IMG_7858-300x200.jpg 300w, https:\/\/blogs.univ-tlse2.fr\/garaison\/files\/2018\/01\/IMG_7858-768x512.jpg 768w, https:\/\/blogs.univ-tlse2.fr\/garaison\/files\/2018\/01\/IMG_7858-1024x683.jpg 1024w, https:\/\/blogs.univ-tlse2.fr\/garaison\/files\/2018\/01\/IMG_7858-676x451.jpg 676w\" sizes=\"auto, (max-width: 299px) 100vw, 299px\" \/><p id=\"caption-attachment-1057\" class=\"wp-caption-text\">\u00a9 X. Delagnes<\/p><\/div>\n<p style=\"text-align: justify\">Die Institution Notre-Dame de Garaison, die sich an der Kreuzung der D\u00e9partements Hautes-Pyr\u00e9n\u00e9es, Gers und Haute-Garonne befindet, ist eine unter Organisationsvertrag mit dem Staat stehende private und gemischte Einrichtung, die Halbpensions- und Internatssch\u00fcler der Grundschule, Hauptschule und des (allgemeinen, technischen wie berufsbildenden) Gymnasiums beherbergt.<\/p>\n<div id=\"attachment_1037\" style=\"width: 309px\" class=\"wp-caption alignright\"><a href=\"https:\/\/blogs.univ-tlse2.fr\/garaison\/files\/2018\/01\/IMG_7674.jpg\"><img loading=\"lazy\" decoding=\"async\" aria-describedby=\"caption-attachment-1037\" class=\"wp-image-1037 \" src=\"https:\/\/blogs.univ-tlse2.fr\/garaison\/files\/2018\/01\/IMG_7674-300x200.jpg\" alt=\"\" width=\"299\" height=\"199\" srcset=\"https:\/\/blogs.univ-tlse2.fr\/garaison\/files\/2018\/01\/IMG_7674-300x200.jpg 300w, https:\/\/blogs.univ-tlse2.fr\/garaison\/files\/2018\/01\/IMG_7674-768x512.jpg 768w, https:\/\/blogs.univ-tlse2.fr\/garaison\/files\/2018\/01\/IMG_7674-1024x683.jpg 1024w, https:\/\/blogs.univ-tlse2.fr\/garaison\/files\/2018\/01\/IMG_7674-676x451.jpg 676w\" sizes=\"auto, (max-width: 299px) 100vw, 299px\" \/><\/a><p id=\"caption-attachment-1037\" class=\"wp-caption-text\">\u00a9 X. Delagnes<\/p><\/div>\n<p style=\"text-align: justify\">Die vor \u00fcber 150 Jahren von der &#8222;Congr\u00e9gation des P\u00e8res Missionaires de l&#8217;Imacul\u00e9e Conception&#8220; (franz\u00f6sische katholische Kirchengemeinde) am Marienwallfahrtsort Garaison gegr\u00fcndete Einrichtung, ist heute eine katholische Schule, die f\u00fcr alle Sch\u00fcler offen ist. Sie bietet eine Ausbildung auf Grundlage evangelistischer Werte.<\/p>\n<div id=\"attachment_1033\" style=\"width: 310px\" class=\"wp-caption alignleft\"><a href=\"https:\/\/blogs.univ-tlse2.fr\/garaison\/files\/2018\/01\/IMG_7670.jpg\"><img loading=\"lazy\" decoding=\"async\" aria-describedby=\"caption-attachment-1033\" class=\"wp-image-1033 size-medium\" src=\"https:\/\/blogs.univ-tlse2.fr\/garaison\/files\/2018\/01\/IMG_7670-300x200.jpg\" alt=\"\" width=\"300\" height=\"200\" srcset=\"https:\/\/blogs.univ-tlse2.fr\/garaison\/files\/2018\/01\/IMG_7670-300x200.jpg 300w, https:\/\/blogs.univ-tlse2.fr\/garaison\/files\/2018\/01\/IMG_7670-768x512.jpg 768w, https:\/\/blogs.univ-tlse2.fr\/garaison\/files\/2018\/01\/IMG_7670-1024x683.jpg 1024w, https:\/\/blogs.univ-tlse2.fr\/garaison\/files\/2018\/01\/IMG_7670-676x451.jpg 676w\" sizes=\"auto, (max-width: 300px) 100vw, 300px\" \/><\/a><p id=\"caption-attachment-1033\" class=\"wp-caption-text\">\u00a9 X. Delagnes<\/p><\/div>\n<p style=\"text-align: justify\">Das Heiligtum Notre-Dame de Garaison ist ein relig\u00f6ser Ort von gro\u00dfer Bedeutung f\u00fcr die Christen der Di\u00f6zese Tarbes und Lourdes. Die schulische Einrichtung Notre-Dame de Garaison entstand im Schatten der St\u00e4tte, an der die Heilige Jungfrau Maria der Hirtin Angl\u00e8ze de Sagazan im 16. Jahrhundert erschien: Pater Peydessus gr\u00fcndet die Schule 1841. Nachdem diese 1903 geschlossen wurde und von 1914 bis 1919 als <a href=\"https:\/\/blogs.univ-tlse2.fr\/garaison\/forschungsprogramm\/das-internierungslager-garaison\/\">Internierungslager<\/a> diente, erwerben ehemalige Sch\u00fcler, die an der Einrichtung h\u00e4ngen, 1923 die Gem\u00e4uer zur\u00fcck.<\/p>\n<p><strong>Website<\/strong>: <a href=\"http:\/\/www.garaison.com\">http:\/\/www.garaison.com<\/a><\/p>\n<h4><span style=\"color: #808000\"><em><strong>Team Garaison 14-18<\/strong><\/em><\/span><\/h4>\n<p style=\"text-align: justify\">Beteiligt waren oder sind die Geschichtslehrer J.-M. Delavault, F. Laran, J. Lartigue und T. Molinier sowie die Dokumentalistin M. Dauga, die Deutschlehrerin A. Lapoudge, und der Lehrer f\u00fcr \u00d6ko-Management G. Courtin.<\/p>\n<div id=\"attachment_1115\" style=\"width: 346px\" class=\"wp-caption aligncenter\"><img loading=\"lazy\" decoding=\"async\" aria-describedby=\"caption-attachment-1115\" class=\"wp-image-1115 \" src=\"https:\/\/blogs.univ-tlse2.fr\/garaison\/files\/2018\/01\/cours-300x169.jpg\" alt=\"\" width=\"336\" height=\"189\" srcset=\"https:\/\/blogs.univ-tlse2.fr\/garaison\/files\/2018\/01\/cours-300x169.jpg 300w, https:\/\/blogs.univ-tlse2.fr\/garaison\/files\/2018\/01\/cours-676x381.jpg 676w, https:\/\/blogs.univ-tlse2.fr\/garaison\/files\/2018\/01\/cours.jpg 692w\" sizes=\"auto, (max-width: 336px) 100vw, 336px\" \/><p id=\"caption-attachment-1115\" class=\"wp-caption-text\">\u00a9Pierre Roques<\/p><\/div>\n<p style=\"text-align: justify\">Das Team arbeitet eng mit dem <a href=\"https:\/\/blogs.univ-tlse2.fr\/garaison\/partner\/archiv-des-departements-hautes-pyrenees\/\">Archiv des D\u00e9partements Hautes-Pyr\u00e9n\u00e9es<\/a> zusammen, um jedes Jahr biografische Tafeln, die den Lebensweg von Internierten nachzeichnen, zu erstellen. Diese stetig erweiterte Sammlung wurde auf verschiedenen Austellungen pr\u00e4sentiert. Im Januar\u00a02017 war sie an der <a href=\"http:\/\/www.dstoulouse.fr\/de\/eroeffnung-der-ausstellung-garaison-loin-de-verdun-im-cdi\">Deutschen Schule Toulouse<\/a> zu sehen.<\/p>\n<p style=\"text-align: justify\">Mit Unterst\u00fctzung des Schulleiters, Joseph Corteggiani, verfolgt die Einrichtung nun das Projekt einer Gedenkst\u00e4tte.<\/p>\n<p><a href=\"https:\/\/blogs.univ-tlse2.fr\/garaison\/partner\/notre-dame-de-garaison\/interview-mit-den-geschichtslehrern-von-garaison\/\"><strong>Interview mit J.-M. Delavault und T. Molinier<br \/>\n<\/strong><\/a><\/p>\n<h4><em><strong><span style=\"color: #808000\">Stimmen unserer Partner aus Notre-Dame de Garaison<\/span><\/strong><br \/>\n<\/em><\/h4>\n<blockquote><p><em>Dieses Projekt besch\u00e4ftigt uns seit 4 Jahren und hat uns auf der Erkundung dieses Kapitels der Geschichte von Garaison von einer Entdeckung zur anderen gef\u00fchrt. Und das dank der aktiven Teilnahme zahlreicher Partner. Als wir die ersten Dokumente ausgegraben haben, ahnten wir nicht, dass sie so viele Nachwirkungen und Verzweigungen mit sich bringen w\u00fcrden.<\/em><\/p>\n<p><em>K\u00fcrzlich haben wir dem deutsch-franz\u00f6sischen Sender ARTE die Ausstrahlung unseres Dokumentarfilms &#8222;Loin de Verdun&#8220; im Rahmen der Sendung &#8222;Thema Histoire&#8220; vorgeschlagen, um das Gedenkjahr 2018 zu schlie\u00dfen. Im Fall einer positiven Antwort benachrichtigen wir alle Projektpartner.<br \/>\n<\/em><\/p>\n<p><em>Geschichte h\u00f6rt nie auf&#8230;<br \/>\n<\/em><\/p><\/blockquote>\n<p style=\"text-align: right\"><strong><em>Gilles Courtin, f\u00fcr das Team 14-18 aus Garaison<\/em><\/strong><\/p>\n<blockquote><p><em>Alle Teilnehmer haben das Projekt &#8222;Garaison: Camp d&#8217;internement en 14-18&#8220; (Garaison: Internierungslager 14-18) als Ort des Experimentierens und Nachdenkens, der Vernetzung, als gemeinschaftlichen Raum und Labor angesehen. Es ging uns darum&#8230;<\/em><\/p>\n<p><em>&#8230; intergenerationelle Bindungen zu schaffen<\/em><\/p>\n<p><em>&#8230; schulische und universit\u00e4re Einrichtungen zu vernetzen<\/em><\/p>\n<p><em>&#8230; Lust an der Forschung, Neugierde, zu wecken. Um Wissenschaft und Geschichte als faszinierendes Abenteuer zu erleben.<\/em><\/p>\n<p><em>Das bedeutet, aus Sicht des Lehrenden, eine aktive P\u00e4dagogik zu praktizieren, bei der die Sch\u00fcler zu Pionieren der Entdeckungen werden.<\/em><\/p>\n<p><em>Schlie\u00dflich auch, durch audovisuelle Dokumente die Stimmen der Ehemaligen zu vermitteln.<\/em><\/p>\n<p><em>Das Vergangene beleuchten, damit es nicht in Vergessenheit ger\u00e4t.<\/em><\/p><\/blockquote>\n<p style=\"text-align: right\"><em><strong>Morgane Dauga, 2015-2016 Dokumentalistin in Garaison<\/strong><\/em><\/p>\n<p>&nbsp;<\/p>\n","protected":false},"excerpt":{"rendered":"<p>Die Institution Notre-Dame de Garaison, die sich an der Kreuzung der D\u00e9partements Hautes-Pyr\u00e9n\u00e9es, Gers und Haute-Garonne befindet, ist eine unter Organisationsvertrag mit dem Staat stehende private und gemischte Einrichtung, die Halbpensions- und Internatssch\u00fcler der Grundschule, Hauptschule und des (allgemeinen, technischen wie berufsbildenden) Gymnasiums beherbergt. Die vor \u00fcber 150 Jahren von der &#8222;Congr\u00e9gation des P\u00e8res Missionaires [&hellip;]<\/p>\n","protected":false},"author":459,"featured_media":0,"parent":156,"menu_order":0,"comment_status":"closed","ping_status":"closed","template":"","meta":{"footnotes":""},"class_list":["post-445","page","type-page","status-publish","hentry","post-preview"],"_links":{"self":[{"href":"https:\/\/blogs.univ-tlse2.fr\/garaison\/wp-json\/wp\/v2\/pages\/445","targetHints":{"allow":["GET"]}}],"collection":[{"href":"https:\/\/blogs.univ-tlse2.fr\/garaison\/wp-json\/wp\/v2\/pages"}],"about":[{"href":"https:\/\/blogs.univ-tlse2.fr\/garaison\/wp-json\/wp\/v2\/types\/page"}],"author":[{"embeddable":true,"href":"https:\/\/blogs.univ-tlse2.fr\/garaison\/wp-json\/wp\/v2\/users\/459"}],"replies":[{"embeddable":true,"href":"https:\/\/blogs.univ-tlse2.fr\/garaison\/wp-json\/wp\/v2\/comments?post=445"}],"version-history":[{"count":53,"href":"https:\/\/blogs.univ-tlse2.fr\/garaison\/wp-json\/wp\/v2\/pages\/445\/revisions"}],"predecessor-version":[{"id":1117,"href":"https:\/\/blogs.univ-tlse2.fr\/garaison\/wp-json\/wp\/v2\/pages\/445\/revisions\/1117"}],"up":[{"embeddable":true,"href":"https:\/\/blogs.univ-tlse2.fr\/garaison\/wp-json\/wp\/v2\/pages\/156"}],"wp:attachment":[{"href":"https:\/\/blogs.univ-tlse2.fr\/garaison\/wp-json\/wp\/v2\/media?parent=445"}],"curies":[{"name":"wp","href":"https:\/\/api.w.org\/{rel}","templated":true}]}}