 {"id":448,"date":"2018-01-18T00:43:23","date_gmt":"2018-01-17T23:43:23","guid":{"rendered":"https:\/\/blogs.univ-tlse2.fr\/garaison\/?page_id=448"},"modified":"2018-01-20T01:35:26","modified_gmt":"2018-01-20T00:35:26","slug":"creg","status":"publish","type":"page","link":"https:\/\/blogs.univ-tlse2.fr\/garaison\/partner\/creg\/","title":{"rendered":"CREG"},"content":{"rendered":"<h4><span style=\"color: #808000\"><em>Das Centre de Recherches et d&#8217;\u00c9tudes Germaniques (CREG)<br \/>\n<\/em><\/span><\/h4>\n<p style=\"text-align: justify\">Das Centre de Recherches et d&#8217;\u00c9tudes Germaniques (CREG, EA 4151) ist eine germanistische Forschungsgruppe, die 1985 gegr\u00fcndet wurde.<\/p>\n<p style=\"text-align: justify\">Das CREG ist im Jahr 2007 aus dem Zusammenschluss von Germanisten der Forschungsgruppe der Universit\u00e4t Toulouse Le Mirail (CERAM) und des Centre d&#8217;\u00c9tudes Germaniques et Centre-europ\u00e9ennes der Universit\u00e4t Montpellier Paul Val\u00e9ry entstanden. Die Forschungsgruppe versammelt Spezialisten der Literaturen, K\u00fcnste und Kulturen der deutschsprachigen L\u00e4nder, deren Interessen Poesie, Prosa, Theater und Film sowie Politik- und Ideengeschichte vereinen.<\/p>\n<h5><em><span style=\"color: #808000\">Forschungsschwerpunkte<\/span><\/em><\/h5>\n<p style=\"text-align: justify\">Die Forschungsaktivit\u00e4ten des CREG sind nach Forschungsschwerpunkten gegliedert:<\/p>\n<ul>\n<li><a href=\"http:\/\/creg.univ-tlse2.fr\/hauptseite\/thema-2014-\/\">Erben, weitergeben:\u00a0Mechanismen und Prozesse<\/a> (2014-)<\/li>\n<li><a href=\"http:\/\/creg.univ-tlse2.fr\/hauptseite\/archiv-2006-2014\/leitkulturen-und-gegenkulturen\/leitkulturen-und-gegenkulturen-311526.kjsp?RH=1515426930921\">Leitkulturen und Gegenkulturen<\/a> (2010-2014)<\/li>\n<li><a href=\"http:\/\/creg.univ-tlse2.fr\/hauptseite\/archiv-2006-2014\/das-spiel-im-deutschsprachigen-raum-unter-kulturellen-und-sthetischen-gesichtspunkten--310417.kjsp?RH=1515426930921\">Das Spiel im deutschsprachigen Raum<\/a> (2008-2010)<\/li>\n<\/ul>\n<hr \/>\n<p style=\"text-align: justify\">Die Reihen <em>Austriaca<\/em> (PURH), <em>Forum: \u00d6sterreich<\/em> (Frank &amp;Timme), <em>Nouvelles Sc\u00e8nes Allemand<\/em> (PUM) sind durch ihre wissenschaftliche Leitung an das CREG angeh\u00e4ngt. Im Rahmen einer Partnerschaft mit den Universit\u00e4ten Aix-en-Provence, Lyon, Montpellier und Toulouse, ist das CREG Mitglied des Herausgeberkomitees der Zeitschrift <em>Cahiers d\u2019\u00c9tudes Germaniques<\/em>.<\/p>\n<hr \/>\n<p style=\"text-align: justify\">Das CREG nimmt zudem an Aktivit\u00e4ten des inderdisziplin\u00e4ren Forschungsinstituts <a href=\"irpal&#108;&#64;&#x75;&#x6e;&#x69;&#x76;&#x2d;&#x74;&#x6c;se2&#46;f&#114;\">IRPALL<\/a> (Institut de Recherche Pluridisciplinaire Arts, Lettres, Langues) der Universit\u00e4t Toulouse Jean Jaur\u00e8s teil.<\/p>\n<p>Leiter: J. Lajarrige<\/p>\n<p><em><strong>Website<\/strong><\/em>: <a href=\"http:\/\/creg.univ-tlse2.fr\/hauptseite\/\">http:\/\/creg.univ-tlse2.fr\/hauptseite\/<\/a><\/p>\n","protected":false},"excerpt":{"rendered":"<p>Das Centre de Recherches et d&#8217;\u00c9tudes Germaniques (CREG) Das Centre de Recherches et d&#8217;\u00c9tudes Germaniques (CREG, EA 4151) ist eine germanistische Forschungsgruppe, die 1985 gegr\u00fcndet wurde. Das CREG ist im Jahr 2007 aus dem Zusammenschluss von Germanisten der Forschungsgruppe der Universit\u00e4t Toulouse Le Mirail (CERAM) und des Centre d&#8217;\u00c9tudes Germaniques et Centre-europ\u00e9ennes der Universit\u00e4t Montpellier [&hellip;]<\/p>\n","protected":false},"author":459,"featured_media":0,"parent":156,"menu_order":0,"comment_status":"closed","ping_status":"closed","template":"","meta":{"footnotes":""},"class_list":["post-448","page","type-page","status-publish","hentry","post-preview"],"_links":{"self":[{"href":"https:\/\/blogs.univ-tlse2.fr\/garaison\/wp-json\/wp\/v2\/pages\/448","targetHints":{"allow":["GET"]}}],"collection":[{"href":"https:\/\/blogs.univ-tlse2.fr\/garaison\/wp-json\/wp\/v2\/pages"}],"about":[{"href":"https:\/\/blogs.univ-tlse2.fr\/garaison\/wp-json\/wp\/v2\/types\/page"}],"author":[{"embeddable":true,"href":"https:\/\/blogs.univ-tlse2.fr\/garaison\/wp-json\/wp\/v2\/users\/459"}],"replies":[{"embeddable":true,"href":"https:\/\/blogs.univ-tlse2.fr\/garaison\/wp-json\/wp\/v2\/comments?post=448"}],"version-history":[{"count":21,"href":"https:\/\/blogs.univ-tlse2.fr\/garaison\/wp-json\/wp\/v2\/pages\/448\/revisions"}],"predecessor-version":[{"id":1011,"href":"https:\/\/blogs.univ-tlse2.fr\/garaison\/wp-json\/wp\/v2\/pages\/448\/revisions\/1011"}],"up":[{"embeddable":true,"href":"https:\/\/blogs.univ-tlse2.fr\/garaison\/wp-json\/wp\/v2\/pages\/156"}],"wp:attachment":[{"href":"https:\/\/blogs.univ-tlse2.fr\/garaison\/wp-json\/wp\/v2\/media?parent=448"}],"curies":[{"name":"wp","href":"https:\/\/api.w.org\/{rel}","templated":true}]}}