 {"id":45,"date":"2016-11-10T13:20:44","date_gmt":"2016-11-10T12:20:44","guid":{"rendered":"https:\/\/garaisonoff.wordpress.com\/documentaire-loin-de-verdun\/"},"modified":"2018-04-16T20:28:32","modified_gmt":"2018-04-16T18:28:32","slug":"documentaire-loin-de-verdun","status":"publish","type":"page","link":"https:\/\/blogs.univ-tlse2.fr\/garaison\/dokumentarfilm-loin-de-verdun\/documentaire-loin-de-verdun\/","title":{"rendered":"\u00dcber den Film"},"content":{"rendered":"<div id=\"attachment_757\" style=\"width: 242px\" class=\"wp-caption alignleft\"><img loading=\"lazy\" decoding=\"async\" aria-describedby=\"caption-attachment-757\" class=\"wp-image-757 \" src=\"https:\/\/blogs.univ-tlse2.fr\/garaison\/files\/2018\/01\/dvd-ldv-211x300.jpg\" alt=\"\" width=\"232\" height=\"330\" srcset=\"https:\/\/blogs.univ-tlse2.fr\/garaison\/files\/2018\/01\/dvd-ldv-211x300.jpg 211w, https:\/\/blogs.univ-tlse2.fr\/garaison\/files\/2018\/01\/dvd-ldv-768x1093.jpg 768w, https:\/\/blogs.univ-tlse2.fr\/garaison\/files\/2018\/01\/dvd-ldv-720x1024.jpg 720w, https:\/\/blogs.univ-tlse2.fr\/garaison\/files\/2018\/01\/dvd-ldv-676x962.jpg 676w, https:\/\/blogs.univ-tlse2.fr\/garaison\/files\/2018\/01\/dvd-ldv.jpg 1116w\" sizes=\"auto, (max-width: 232px) 100vw, 232px\" \/><p id=\"caption-attachment-757\" class=\"wp-caption-text\">\u00a9 X. Delagnes<\/p><\/div>\n<p style=\"text-align: justify\">Als anl\u00e4sslich der Gedenkfeiern zum 1. Weltkrieg Projekte ausgeschrieben werden, entschlie\u00dft ein <a href=\"https:\/\/blogs.univ-tlse2.fr\/garaison\/partner\/notre-dame-de-garaison\/\">Lehrerteam aus Garaison<\/a>, mit den Sch\u00fclerInnen die Geschichte des Ortes zu erforschen und deren Ged\u00e4chtnis weiterzugeben.<\/p>\n<p style=\"text-align: justify\">So entstand 2014 die Zusammenarbeit mit der Hochschule f\u00fcr audiovisuelle Medien der Universit\u00e4t\u00a0Toulouse (<a href=\"http:\/\/www.esav.fr\">ESAV<\/a>), dem <a href=\"https:\/\/blogs.univ-tlse2.fr\/garaison\/partner\/creg\/\">CREG<\/a> und dem <a href=\"https:\/\/blogs.univ-tlse2.fr\/garaison\/partner\/archiv-des-departements-hautes-pyrenees\/\">Archiv des D\u00e9partements Hautes-Pyr\u00e9n\u00e9es<\/a>: Xavier Delagnes dreht den Dokumentarfilm <em>Loin de Verdun. Garaison, un camp d&#8217;internement durant la Premi\u00e8re Guerre mondiale <\/em>(52mn, 2015)<\/p>\n<p style=\"text-align: justify\">Sein Film entstammt sehr bewusst einer Dramaturgie der Infragestellung und beleuchtet verschiedene Sichtweisen auf das Lager: So sollen die erhaltenen Spuren der Ereignisse von 1914-1918 vor Ort wiedergefunden werden. Ein Historiker liefert einen Einblick in die Sichtweise der milit\u00e4rischen Verwaltung des Lagers. Au\u00dferdem blicken wir in das Innere des Lagers, \u00fcber Berichte und Briefe \u2013 und auch durch Fotos, die einige autorisierte Gefangene aufgenommen haben. Wir h\u00f6ren die Stimmen des spanischen Fr\u00e8re Guillaume, des Ehepaars Schweitzer und des Popes Mito Abadji, eines bulgarischen Katholiken mazedonischer Herkunft. Dazu treten die weiblichen Stimmen von Gertrud K\u00f6bner und Helene Schaarschmidt \u2013 zwei internierte Frauen, die auch <a href=\"https:\/\/blogs.univ-tlse2.fr\/garaison\/gefangenschaftsberichte\/tagebuchberichte\/\">Berichte \u00fcber ihre Gefangenschaft <\/a>verfasst und ver\u00f6ffentlicht haben. Diese verschiedenen Perspektiven und Dokumente liefern einen eindrucksvollen Einblick in das Lager und das damalige Leben der Internierten.<\/p>\n<p style=\"text-align: justify\">Als der Film im Jahr 2015 entstand, war X. Delagnes Student an der Hochschule f\u00fcr audiovisuelle Medien und hatte bereits mehrere Spielfilme und zwei Dokumentarfilme gedreht: ein Portr\u00e4t \u00fcber den Forscher Emiliano Lorini (2014) und nat\u00fcrlich <em>Loin de Verdun<\/em>. 2017 entstand die Kom\u00f6die\u00a0<em>Gazouillis<\/em> (Gezwitscher) und zurzeit arbeitet er an einem Projekt, das von Notre-Dame-des-Landes inspiriert ist.<\/p>\n<p>Die DVD kann \u00fcber die Einrichtung Notre-Dame de Garaison <a href=\"garaiso&#110;&#64;&#119;&#97;&#x6e;&#x61;&#x64;&#x6f;&#x6f;&#x2e;&#x66;&#x72;\">bestellt werden<\/a>.<\/p>\n<hr \/>\n<p><span style=\"color: #333300\"><em><strong><span style=\"color: #808000\">Bisherige Filmvorf\u00fchrungen<\/span> <\/strong><\/em><\/span><\/p>\n<p>Notre-Dame de Garaison, Monl\u00e9on-Magnoac, 24.5.2015<br \/>\nESAV Toulouse, 17.6.2015<br \/>\nLa Fabrique, Universit\u00e9 Toulouse Jean-Jaur\u00e8s, 18.2.2016<br \/>\nH\u00f4tel du D\u00e9partement des Hautes-Pyr\u00e9n\u00e9es, 12.3.2016<br \/>\nSalle de la Communaut\u00e9 de Commune, Boulogne s\/ Gesse, 18.3.2016<br \/>\nCin\u00e9ma Le Parvis, Tarbes: 6.4., 13.4.2016<br \/>\nH\u00f4tel du d\u00e9partement des Hautes-Pyr\u00e9n\u00e9es, 17.9.2016<br \/>\nNuit des Chercheurs, Mus\u00e9um, Toulouse, 30.9.2016<br \/>\nNotre-Dame de Garaison, Monl\u00e9on-Magnoac, 10.11.2016<br \/>\nChapelle des P\u00e9nitents, Boulogne s\/Gesse, 18.1.2017<br \/>\nDeutsche Schule Toulouse, Colomiers, 19.1.2017<br \/>\nM\u00e9diath\u00e8que\u00a0Jean Ferrat, Rouvroy, 16.5.2017<br \/>\nAbbaye de l\u2019Escaladieu, Bonnemazon, 25.6., 23.7., 20.8.2017<br \/>\nMaison Heinrich Heine, Paris, 5.10.2017<br \/>\nLuitpold Gymnasium, M\u00fcnchen, 10.1.2018<br \/>\nPindl Gymnasium, Regensburg, 11.1.2018<br \/>\nGoethe Institut Toulouse, 20.1.2018<\/p>\n<hr \/>\n<p><a href=\"https:\/\/blogs.univ-tlse2.fr\/garaison\/dokumentarfilm-loin-de-verdun\/revue-de-presse\/\"><strong><em>Stimmen\/Pressespiegel<\/em><\/strong><\/a><\/p>\n","protected":false},"excerpt":{"rendered":"<p>Als anl\u00e4sslich der Gedenkfeiern zum 1. Weltkrieg Projekte ausgeschrieben werden, entschlie\u00dft ein Lehrerteam aus Garaison, mit den Sch\u00fclerInnen die Geschichte des Ortes zu erforschen und deren Ged\u00e4chtnis weiterzugeben. So entstand 2014 die Zusammenarbeit mit der Hochschule f\u00fcr audiovisuelle Medien der Universit\u00e4t\u00a0Toulouse (ESAV), dem CREG und dem Archiv des D\u00e9partements Hautes-Pyr\u00e9n\u00e9es: Xavier Delagnes dreht den Dokumentarfilm [&hellip;]<\/p>\n","protected":false},"author":390,"featured_media":0,"parent":423,"menu_order":0,"comment_status":"closed","ping_status":"closed","template":"","meta":{"footnotes":""},"class_list":["post-45","page","type-page","status-publish","hentry","post-preview"],"_links":{"self":[{"href":"https:\/\/blogs.univ-tlse2.fr\/garaison\/wp-json\/wp\/v2\/pages\/45","targetHints":{"allow":["GET"]}}],"collection":[{"href":"https:\/\/blogs.univ-tlse2.fr\/garaison\/wp-json\/wp\/v2\/pages"}],"about":[{"href":"https:\/\/blogs.univ-tlse2.fr\/garaison\/wp-json\/wp\/v2\/types\/page"}],"author":[{"embeddable":true,"href":"https:\/\/blogs.univ-tlse2.fr\/garaison\/wp-json\/wp\/v2\/users\/390"}],"replies":[{"embeddable":true,"href":"https:\/\/blogs.univ-tlse2.fr\/garaison\/wp-json\/wp\/v2\/comments?post=45"}],"version-history":[{"count":22,"href":"https:\/\/blogs.univ-tlse2.fr\/garaison\/wp-json\/wp\/v2\/pages\/45\/revisions"}],"predecessor-version":[{"id":997,"href":"https:\/\/blogs.univ-tlse2.fr\/garaison\/wp-json\/wp\/v2\/pages\/45\/revisions\/997"}],"up":[{"embeddable":true,"href":"https:\/\/blogs.univ-tlse2.fr\/garaison\/wp-json\/wp\/v2\/pages\/423"}],"wp:attachment":[{"href":"https:\/\/blogs.univ-tlse2.fr\/garaison\/wp-json\/wp\/v2\/media?parent=45"}],"curies":[{"name":"wp","href":"https:\/\/api.w.org\/{rel}","templated":true}]}}