 {"id":607,"date":"2018-01-18T06:25:39","date_gmt":"2018-01-18T05:25:39","guid":{"rendered":"https:\/\/blogs.univ-tlse2.fr\/garaison\/?page_id=607"},"modified":"2018-04-11T16:03:41","modified_gmt":"2018-04-11T14:03:41","slug":"interview-avec-les-enseignants-de-garaison","status":"publish","type":"page","link":"https:\/\/blogs.univ-tlse2.fr\/garaison\/interview-avec-les-enseignants-de-garaison\/","title":{"rendered":"Interview avec les enseignants de Garaison"},"content":{"rendered":"<p style=\"text-align: justify\">Interview r\u00e9alis\u00e9e le 30 septembre 2016 par Grigor Avetissyan, Yvonne de Boer, Claire-Marine Marouby et Yannick Pi\u00e9t\u00e9 (\u00e9tudiants en LLCE 2 Allemand, Universit\u00e9 Toulouse &#8211; Jean Jaur\u00e8s)<\/p>\n<p style=\"text-align: center\"><a href=\"https:\/\/blogs.univ-tlse2.fr\/garaison\/partner\/institut-notre-dame-de-garaison\/interview-mit-den-geschichtslehrern-von-garaison\/\"><em><strong>Interview in deutscher Sprache<\/strong><\/em><\/a><\/p>\n<hr \/>\n<p style=\"text-align: justify\"><em><strong>Jean Michel Delavault <\/strong>et\u00a0<strong>Thierry Molinier<\/strong> sont\u00a0enseignants \u00e0 <a href=\"https:\/\/blogs.univ-tlse2.fr\/garaison\/partner\/notre-dame-de-garaison\/\">Notre-Dame de Garaison<\/a> en histoire et g\u00e9ographie, ils sont les porteurs actuels du\u00a0projet relatif au camp de 1914-1918. Ils ont travaill\u00e9, en relation avec les <a href=\"https:\/\/blogs.univ-tlse2.fr\/garaison\/partner\/archiv-des-departements-hautes-pyrenees\/\">Archives d\u00e9partementales des Hautes-Pyr\u00e9n\u00e9es<\/a>, \u00e0 l&#8217;\u00e9laboration de parcours d&#8217;intern\u00e9s. L&#8217;id\u00e9e \u00e9tait de cr\u00e9er une galerie de portraits sous forme de panneaux d&#8217;exposition \u00e0 l&#8217;aide du travail men\u00e9 par les \u00e9l\u00e8ves de l&#8217;\u00e9tablissement Notre-Dame de Garaison (notamment les classes de 3\u00e8me et de 1\u00e8re).<\/em><\/p>\n<hr \/>\n<p style=\"text-align: justify\"><em><strong>Jean Michel Delavault, comment avez-vous eu connaissance du projet relatif au camp de Garaison\u00a0?<\/strong><\/em><\/p>\n<p style=\"text-align: justify\">C&#8217;est une coll\u00e8gue, qui n&#8217;est plus dans l&#8217;\u00e9tablissement, qui est \u00e0 l&#8217;origine du projet. Elle a eu l&#8217;id\u00e9e de d\u00e9poser un dossier pour obtenir le label et le financement de la Mission du Centenaire. Par ailleurs, il y avait des documents sur Garaison attestant qu&#8217;il y avait eu un camp d&#8217;internement.<\/p>\n<p style=\"text-align: justify\"><em><strong>Qu&#8217;avez-vous appris gr\u00e2ce \u00e0 ce projet\u00a0?<\/strong><\/em><\/p>\n<p style=\"text-align: justify\">De nombreux d\u00e9tails sur la vie du camp.\u00a0Sur le plan historique, je\u00a0ne savais pas qu&#8217;il y avait eu des camps sur le territoire fran\u00e7ais durant la Premi\u00e8re Guerre mondiale. J&#8217;ai\u00a0d\u00e9couvert comment les gens vivaient dans ce camp, des portraits et des histoires individuelles qui sont parfois tr\u00e8s touchantes.<\/p>\n<p style=\"text-align: justify\">Gr\u00e2ce au documentaire film\u00e9 \u00e0 Garaison, je me suis \u00e9galement familiaris\u00e9 avec la mani\u00e8re dont on tourne un documentaire, je n&#8217;avais jamais particip\u00e9 \u00e0 cela auparavant. J&#8217;ai aussi d\u00e9couvert une nouvelle fa\u00e7on de travailler avec mes \u00e9l\u00e8ves. La collaboration avec les archives, l&#8217;Universit\u00e9 Toulouse Jean Jaur\u00e8s et le CREG s&#8217;est r\u00e9v\u00e9l\u00e9e tr\u00e8s riche. Le projet tout entier \u00e9tait tr\u00e8s riche, rempli d&#8217;opportunit\u00e9s et de portes \u00e0 ouvrir.<\/p>\n<p style=\"text-align: justify\"><strong><em>Quels prolongements envisagez-vous pour le projet ?<\/em><\/strong><\/p>\n<div id=\"attachment_1115\" style=\"width: 310px\" class=\"wp-caption alignleft\"><img loading=\"lazy\" decoding=\"async\" aria-describedby=\"caption-attachment-1115\" class=\"wp-image-1115 size-medium\" src=\"https:\/\/blogs.univ-tlse2.fr\/garaison\/files\/2018\/01\/cours-300x169.jpg\" alt=\"\" width=\"300\" height=\"169\" srcset=\"https:\/\/blogs.univ-tlse2.fr\/garaison\/files\/2018\/01\/cours-300x169.jpg 300w, https:\/\/blogs.univ-tlse2.fr\/garaison\/files\/2018\/01\/cours-676x381.jpg 676w, https:\/\/blogs.univ-tlse2.fr\/garaison\/files\/2018\/01\/cours.jpg 692w\" sizes=\"auto, (max-width: 300px) 100vw, 300px\" \/><p id=\"caption-attachment-1115\" class=\"wp-caption-text\">\u00a9 Pierre Roques<\/p><\/div>\n<p style=\"text-align: justify\">Je veux poursuivre\u00a0chaque ann\u00e9e la galerie de portraits, l\u00e0 nous en sommes \u00e0 la deuxi\u00e8me ann\u00e9e. La premi\u00e8re ann\u00e9e, les \u00e9l\u00e8ves\u00a0ont r\u00e9alis\u00e9 9 panneaux d&#8217;affichage constituant ainsi 9 portraits, et cette ann\u00e9e, ils en ont fait 8; ils en feront \u00e0 nouveau 8 dans le courant de la prochaine ann\u00e9e scolaire. L&#8217;id\u00e9e est d&#8217;aboutir \u00e0 une galerie de portraits, \u00e0 un m\u00e9morial sur Garaison, dans lequel on pourra exposer l&#8217;histoire du camp. Les \u00e9l\u00e8ves ont aussi cr\u00e9\u00e9 une page Wikip\u00e9dia. L&#8217;id\u00e9e est de continuer ce projet jusqu&#8217;\u00e0 ce que les \u00e9l\u00e8ves aient \u00e9tudi\u00e9s les archives de\u00a01919. En effet, en 2019, on voudrait que notre \u00e9tablissement devienne \u00a0un lieu comm\u00e9moratif reconnu.<\/p>\n<p style=\"text-align: justify\"><em><strong>Y avait-il beaucoup de camps de ce type en France\u00a0?<\/strong><\/em><\/p>\n<p style=\"text-align: justify\">Apparemment oui, il y avait beaucoup de camps en France, avec des sp\u00e9cificit\u00e9s diff\u00e9rentes. Garaison \u00e9tait un camp de familles, c&#8217;est \u00e0 dire que des familles enti\u00e8res y \u00e9taient intern\u00e9es.<\/p>\n<p style=\"text-align: justify\"><em><strong>Comment ont r\u00e9agi vos \u00e9l\u00e8ves \u00e0 ce projet\u00a0?<\/strong><\/em><\/p>\n<p style=\"text-align: justify\">Cela d\u00e9pend des \u00e9l\u00e8ves bien s\u00fbr, mais en g\u00e9n\u00e9ral, ils ont beaucoup accroch\u00e9, en particulier \u00e0 l&#8217;aspect film. \u00c0 chaque fois que les cam\u00e9ras \u00e9taient pr\u00e9sentes, ils se transformaient en \u00e9l\u00e8ves mod\u00e8les. Apr\u00e8s, c&#8217;\u00e9tait int\u00e9ressant de mettre \u00e0 leur disposition des archives, ils \u00e9taient \u00e9mus d&#8217;avoir en main des documents originaux. En g\u00e9n\u00e9ral, leurs r\u00e9actions ont \u00e9t\u00e9 tr\u00e8s positives.<\/p>\n<hr \/>\n<div id=\"attachment_958\" style=\"width: 159px\" class=\"wp-caption alignleft\"><img loading=\"lazy\" decoding=\"async\" aria-describedby=\"caption-attachment-958\" class=\"wp-image-958\" src=\"https:\/\/blogs.univ-tlse2.fr\/garaison\/files\/2018\/01\/Photo-prof-histoire-2-219x300.jpg\" alt=\"\" width=\"149\" height=\"204\" srcset=\"https:\/\/blogs.univ-tlse2.fr\/garaison\/files\/2018\/01\/Photo-prof-histoire-2-219x300.jpg 219w, https:\/\/blogs.univ-tlse2.fr\/garaison\/files\/2018\/01\/Photo-prof-histoire-2.jpg 283w\" sizes=\"auto, (max-width: 149px) 100vw, 149px\" \/><p id=\"caption-attachment-958\" class=\"wp-caption-text\">Thierry Molinier<\/p><\/div>\n<p style=\"text-align: justify\"><em><strong>Thierry Molinier<\/strong>, enseignant d&#8217;histoire \u00e0 Garaison, a \u0153uvr\u00e9 \u00e0\u00a0la mise en valeur du travail des \u00e9l\u00e8ves.<\/em><\/p>\n<hr \/>\n<p style=\"text-align: justify\"><em><strong>Comment avez-vous pris connaissance du projet\u00a0?<\/strong><\/em><\/p>\n<p style=\"text-align: justify\">En arrivant \u00e0 Garaison, je me devais de participer au projet.\u00a0L&#8217;aspect humain et collaboratif est tr\u00e8s important.<\/p>\n<p style=\"text-align: justify\"><strong><em>Qu&#8217;avez-vous appris personnellement par le biais de ce projet\u00a0?<\/em><\/strong><\/p>\n<p style=\"text-align: justify\">J&#8217;ai \u00e9t\u00e9\u00a0tr\u00e8s \u00e9tonn\u00e9 d&#8217;apprendre que les intern\u00e9s\u00a0n&#8217;\u00e9taient pas enferm\u00e9s, ils \u00e9taient retenus administrativement mais ils pouvaient sortir \u00e0 certaines heures de la journ\u00e9e. Les conditions de d\u00e9tention \u00e9taient sans doute bien moins dures que la guerre dans les tranch\u00e9es. Apparemment, les intern\u00e9s partageaient aussi les outils de production avec les agents du camp.<\/p>\n<p style=\"text-align: justify\">J&#8217;ai remarqu\u00e9 que les \u00e9l\u00e8ves pouvaient s\u2019int\u00e9resser \u00e0 des sources anciennes et qu&#8217;ils se r\u00e9galent \u00e0 manipuler des originaux, c&#8217;est-\u00e0-dire qu&#8217;ils ont le plaisir de l&#8217;historien, celui d&#8217;\u00eatre r\u00e9ellement dans l&#8217;archive, et c&#8217;est magnifique ; cela leur permet de penser par eux-m\u00eames et de saisir ce que les gens ressentaient \u00e0 l&#8217;\u00e9poque.<\/p>\n<p style=\"text-align: justify\"><em><strong>Qu&#8217;envisagez-vous pour la suite de ce projet ?<\/strong><\/em><\/p>\n<p style=\"text-align: justify\">Nous allons\u00a0essayer de multiplier les projections-d\u00e9bats, en essayant\u00a0de faire venir le plus grand nombre d&#8217;\u00e9l\u00e8ves possible. Lors de ces rencontres, le dialogue s&#8217;instaure entre un public un peu \u00e2g\u00e9 et des\u00a0jeunes.<\/p>\n<p style=\"text-align: justify\"><em><strong>Reste-t-il des traces encore visibles du passage des intern\u00e9s\u00a0?<\/strong><\/em><\/p>\n<div id=\"attachment_1043\" style=\"width: 310px\" class=\"wp-caption alignright\"><img loading=\"lazy\" decoding=\"async\" aria-describedby=\"caption-attachment-1043\" class=\"wp-image-1043 size-medium\" src=\"https:\/\/blogs.univ-tlse2.fr\/garaison\/files\/2018\/01\/IMG_7728-300x200.jpg\" alt=\"\" width=\"300\" height=\"200\" srcset=\"https:\/\/blogs.univ-tlse2.fr\/garaison\/files\/2018\/01\/IMG_7728-300x200.jpg 300w, https:\/\/blogs.univ-tlse2.fr\/garaison\/files\/2018\/01\/IMG_7728-768x512.jpg 768w, https:\/\/blogs.univ-tlse2.fr\/garaison\/files\/2018\/01\/IMG_7728-1024x683.jpg 1024w, https:\/\/blogs.univ-tlse2.fr\/garaison\/files\/2018\/01\/IMG_7728-676x451.jpg 676w\" sizes=\"auto, (max-width: 300px) 100vw, 300px\" \/><p id=\"caption-attachment-1043\" class=\"wp-caption-text\">\u00a9 X. Delagnes<\/p><\/div>\n<p style=\"text-align: justify\">Il y a une fontaine sculpt\u00e9e par les intern\u00e9s qui est encore l\u00e0. Autrement, ils n&#8217;ont pas vraiment laiss\u00e9 de traces vu que la plupart habitait dans des logements de fortune qui ont disparu aujourd&#8217;hui.<\/p>\n<p>&nbsp;<\/p>\n<p><a href=\"https:\/\/blogs.univ-tlse2.fr\/garaison\/partner\/institut-notre-dame-de-garaison\/interview-mit-den-geschichtslehrern-von-garaison\/\"><em><strong>Interview in deutscher Sprache<\/strong><\/em><\/a><\/p>\n","protected":false},"excerpt":{"rendered":"<p>Interview r\u00e9alis\u00e9e le 30 septembre 2016 par Grigor Avetissyan, Yvonne de Boer, Claire-Marine Marouby et Yannick Pi\u00e9t\u00e9 (\u00e9tudiants en LLCE 2 Allemand, Universit\u00e9 Toulouse &#8211; Jean Jaur\u00e8s) Interview in deutscher Sprache Jean Michel Delavault et\u00a0Thierry Molinier sont\u00a0enseignants \u00e0 Notre-Dame de Garaison en histoire et g\u00e9ographie, ils sont les porteurs actuels du\u00a0projet relatif au camp de [&hellip;]<\/p>\n","protected":false},"author":459,"featured_media":0,"parent":0,"menu_order":0,"comment_status":"closed","ping_status":"closed","template":"","meta":{"footnotes":""},"class_list":["post-607","page","type-page","status-publish","hentry","post-preview"],"_links":{"self":[{"href":"https:\/\/blogs.univ-tlse2.fr\/garaison\/wp-json\/wp\/v2\/pages\/607","targetHints":{"allow":["GET"]}}],"collection":[{"href":"https:\/\/blogs.univ-tlse2.fr\/garaison\/wp-json\/wp\/v2\/pages"}],"about":[{"href":"https:\/\/blogs.univ-tlse2.fr\/garaison\/wp-json\/wp\/v2\/types\/page"}],"author":[{"embeddable":true,"href":"https:\/\/blogs.univ-tlse2.fr\/garaison\/wp-json\/wp\/v2\/users\/459"}],"replies":[{"embeddable":true,"href":"https:\/\/blogs.univ-tlse2.fr\/garaison\/wp-json\/wp\/v2\/comments?post=607"}],"version-history":[{"count":17,"href":"https:\/\/blogs.univ-tlse2.fr\/garaison\/wp-json\/wp\/v2\/pages\/607\/revisions"}],"predecessor-version":[{"id":1122,"href":"https:\/\/blogs.univ-tlse2.fr\/garaison\/wp-json\/wp\/v2\/pages\/607\/revisions\/1122"}],"wp:attachment":[{"href":"https:\/\/blogs.univ-tlse2.fr\/garaison\/wp-json\/wp\/v2\/media?parent=607"}],"curies":[{"name":"wp","href":"https:\/\/api.w.org\/{rel}","templated":true}]}}