 {"id":644,"date":"2018-01-18T11:16:02","date_gmt":"2018-01-18T10:16:02","guid":{"rendered":"https:\/\/blogs.univ-tlse2.fr\/garaison\/?page_id=644"},"modified":"2018-04-16T20:28:00","modified_gmt":"2018-04-16T18:28:00","slug":"willkommen-neu","status":"publish","type":"page","link":"https:\/\/blogs.univ-tlse2.fr\/garaison\/","title":{"rendered":"Willkommen in Garaison"},"content":{"rendered":"<p style=\"text-align: justify\">Sie befinden sich auf einer Website, die dem <a href=\"https:\/\/blogs.univ-tlse2.fr\/garaison\/forschungsprogramm\/das-internierungslager-garaison\/\">Internierungslager Garaison<\/a> gewidmet ist &#8211; einem bisher wenig beachteten Kapitel der deutsch-franz\u00f6sischen Geschichte des 1. Weltkriegs.<\/p>\n<p style=\"text-align: justify\">Hier sollen die wesentlichen Ergebnisse des Toulouser Forschungsprogramms &#8222;<a href=\"https:\/\/blogs.univ-tlse2.fr\/garaison\/forschungsprogramm\/nomadenerbtuemer\/\">Nomadenerbt\u00fcmer<\/a>&#8220; pr\u00e4sentiert und der breiten \u00d6ffentlichkeit zug\u00e4nglich gemacht werden.<\/p>\n<p style=\"text-align: justify\">Ziel dieser Website ist es auch, <a href=\"https:\/\/blogs.univ-tlse2.fr\/garaison\/temoignages\/\">Nachkommen<\/a> von Internierten <a href=\"https:\/\/blogs.univ-tlse2.fr\/garaison\/temoignages\/teilen-sie\/\">ausfindig zu machen<\/a>, Zeugenberichte, Erinnerungen und\/oder Dokumente zu sammeln, die L\u00fccken im Ged\u00e4chtnis f\u00fcllen und die im Verschwinden begriffene Erinnerung an dieses Kapitel der Geschichte am Leben erhalten.<\/p>\n<div id=\"attachment_1029\" style=\"width: 686px\" class=\"wp-caption aligncenter\"><a href=\"https:\/\/blogs.univ-tlse2.fr\/garaison\/files\/2018\/01\/DSC_0056.jpg\"><img loading=\"lazy\" decoding=\"async\" aria-describedby=\"caption-attachment-1029\" class=\"wp-image-1029 size-large\" src=\"https:\/\/blogs.univ-tlse2.fr\/garaison\/files\/2018\/01\/DSC_0056-1024x685.jpg\" alt=\"\" width=\"676\" height=\"452\" srcset=\"https:\/\/blogs.univ-tlse2.fr\/garaison\/files\/2018\/01\/DSC_0056-1024x685.jpg 1024w, https:\/\/blogs.univ-tlse2.fr\/garaison\/files\/2018\/01\/DSC_0056-300x201.jpg 300w, https:\/\/blogs.univ-tlse2.fr\/garaison\/files\/2018\/01\/DSC_0056-768x514.jpg 768w, https:\/\/blogs.univ-tlse2.fr\/garaison\/files\/2018\/01\/DSC_0056-676x453.jpg 676w\" sizes=\"auto, (max-width: 676px) 100vw, 676px\" \/><\/a><p id=\"caption-attachment-1029\" class=\"wp-caption-text\">\u00a9 X. Delagnes<\/p><\/div>\n<p>&nbsp;<\/p>\n","protected":false},"excerpt":{"rendered":"<p>Sie befinden sich auf einer Website, die dem Internierungslager Garaison gewidmet ist &#8211; einem bisher wenig beachteten Kapitel der deutsch-franz\u00f6sischen Geschichte des 1. Weltkriegs. Hier sollen die wesentlichen Ergebnisse des Toulouser Forschungsprogramms &#8222;Nomadenerbt\u00fcmer&#8220; pr\u00e4sentiert und der breiten \u00d6ffentlichkeit zug\u00e4nglich gemacht werden. Ziel dieser Website ist es auch, Nachkommen von Internierten ausfindig zu machen, Zeugenberichte, Erinnerungen [&hellip;]<\/p>\n","protected":false},"author":459,"featured_media":0,"parent":0,"menu_order":0,"comment_status":"closed","ping_status":"closed","template":"","meta":{"footnotes":""},"class_list":["post-644","page","type-page","status-publish","hentry","post-preview"],"_links":{"self":[{"href":"https:\/\/blogs.univ-tlse2.fr\/garaison\/wp-json\/wp\/v2\/pages\/644","targetHints":{"allow":["GET"]}}],"collection":[{"href":"https:\/\/blogs.univ-tlse2.fr\/garaison\/wp-json\/wp\/v2\/pages"}],"about":[{"href":"https:\/\/blogs.univ-tlse2.fr\/garaison\/wp-json\/wp\/v2\/types\/page"}],"author":[{"embeddable":true,"href":"https:\/\/blogs.univ-tlse2.fr\/garaison\/wp-json\/wp\/v2\/users\/459"}],"replies":[{"embeddable":true,"href":"https:\/\/blogs.univ-tlse2.fr\/garaison\/wp-json\/wp\/v2\/comments?post=644"}],"version-history":[{"count":12,"href":"https:\/\/blogs.univ-tlse2.fr\/garaison\/wp-json\/wp\/v2\/pages\/644\/revisions"}],"predecessor-version":[{"id":1162,"href":"https:\/\/blogs.univ-tlse2.fr\/garaison\/wp-json\/wp\/v2\/pages\/644\/revisions\/1162"}],"wp:attachment":[{"href":"https:\/\/blogs.univ-tlse2.fr\/garaison\/wp-json\/wp\/v2\/media?parent=644"}],"curies":[{"name":"wp","href":"https:\/\/api.w.org\/{rel}","templated":true}]}}