 {"id":67,"date":"2016-11-10T14:34:18","date_gmt":"2016-11-10T13:34:18","guid":{"rendered":"https:\/\/garaisonoff.wordpress.com\/interview-avec-les-enseignants-dhistoire-de-garaison\/"},"modified":"2018-01-20T04:06:54","modified_gmt":"2018-01-20T03:06:54","slug":"interview-mit-den-geschichtslehrern-von-garaison","status":"publish","type":"page","link":"https:\/\/blogs.univ-tlse2.fr\/garaison\/partner\/notre-dame-de-garaison\/interview-mit-den-geschichtslehrern-von-garaison\/","title":{"rendered":"Interview mit Geschichtslehrern aus Garaison"},"content":{"rendered":"<p style=\"text-align: justify\">Interview am 30. September 2016 gef\u00fchrt von Grigor Avetissyan, Yvonne de Boer, Claire-Marine Marouby und Yannick Pi\u00e9t\u00e9 (Germanistik-Studierende im 2. Jahr LLCE Allemand, Universit\u00e4t Toulouse)<\/p>\n<p style=\"text-align: center\"><a href=\"https:\/\/blogs.univ-tlse2.fr\/garaison\/interview-avec-les-enseignants-de-garaison\/\"><em><strong>Interview in franz\u00f6sischer Sprache<\/strong><\/em><\/a><\/p>\n<hr \/>\n<p style=\"text-align: justify\"><em><strong>Jean Michel Delavault<\/strong> und <strong>Thierry Molinier<\/strong> unterrichten Geschichte und Geographie in Notre-Dame de Garaison, sie tragen zurzeit das Projekt. In enger Zusammenarbeit mit dem <a href=\"https:\/\/blogs.univ-tlse2.fr\/garaison\/partner\/archiv-des-departements-hautes-pyrenees\/\">Archiv des D\u00e9partements Hautes-Pyr\u00e9n\u00e9es<\/a> haben sie mit ihren Sch\u00fclerInnen an Ausstellungstafeln gearbeitet, die den Lebensl\u00e4ufen einzelner Internierter gewidmet sind. Die Idee war es, mithilfe der Sch\u00fclerInnen von Notre-Dame de Garaison (besonders der 9. und 11. Klasse) eine Galerie von Portr\u00e4ts zu erstellen.<\/em><\/p>\n<hr \/>\n<p style=\"text-align: justify\"><em><strong>Jean Michel Delavault, wie haben Sie von diesem Projekt \u00fcber Garaison erfahren?<\/strong><\/em><\/p>\n<p style=\"text-align: justify\">Dank einer Kollegin, die nicht mehr an der Schule ist, die aber der Ausl\u00f6ser f\u00fcr das Projekt war. Sie hatte die Idee, den Antrag f\u00fcr das Label und die Finanzierung der Mission du Centenaire zu stellen. Es gab ja Dokumente \u00fcber Garaison, die bezeugen, dass es dort ein Internierungslager gegeben hat.<\/p>\n<p style=\"text-align: justify\"><em><strong>Was haben Sie durch dieses Projekt gelernt?<\/strong><\/em><\/p>\n<p style=\"text-align: justify\">Viele Details \u00fcber das Leben im Lager. Auf historischer Ebene wusste ich nicht, dass es w\u00e4hrend des 1. Weltkriegs Lager auf franz\u00f6sischem Boden gegeben hat. Ich habe erfahren, wie die Leute in diesem Lager lebten, ich habe Portr\u00e4ts entdeckt, pers\u00f6nliche Geschichten, die oftmals sehr bewegend sind.<\/p>\n<p style=\"text-align: justify\">Bei den Dreharbeiten in Garaison habe ich dar\u00fcber hinaus gesehen, wie ein Dokumentarfilm entsteht, ich hatte zuvor noch nie an einem solchen Projekt teilgenommen. Ich habe auch eine neue Art und Weise, mit den Sch\u00fclern zu arbeiten, kennengelernt, und auch eine sehr fruchtbare Zusammenarbeit mit dem Archiv sowie mit der Universit\u00e4t Toulouse Jean Jaur\u00e8s und dem CREG. Das war ein sehr bereicherndes Projekt, voller Gelegenheiten, das viele T\u00fcren ge\u00f6ffnet hat.<\/p>\n<p style=\"text-align: justify\"><em><strong>Wie sehen Sie die Zukunft des Projekts?<\/strong><\/em><\/p>\n<div id=\"attachment_1115\" style=\"width: 310px\" class=\"wp-caption alignleft\"><img loading=\"lazy\" decoding=\"async\" aria-describedby=\"caption-attachment-1115\" class=\"wp-image-1115 size-medium\" src=\"https:\/\/blogs.univ-tlse2.fr\/garaison\/files\/2018\/01\/cours-300x169.jpg\" alt=\"\" width=\"300\" height=\"169\" srcset=\"https:\/\/blogs.univ-tlse2.fr\/garaison\/files\/2018\/01\/cours-300x169.jpg 300w, https:\/\/blogs.univ-tlse2.fr\/garaison\/files\/2018\/01\/cours-676x381.jpg 676w, https:\/\/blogs.univ-tlse2.fr\/garaison\/files\/2018\/01\/cours.jpg 692w\" sizes=\"auto, (max-width: 300px) 100vw, 300px\" \/><p id=\"caption-attachment-1115\" class=\"wp-caption-text\">\u00a9 Pierre Roques<\/p><\/div>\n<p style=\"text-align: justify\">Ich m\u00f6chte die Portr\u00e4t-Galerie jedes Jahr fortsetzen, wir sind jetzt im zweiten Jahr. Im ersten Jahr haben die Sch\u00fclerInnen 9 Ausstellungsw\u00e4nde, also 9 Portr\u00e4ts, erstellt, und dieses Jahr haben sie 8 gemacht und werden im kommenden Schuljahr 8 weitere anfertigen. Die Idee ist es, einen Gedenkort f\u00fcr Garaison einzurichten, wo sie ihre Geschichte des Lagers ausstellen k\u00f6nnen. Die Sch\u00fclerInnen haben \u00fcbrigens auch eine Wikipedia-Seite erstellt. Die Idee ist es, das Projekt solange weiterzuf\u00fchren, bis die Sch\u00fclerInnen in der Aufarbeitung der Archive beim Jahr 1919 angekommen sind. In der Tat m\u00f6chten wir, dass unsere Einrichtung im Jahr 2019 ein anerkannter Ged\u00e4chtnisort wird.<\/p>\n<p style=\"text-align: justify\"><em><strong>Gibt es viele Lager dieser Art in Frankreich?<\/strong><\/em><\/p>\n<p style=\"text-align: justify\">Offensichtlich, ja. Es gab viele Lager in Frankreich, mit unterschiedlichen Spezialisierungen. Garaison war ein Familienlager, das hei\u00dft, hier wurden ganze Familien interniert.<\/p>\n<p style=\"text-align: justify\"><em><strong>Wie haben Ihre Sch\u00fclerInnen auf das Projekt reagiert?<\/strong><\/em><\/p>\n<p style=\"text-align: justify\">Das kommt nat\u00fcrlich auf die jeweiligen Sch\u00fclerInnen an, aber generell waren sie von dieser Arbeit begeistert, vor allem vom filmischen Teil. Sobald die Kameras anwesend waren, verwandelten sie sich in Mustersch\u00fcler. Weiters war es auch interessant, ihnen Archivmaterial zur Verf\u00fcgung zu stellen, es hat sie bewegt, Originaldokumente in den H\u00e4nden zu halten. Allgemein waren die Reaktionen sehr positiv.<\/p>\n<hr \/>\n<div id=\"attachment_958\" style=\"width: 170px\" class=\"wp-caption alignleft\"><a href=\"https:\/\/blogs.univ-tlse2.fr\/garaison\/files\/2018\/01\/Photo-prof-histoire-2.jpg\"><img loading=\"lazy\" decoding=\"async\" aria-describedby=\"caption-attachment-958\" class=\"wp-image-958\" src=\"https:\/\/blogs.univ-tlse2.fr\/garaison\/files\/2018\/01\/Photo-prof-histoire-2-219x300.jpg\" alt=\"\" width=\"160\" height=\"219\" srcset=\"https:\/\/blogs.univ-tlse2.fr\/garaison\/files\/2018\/01\/Photo-prof-histoire-2-219x300.jpg 219w, https:\/\/blogs.univ-tlse2.fr\/garaison\/files\/2018\/01\/Photo-prof-histoire-2.jpg 283w\" sizes=\"auto, (max-width: 160px) 100vw, 160px\" \/><\/a><p id=\"caption-attachment-958\" class=\"wp-caption-text\">Thierry Molinier<\/p><\/div>\n<p style=\"text-align: justify\"><em><strong>Thierry Molinier<\/strong>, Geschichtslehrer in Garaison, hat sich f\u00fcr die Verbreitung der Arbeit der Sch\u00fclerInnen eingesetzt.<\/em><\/p>\n<hr \/>\n<p style=\"text-align: justify\"><em><strong>Wie haben Sie von diesem Projekt erfahren?<br \/>\n<\/strong><\/em><\/p>\n<p style=\"text-align: justify\">Als ich in Garaison ankam, musste ich einfach am Projekt teilnehmen. Der menschliche und gemeinschaftliche Aspekt ist sehr wichtig.<\/p>\n<p style=\"text-align: justify\"><strong><em>Was haben Sie pers\u00f6nlich im Zuge dieses Projekts erfahren?<\/em><\/strong><\/p>\n<p style=\"text-align: justify\">Ich war sehr erstaunt dar\u00fcber, zu erfahren, dass die Internierten nicht eingesperrt waren, sie wurden zwar administrativ gefangen gehalten, konnten aber zu bestimmten Zeiten das Lager verlassen. Die Umst\u00e4nde des Gewahrsams waren zweifellos weniger hart als Grabenk\u00e4mpfe, und anscheinend teilten sie auch Werkzeug mit den Beamten des Lagers.<\/p>\n<p style=\"text-align: justify\">Ich habe bemerkt, dass die Sch\u00fclerInnen sich f\u00fcr alte Quellen wie diese interessieren k\u00f6nnen und dass sie gerne mit Originalobjekten umgehen. Sie teilen die Freude des Historikers, tats\u00e4chlich im Archiv zu sein und das ist wunderbar: Es erm\u00f6glicht ihnen, selbst\u00e4ndig zu denken und zu f\u00fchlen, was die Leute damals empfanden.<\/p>\n<p style=\"text-align: justify\"><strong><em>Wie stellen Sie sich die Zukunft des Projekts vor?<br \/>\n<\/em><\/strong><\/p>\n<p style=\"text-align: justify\">Wir werden versuchen, die Filmvorf\u00fchrungen mit Diskussionsrunden zu vermehren und so viele Sch\u00fclerInnen wie m\u00f6glich kommen zu lassen. Bei solchen Begegnungen entsteht ein Dialog zwischen einem bereits etwas \u00e4lteren Publikum und den Jungen.<\/p>\n<p style=\"text-align: justify\"><strong><em>Gibt es noch sichtbare Spuren vom Aufenthalt dieser Internierten?<\/em><\/strong><\/p>\n<div id=\"attachment_1043\" style=\"width: 310px\" class=\"wp-caption alignright\"><img loading=\"lazy\" decoding=\"async\" aria-describedby=\"caption-attachment-1043\" class=\"wp-image-1043 size-medium\" src=\"https:\/\/blogs.univ-tlse2.fr\/garaison\/files\/2018\/01\/IMG_7728-300x200.jpg\" alt=\"\" width=\"300\" height=\"200\" srcset=\"https:\/\/blogs.univ-tlse2.fr\/garaison\/files\/2018\/01\/IMG_7728-300x200.jpg 300w, https:\/\/blogs.univ-tlse2.fr\/garaison\/files\/2018\/01\/IMG_7728-768x512.jpg 768w, https:\/\/blogs.univ-tlse2.fr\/garaison\/files\/2018\/01\/IMG_7728-1024x683.jpg 1024w, https:\/\/blogs.univ-tlse2.fr\/garaison\/files\/2018\/01\/IMG_7728-676x451.jpg 676w\" sizes=\"auto, (max-width: 300px) 100vw, 300px\" \/><p id=\"caption-attachment-1043\" class=\"wp-caption-text\">\u00a9 X. Delagnes<\/p><\/div>\n<p style=\"text-align: justify\">Es gibt einen von den Internierten gehauenen Brunnen, der noch da ist. Aber sonst haben sie nicht wirklich Spuren hinterlassen, zumal die meisten in notd\u00fcrftigen Behausungen gewohnt haben, die heute verschwunden sind.<\/p>\n<p>&nbsp;<\/p>\n<p style=\"text-align: left\"><a href=\"https:\/\/blogs.univ-tlse2.fr\/garaison\/interview-avec-les-enseignants-de-garaison\/\"><strong><em>Interview in franz\u00f6sischer Sprache<\/em><\/strong><\/a><\/p>\n","protected":false},"excerpt":{"rendered":"<p>Interview am 30. September 2016 gef\u00fchrt von Grigor Avetissyan, Yvonne de Boer, Claire-Marine Marouby und Yannick Pi\u00e9t\u00e9 (Germanistik-Studierende im 2. Jahr LLCE Allemand, Universit\u00e4t Toulouse) Interview in franz\u00f6sischer Sprache Jean Michel Delavault und Thierry Molinier unterrichten Geschichte und Geographie in Notre-Dame de Garaison, sie tragen zurzeit das Projekt. In enger Zusammenarbeit mit dem Archiv des [&hellip;]<\/p>\n","protected":false},"author":390,"featured_media":0,"parent":445,"menu_order":2,"comment_status":"closed","ping_status":"closed","template":"","meta":{"footnotes":""},"class_list":["post-67","page","type-page","status-publish","hentry","post-preview"],"_links":{"self":[{"href":"https:\/\/blogs.univ-tlse2.fr\/garaison\/wp-json\/wp\/v2\/pages\/67","targetHints":{"allow":["GET"]}}],"collection":[{"href":"https:\/\/blogs.univ-tlse2.fr\/garaison\/wp-json\/wp\/v2\/pages"}],"about":[{"href":"https:\/\/blogs.univ-tlse2.fr\/garaison\/wp-json\/wp\/v2\/types\/page"}],"author":[{"embeddable":true,"href":"https:\/\/blogs.univ-tlse2.fr\/garaison\/wp-json\/wp\/v2\/users\/390"}],"replies":[{"embeddable":true,"href":"https:\/\/blogs.univ-tlse2.fr\/garaison\/wp-json\/wp\/v2\/comments?post=67"}],"version-history":[{"count":31,"href":"https:\/\/blogs.univ-tlse2.fr\/garaison\/wp-json\/wp\/v2\/pages\/67\/revisions"}],"predecessor-version":[{"id":1121,"href":"https:\/\/blogs.univ-tlse2.fr\/garaison\/wp-json\/wp\/v2\/pages\/67\/revisions\/1121"}],"up":[{"embeddable":true,"href":"https:\/\/blogs.univ-tlse2.fr\/garaison\/wp-json\/wp\/v2\/pages\/445"}],"wp:attachment":[{"href":"https:\/\/blogs.univ-tlse2.fr\/garaison\/wp-json\/wp\/v2\/media?parent=67"}],"curies":[{"name":"wp","href":"https:\/\/api.w.org\/{rel}","templated":true}]}}