 {"id":140,"date":"2022-06-17T15:41:14","date_gmt":"2022-06-17T13:41:14","guid":{"rendered":"https:\/\/blogs.univ-tlse2.fr\/geographie-du-droit\/?page_id=140"},"modified":"2022-06-19T16:36:41","modified_gmt":"2022-06-19T14:36:41","slug":"accueil-2","status":"publish","type":"page","link":"https:\/\/blogs.univ-tlse2.fr\/geographie-du-droit\/","title":{"rendered":"Accueil"},"content":{"rendered":"<div class=\"wp-block-image\">\n<figure class=\"alignright size-medium is-resized\"><img decoding=\"async\" src=\"https:\/\/blogs.univ-tlse2.fr\/geographie-du-droit\/files\/2022\/06\/gOgcTwAIzdE0mvNu-300x300.jpg\" alt=\"\" class=\"wp-image-249\" height=\"270\" srcset=\"https:\/\/blogs.univ-tlse2.fr\/geographie-du-droit\/files\/2022\/06\/gOgcTwAIzdE0mvNu-300x300.jpg 300w, https:\/\/blogs.univ-tlse2.fr\/geographie-du-droit\/files\/2022\/06\/gOgcTwAIzdE0mvNu-150x150.jpg 150w, https:\/\/blogs.univ-tlse2.fr\/geographie-du-droit\/files\/2022\/06\/gOgcTwAIzdE0mvNu-80x80.jpg 80w, https:\/\/blogs.univ-tlse2.fr\/geographie-du-droit\/files\/2022\/06\/gOgcTwAIzdE0mvNu-320x320.jpg 320w, https:\/\/blogs.univ-tlse2.fr\/geographie-du-droit\/files\/2022\/06\/gOgcTwAIzdE0mvNu.jpg 640w\" sizes=\"(max-width: 300px) 100vw, 300px\" \/><\/figure>\n<\/div>\n\n\n<p style=\"font-size:24px\"><strong>Des ressources concernant la g\u00e9ographie du droit et <br>le droit du point de vue des sciences sociales<\/strong><br><\/p>\n\n\n\n<p style=\"font-size:24px\"><\/p>\n\n\n\n<p style=\"font-size:18px\"><em>Fabienne Cavaill\u00e9<br>D\u00e9partement de G\u00e9ographie, Universit\u00e9 Toulouse 2<\/em><\/p>\n\n\n\n<p class=\"has-small-font-size\">En cours de cr\u00e9ation &#8211; juin 2022<\/p>\n","protected":false},"excerpt":{"rendered":"<p>Des ressources concernant la g\u00e9ographie du droit et le droit du point de vue des sciences sociales Fabienne Cavaill\u00e9D\u00e9partement de G\u00e9ographie, Universit\u00e9 Toulouse 2 En cours de cr\u00e9ation &#8211; juin 2022<\/p>\n","protected":false},"author":203,"featured_media":0,"parent":0,"menu_order":0,"comment_status":"closed","ping_status":"closed","template":"","meta":{"footnotes":""},"class_list":["post-140","page","type-page","status-publish","hentry"],"_links":{"self":[{"href":"https:\/\/blogs.univ-tlse2.fr\/geographie-du-droit\/wp-json\/wp\/v2\/pages\/140","targetHints":{"allow":["GET"]}}],"collection":[{"href":"https:\/\/blogs.univ-tlse2.fr\/geographie-du-droit\/wp-json\/wp\/v2\/pages"}],"about":[{"href":"https:\/\/blogs.univ-tlse2.fr\/geographie-du-droit\/wp-json\/wp\/v2\/types\/page"}],"author":[{"embeddable":true,"href":"https:\/\/blogs.univ-tlse2.fr\/geographie-du-droit\/wp-json\/wp\/v2\/users\/203"}],"replies":[{"embeddable":true,"href":"https:\/\/blogs.univ-tlse2.fr\/geographie-du-droit\/wp-json\/wp\/v2\/comments?post=140"}],"version-history":[{"count":35,"href":"https:\/\/blogs.univ-tlse2.fr\/geographie-du-droit\/wp-json\/wp\/v2\/pages\/140\/revisions"}],"predecessor-version":[{"id":335,"href":"https:\/\/blogs.univ-tlse2.fr\/geographie-du-droit\/wp-json\/wp\/v2\/pages\/140\/revisions\/335"}],"wp:attachment":[{"href":"https:\/\/blogs.univ-tlse2.fr\/geographie-du-droit\/wp-json\/wp\/v2\/media?parent=140"}],"curies":[{"name":"wp","href":"https:\/\/api.w.org\/{rel}","templated":true}]}}