 {"id":289,"date":"2022-06-18T22:06:19","date_gmt":"2022-06-18T20:06:19","guid":{"rendered":"https:\/\/blogs.univ-tlse2.fr\/geographie-du-droit\/?page_id=289"},"modified":"2022-07-19T14:00:50","modified_gmt":"2022-07-19T12:00:50","slug":"bibliotheque-6","status":"publish","type":"page","link":"https:\/\/blogs.univ-tlse2.fr\/geographie-du-droit\/les-theories-critiques-et-realistes-du-droit\/bibliotheque-6\/","title":{"rendered":"&gt; Biblio."},"content":{"rendered":"\n<p><strong><mark style=\"background-color:#e6f0f6\" class=\"has-inline-color has-black-color\">Biblio. et ressources<\/mark><\/strong><mark style=\"background-color:#e6f0f6\" class=\"has-inline-color has-black-color\"><strong> \/ Approches critiques et r\u00e9alistes du droit<\/strong><\/mark><\/p>\n\n\n\n<ul class=\"wp-block-list\"><li><strong>Centre universitaire rouennais d&rsquo;\u00e9tudes juridiques, Approches critiques du droit (2019-2020)<\/strong>, Cycle de conf\u00e9rences, en ligne : <a rel=\"noreferrer noopener\" href=\"https:\/\/webtv.univ-rouen.fr\/channels\/#approches-critiques-du-droit\" target=\"_blank\">https:\/\/webtv.univ-rouen.fr\/channels\/#approches-critiques-du-droit<\/a>. Notamment  Pierre Brunet, \u00ab\u00a0Les r\u00e9alismes am\u00e9ricains\u00a0\u00bb, Lionel Zevounou, \u00ab\u00a0Race et droit\u00a0\u00bb. <\/li><\/ul>\n","protected":false},"excerpt":{"rendered":"<p>Biblio. et ressources \/ Approches critiques et r\u00e9alistes du droit Centre universitaire rouennais d&rsquo;\u00e9tudes juridiques, Approches critiques du droit (2019-2020), Cycle de conf\u00e9rences, en ligne : https:\/\/webtv.univ-rouen.fr\/channels\/#approches-critiques-du-droit. Notamment Pierre Brunet, \u00ab\u00a0Les r\u00e9alismes am\u00e9ricains\u00a0\u00bb, Lionel&#46;&#46;&#46;<\/p>\n","protected":false},"author":203,"featured_media":0,"parent":74,"menu_order":0,"comment_status":"closed","ping_status":"closed","template":"","meta":{"footnotes":""},"class_list":["post-289","page","type-page","status-publish","hentry"],"_links":{"self":[{"href":"https:\/\/blogs.univ-tlse2.fr\/geographie-du-droit\/wp-json\/wp\/v2\/pages\/289","targetHints":{"allow":["GET"]}}],"collection":[{"href":"https:\/\/blogs.univ-tlse2.fr\/geographie-du-droit\/wp-json\/wp\/v2\/pages"}],"about":[{"href":"https:\/\/blogs.univ-tlse2.fr\/geographie-du-droit\/wp-json\/wp\/v2\/types\/page"}],"author":[{"embeddable":true,"href":"https:\/\/blogs.univ-tlse2.fr\/geographie-du-droit\/wp-json\/wp\/v2\/users\/203"}],"replies":[{"embeddable":true,"href":"https:\/\/blogs.univ-tlse2.fr\/geographie-du-droit\/wp-json\/wp\/v2\/comments?post=289"}],"version-history":[{"count":6,"href":"https:\/\/blogs.univ-tlse2.fr\/geographie-du-droit\/wp-json\/wp\/v2\/pages\/289\/revisions"}],"predecessor-version":[{"id":453,"href":"https:\/\/blogs.univ-tlse2.fr\/geographie-du-droit\/wp-json\/wp\/v2\/pages\/289\/revisions\/453"}],"up":[{"embeddable":true,"href":"https:\/\/blogs.univ-tlse2.fr\/geographie-du-droit\/wp-json\/wp\/v2\/pages\/74"}],"wp:attachment":[{"href":"https:\/\/blogs.univ-tlse2.fr\/geographie-du-droit\/wp-json\/wp\/v2\/media?parent=289"}],"curies":[{"name":"wp","href":"https:\/\/api.w.org\/{rel}","templated":true}]}}