 {"id":327,"date":"2022-06-19T15:50:25","date_gmt":"2022-06-19T13:50:25","guid":{"rendered":"https:\/\/blogs.univ-tlse2.fr\/geographie-du-droit\/?page_id=327"},"modified":"2022-07-18T23:20:11","modified_gmt":"2022-07-18T21:20:11","slug":"page-personnelle","status":"publish","type":"page","link":"https:\/\/blogs.univ-tlse2.fr\/geographie-du-droit\/page-personnelle\/","title":{"rendered":"Page de l&rsquo;auteur"},"content":{"rendered":"<div class=\"wp-block-image\">\n<figure class=\"alignright size-medium is-resized\"><img loading=\"lazy\" decoding=\"async\" src=\"https:\/\/blogs.univ-tlse2.fr\/geographie-du-droit\/files\/2022\/07\/rebelle-300x158.jpg\" alt=\"\" class=\"wp-image-436\" width=\"150\" height=\"79\" srcset=\"https:\/\/blogs.univ-tlse2.fr\/geographie-du-droit\/files\/2022\/07\/rebelle-300x158.jpg 300w, https:\/\/blogs.univ-tlse2.fr\/geographie-du-droit\/files\/2022\/07\/rebelle-1024x538.jpg 1024w, https:\/\/blogs.univ-tlse2.fr\/geographie-du-droit\/files\/2022\/07\/rebelle-768x403.jpg 768w, https:\/\/blogs.univ-tlse2.fr\/geographie-du-droit\/files\/2022\/07\/rebelle.jpg 1200w\" sizes=\"auto, (max-width: 150px) 100vw, 150px\" \/><\/figure>\n<\/div>\n\n\n<p><strong>Cavaill\u00e9 Fabienne, 2020, \u00ab\u00a0De l\u2019int\u00e9r\u00eat d\u2019une g\u00e9ographie du droit pour appr\u00e9hender les modes d\u2019habiter des enfants de parents s\u00e9par\u00e9s\u00a0\u00bb<\/strong>,&nbsp;<a rel=\"noreferrer noopener\" href=\"https:\/\/www.cairn.info\/revue-annales-de-geographie-2020-3-page-179.htm?contenu=article\" target=\"_blank\"><em>Annales de g\u00e9ographie<\/em>, vol. 733-734, no. 3-4, 2020, p. 179-204.<\/a><\/p>\n\n\n\n<p><strong>Cavaill\u00e9 Fabienne, Cugola Umberto, 2011, \u00ab\u00a0Les soci\u00e9t\u00e9s rurales et le pluralisme juridique :&nbsp;la construction des droits fonciers en Nouvelle-Cal\u00e9donie\u00a0\u00bb<\/strong>, <a href=\"http:\/\/www.pur-editions.fr\/detail.php?idOuv=2660\" target=\"_blank\" rel=\"noreferrer noopener\">Chauvaud Fr\u00e9d\u00e9ric, Jean Yves&nbsp;et Willemez Laurent&nbsp;(dir.),&nbsp;<em>Justice et soci\u00e9t\u00e9s rurales<\/em>,&nbsp;Rennes, Presses universitaires de Rennes, p. 245-257.<\/a><\/p>\n\n\n\n<p><strong>Cavaill\u00e9 Fabienne, 2009, \u00ab\u00a0Quelle interdisciplinarit\u00e9 entre la g\u00e9ographie et le droit ? Vers une g\u00e9ographie juridique ?\u00a0\u00bb<\/strong>, <a href=\"https:\/\/www.pulaval.com\/produit\/geographie-du-droit-epistemologie-developpement-et-perspectives\" target=\"_blank\" rel=\"noreferrer noopener\">Forest Patrick (dir.),&nbsp;<em>G\u00e9ographie du droit. \u00c9pist\u00e9mologie, d\u00e9veloppement et perspectives<\/em>, Laval,&nbsp;Presses de l&rsquo;Universit\u00e9 de Laval, Qu\u00e9bec, p. 45-68.&nbsp;<\/a><\/p>\n\n\n\n<p><strong>Cavaill\u00e9 Fabienne, 2000, \u00ab\u00a0Le projet cosmopolitique de Kant : des citoyennet\u00e9s et des territorialit\u00e9s m\u00eal\u00e9es\u00a0\u00bb<\/strong>, <a href=\"https:\/\/blogs.univ-tlse2.fr\/apprendre-la-geographie\/files\/2018\/08\/Cavaille_2000_Le_projet_cosmopolitique_de_Kant.pdf\" target=\"_blank\" rel=\"noreferrer noopener\">in TIDE-CNRS, <em>Le monde et la centralit\u00e9<\/em>, Actes 2, gravure sur CD, p. 883-895.<\/a><\/p>\n\n\n\n<p><strong>Cavaill\u00e9 Fabienne, 1999, <em>L&rsquo;exp\u00e9rience de l&rsquo;expropriation<\/em><\/strong>, <a rel=\"noreferrer noopener\" href=\"https:\/\/catalogue.bnf.fr\/ark:\/12148\/cb370911012\" target=\"_blank\">Paris, ADEF, 222 p.<\/a><\/p>\n\n\n\n<p><strong>Cavaill\u00e9 Fabienne, 1997, \u00a0\u00bb \u00ab\u00a0<\/strong>, <em>EuroPolis, La Lettre<\/em>, n\u00b0 6, 1997, p. .<\/p>\n\n\n\n<p><\/p>\n\n\n\n<p><\/p>\n\n\n\n<p><\/p>\n","protected":false},"excerpt":{"rendered":"<p>Cavaill\u00e9 Fabienne, 2020, \u00ab\u00a0De l\u2019int\u00e9r\u00eat d\u2019une g\u00e9ographie du droit pour appr\u00e9hender les modes d\u2019habiter des enfants de parents s\u00e9par\u00e9s\u00a0\u00bb,&nbsp;Annales de g\u00e9ographie, vol. 733-734, no. 3-4, 2020, p. 179-204. Cavaill\u00e9 Fabienne, Cugola Umberto, 2011, \u00ab\u00a0Les&#46;&#46;&#46;<\/p>\n","protected":false},"author":203,"featured_media":0,"parent":0,"menu_order":0,"comment_status":"closed","ping_status":"closed","template":"","meta":{"footnotes":""},"class_list":["post-327","page","type-page","status-publish","hentry"],"_links":{"self":[{"href":"https:\/\/blogs.univ-tlse2.fr\/geographie-du-droit\/wp-json\/wp\/v2\/pages\/327","targetHints":{"allow":["GET"]}}],"collection":[{"href":"https:\/\/blogs.univ-tlse2.fr\/geographie-du-droit\/wp-json\/wp\/v2\/pages"}],"about":[{"href":"https:\/\/blogs.univ-tlse2.fr\/geographie-du-droit\/wp-json\/wp\/v2\/types\/page"}],"author":[{"embeddable":true,"href":"https:\/\/blogs.univ-tlse2.fr\/geographie-du-droit\/wp-json\/wp\/v2\/users\/203"}],"replies":[{"embeddable":true,"href":"https:\/\/blogs.univ-tlse2.fr\/geographie-du-droit\/wp-json\/wp\/v2\/comments?post=327"}],"version-history":[{"count":19,"href":"https:\/\/blogs.univ-tlse2.fr\/geographie-du-droit\/wp-json\/wp\/v2\/pages\/327\/revisions"}],"predecessor-version":[{"id":440,"href":"https:\/\/blogs.univ-tlse2.fr\/geographie-du-droit\/wp-json\/wp\/v2\/pages\/327\/revisions\/440"}],"wp:attachment":[{"href":"https:\/\/blogs.univ-tlse2.fr\/geographie-du-droit\/wp-json\/wp\/v2\/media?parent=327"}],"curies":[{"name":"wp","href":"https:\/\/api.w.org\/{rel}","templated":true}]}}